{"id":3493,"date":"2024-06-03T04:30:32","date_gmt":"2024-06-03T09:30:32","guid":{"rendered":"https:\/\/0barreras.com\/?post_type=product&#038;p=3493"},"modified":"2024-06-04T19:06:12","modified_gmt":"2024-06-05T00:06:12","slug":"dragon-naturallyspeaking-premium-version-15-0-no-retornable","status":"publish","type":"product","link":"https:\/\/0barreras.com\/en\/product\/dragon-naturallyspeaking-premium-version-15-0-no-retornable\/","title":{"rendered":"Maximiza tu Productividad con Dragon NaturallySpeaking 13.0 Premium: Dictado por Voz de Alta Precisi\u00f3n"},"content":{"rendered":"<p>Dragon NaturallySpeaking 13.0 Premium es la soluci\u00f3n definitiva para dictado por voz, que transforma la manera en que interact\u00faas con tu computadora. Simplemente habla de manera natural y las palabras aparecer\u00e1n en la pantalla, permiti\u00e9ndote crear y editar documentos, correos electr\u00f3nicos y mucho m\u00e1s sin necesidad de usar el teclado. Completamente integrado con WordPerfect y Word, los comandos de NaturallySpeaking se muestran directamente en la barra de men\u00fas, facilitando la correcci\u00f3n, revisi\u00f3n y edici\u00f3n de textos, as\u00ed como la navegaci\u00f3n entre aplicaciones usando solo tu voz.<\/p>\n<p><strong>Nuevas Caracter\u00edsticas de Dragon 13.0 Premium:<\/strong><\/p>\n<ol>\n<li><strong>Precisi\u00f3n Mejorada:<\/strong> La versi\u00f3n 13.0 ofrece una precisi\u00f3n significativamente mejorada, reduciendo los errores de reconocimiento hasta en un 15% comparado con la versi\u00f3n 10.<\/li>\n<li><strong>Configuraci\u00f3n Autom\u00e1tica:<\/strong> Detecta los recursos de hardware y ajusta autom\u00e1ticamente la configuraci\u00f3n recomendada para un rendimiento \u00f3ptimo.<\/li>\n<li><strong>Atajos de Voz de Dragon:<\/strong> Solo di lo que quieres hacer y Dragon lo hace, ofreciendo m\u00e1s atajos de voz para mayor eficiencia.<\/li>\n<li><strong>Comandos Personalizados:<\/strong> Dragon se adapta a tu manera de trabajar, permiti\u00e9ndote crear comandos personalizados.<\/li>\n<li><strong>Integraci\u00f3n con Grabadoras de Voz Digitales:<\/strong> Crear un perfil de usuario para una grabadora de voz digital nunca ha sido tan r\u00e1pido ni f\u00e1cil, y ahora acepta m\u00e1s formatos de archivos de audio.<\/li>\n<li><strong>Barra Lateral de Dragon:<\/strong> Descubre y accede a comandos y consejos de teclado de manera conveniente con la barra lateral, que se actualiza autom\u00e1ticamente seg\u00fan la ventana activa.<\/li>\n<\/ol>\n<p><strong>Requisitos del Sistema:<\/strong><\/p>\n<ul>\n<li><strong>CPU:<\/strong> Procesador Intel Pentium o AMD equivalente de 1 GHz como m\u00ednimo, o procesador Intel Atom de 1,66 GHz. Se recomienda un procesador Intel Dual Core de 1,8 GHz o un procesador AMD equivalente (se requiere el conjunto de instrucciones SSE2).<\/li>\n<li><strong>Cach\u00e9 del Procesador:<\/strong> M\u00ednimo 512 KB, se recomiendan 2 MB.<\/li>\n<li><strong>Espacio en Disco Duro:<\/strong> 2,5 GB de espacio libre (2,8 GB para versiones localizadas que no est\u00e9n en ingl\u00e9s).<\/li>\n<li><strong>Sistemas Operativos Compatibles:<\/strong> Windows 7 (32 y 64 bits), Windows Vista SP1 y SP2 (32 y 64 bits), Windows XP SP2 y SP3 (solo 32 bits), Windows Server 2003 y 2008 SP1, SP2 y R2 (32 y 64 bits).<\/li>\n<li><strong>Memoria RAM:<\/strong> M\u00ednimo 1 GB para Windows XP y Vista, y 2 GB para Windows 7 y Server 2003\/2008. Se recomiendan 2 GB para Windows XP y Vista, y 4 GB para Windows 7 y Server 2003\/2008 de 64 bits.<\/li>\n<li><strong>Navegador:<\/strong> Microsoft Internet Explorer 6 o superior.<\/li>\n<li><strong>Tarjeta de Sonido:<\/strong> Creative Labs Sound Blaster 16 o equivalente compatible con grabaci\u00f3n de 16 bits.<\/li>\n<li><strong>Unidad de DVD-ROM:<\/strong> Requerida para la instalaci\u00f3n.<\/li>\n<li><strong>Micr\u00f3fono de Diadema:<\/strong> Incluido en la compra, con cancelaci\u00f3n de ruido aprobado por Nuance (consulta m\u00e1s detalles en support.nuance.com\/compatibility\/).<\/li>\n<\/ul>\n<p>Nota: Se requiere una conexi\u00f3n a Internet para la activaci\u00f3n del producto (un proceso r\u00e1pido y an\u00f3nimo). Esta edici\u00f3n no admite dictado directo en sistemas de registros m\u00e9dicos electr\u00f3nicos (EMR), para lo cual se recomienda Dragon Medical Edition. No es compatible con Windows Vista.<\/p>\n<p><strong>Beneficios y Ventajas:<\/strong><\/p>\n<ol>\n<li><strong>Eficiencia y Productividad:<\/strong> Dicta, edita y navega por tu computadora usando solo tu voz, aumentando tu productividad y eficiencia.<\/li>\n<li><strong>Integraci\u00f3n Completa:<\/strong> Totalmente integrado con aplicaciones populares como WordPerfect y Word, facilitando el uso de comandos de voz.<\/li>\n<li><strong>Adaptabilidad y Personalizaci\u00f3n:<\/strong> Configuraci\u00f3n autom\u00e1tica seg\u00fan tu hardware y la posibilidad de crear comandos personalizados para adaptarse a tus necesidades.<\/li>\n<li><strong>Facilidad de Uso:<\/strong> La barra lateral de Dragon y las instrucciones guiadas por voz hacen que el uso sea intuitivo y sencillo.<\/li>\n<li><strong>Acceso R\u00e1pido a Comandos:<\/strong> Los atajos de voz y comandos personalizados te permiten realizar tareas r\u00e1pidamente y sin esfuerzo.<\/li>\n<\/ol>\n<p>Dragon NaturallySpeaking 13.0 Premium ofrece una experiencia de dictado por voz superior, que se distingue por su precisi\u00f3n, facilidad de uso y adaptabilidad, convirti\u00e9ndolo en una herramienta esencial para profesionales y usuarios que buscan maximizar su eficiencia y productividad.<\/p>","protected":false},"excerpt":{"rendered":"<p>Dragon NaturallySpeaking 13.0 Premium es un avanzado software de dictado por voz que permite crear y editar documentos simplemente hablando a tu computadora. Con integraci\u00f3n completa con WordPerfect y Word, comandos de voz personalizables, y una precisi\u00f3n mejorada en un 15%, este programa optimiza tu productividad. Compatible con diversos sistemas operativos y con caracter\u00edsticas innovadoras como la barra lateral de Dragon, es la herramienta ideal para transformar tu forma de trabajar.<\/p>","protected":false},"featured_media":3494,"comment_status":"open","ping_status":"closed","template":"","meta":[],"product_cat":[183,182],"product_tag":[],"class_list":["post-3493","product","type-product","status-publish","has-post-thumbnail","hentry","product_cat-software-asistente-de-lectura-guiado","product_cat-tecnologia-de-asistencia"],"_links":{"self":[{"href":"https:\/\/0barreras.com\/en\/wp-json\/wp\/v2\/product\/3493","targetHints":{"allow":["GET"]}}],"collection":[{"href":"https:\/\/0barreras.com\/en\/wp-json\/wp\/v2\/product"}],"about":[{"href":"https:\/\/0barreras.com\/en\/wp-json\/wp\/v2\/types\/product"}],"replies":[{"embeddable":true,"href":"https:\/\/0barreras.com\/en\/wp-json\/wp\/v2\/comments?post=3493"}],"version-history":[{"count":1,"href":"https:\/\/0barreras.com\/en\/wp-json\/wp\/v2\/product\/3493\/revisions"}],"predecessor-version":[{"id":3575,"href":"https:\/\/0barreras.com\/en\/wp-json\/wp\/v2\/product\/3493\/revisions\/3575"}],"wp:featuredmedia":[{"embeddable":true,"href":"https:\/\/0barreras.com\/en\/wp-json\/wp\/v2\/media\/3494"}],"wp:attachment":[{"href":"https:\/\/0barreras.com\/en\/wp-json\/wp\/v2\/media?parent=3493"}],"wp:term":[{"taxonomy":"product_cat","embeddable":true,"href":"https:\/\/0barreras.com\/en\/wp-json\/wp\/v2\/product_cat?post=3493"},{"taxonomy":"product_tag","embeddable":true,"href":"https:\/\/0barreras.com\/en\/wp-json\/wp\/v2\/product_tag?post=3493"}],"curies":[{"name":"wp","href":"https:\/\/api.w.org\/{rel}","templated":true}]}}