{"id":3459,"date":"2024-05-27T14:06:43","date_gmt":"2024-05-27T19:06:43","guid":{"rendered":"https:\/\/0barreras.com\/?post_type=product&#038;p=3459"},"modified":"2024-06-18T04:10:39","modified_gmt":"2024-06-18T09:10:39","slug":"pasos-de-la-terapia","status":"publish","type":"product","link":"https:\/\/0barreras.com\/en\/product\/pasos-de-la-terapia\/","title":{"rendered":"Sistema de Escalones de Terapia: Equilibrio y Fortalecimiento Muscular Garantizados"},"content":{"rendered":"<p>Los escalones de terapia est\u00e1n dise\u00f1ados para mejorar el equilibrio y fortalecer los m\u00fasculos. Fabricados con madera contrachapada y acabado lacado, cada escal\u00f3n est\u00e1 cubierto con una alfombra apta para los pies, proporcionando tracci\u00f3n y comodidad. El sistema incluye 4 escalones con alturas graduadas de 2&#8243;, 4&#8243;, 6&#8243; y 8&#8243;, ideales para el reentrenamiento del equilibrio y la respuesta muscular. Con una capacidad de peso de 400 lbs, estos escalones son una herramienta vers\u00e1til para terapia y rehabilitaci\u00f3n.<\/p>","protected":false},"excerpt":{"rendered":"<p>Escalones de terapia graduados para mejorar el equilibrio y fortalecer los m\u00fasculos. Fabricados con madera contrachapada y cubiertos con una alfombra antideslizante, estos escalones ofrecen alturas de 2&#8243;, 4&#8243;, 6&#8243; y 8&#8243; para adaptarse a diferentes niveles de habilidad. Ideal para terapia y rehabilitaci\u00f3n con una capacidad de peso de 400 lbs.<\/p>","protected":false},"featured_media":3460,"comment_status":"open","ping_status":"closed","template":"","meta":[],"product_cat":[181,245,230,179],"product_tag":[],"class_list":["post-3459","product","type-product","status-publish","has-post-thumbnail","hentry","product_cat-accesorios-de-cama","product_cat-accesorios-para-la-cama-y-soporte-para-la-espalda-cuidado-de-la-salud","product_cat-cuidado-de-la-salud","product_cat-equipos-medicos"],"_links":{"self":[{"href":"https:\/\/0barreras.com\/en\/wp-json\/wp\/v2\/product\/3459","targetHints":{"allow":["GET"]}}],"collection":[{"href":"https:\/\/0barreras.com\/en\/wp-json\/wp\/v2\/product"}],"about":[{"href":"https:\/\/0barreras.com\/en\/wp-json\/wp\/v2\/types\/product"}],"replies":[{"embeddable":true,"href":"https:\/\/0barreras.com\/en\/wp-json\/wp\/v2\/comments?post=3459"}],"version-history":[{"count":1,"href":"https:\/\/0barreras.com\/en\/wp-json\/wp\/v2\/product\/3459\/revisions"}],"predecessor-version":[{"id":3485,"href":"https:\/\/0barreras.com\/en\/wp-json\/wp\/v2\/product\/3459\/revisions\/3485"}],"wp:featuredmedia":[{"embeddable":true,"href":"https:\/\/0barreras.com\/en\/wp-json\/wp\/v2\/media\/3460"}],"wp:attachment":[{"href":"https:\/\/0barreras.com\/en\/wp-json\/wp\/v2\/media?parent=3459"}],"wp:term":[{"taxonomy":"product_cat","embeddable":true,"href":"https:\/\/0barreras.com\/en\/wp-json\/wp\/v2\/product_cat?post=3459"},{"taxonomy":"product_tag","embeddable":true,"href":"https:\/\/0barreras.com\/en\/wp-json\/wp\/v2\/product_tag?post=3459"}],"curies":[{"name":"wp","href":"https:\/\/api.w.org\/{rel}","templated":true}]}}