{"id":3455,"date":"2024-05-27T14:03:49","date_gmt":"2024-05-27T19:03:49","guid":{"rendered":"https:\/\/0barreras.com\/?post_type=product&#038;p=3455"},"modified":"2024-06-18T04:10:39","modified_gmt":"2024-06-18T09:10:39","slug":"safetysure-cama-pull-up","status":"publish","type":"product","link":"https:\/\/0barreras.com\/en\/product\/safetysure-cama-pull-up\/","title":{"rendered":"SafetySure Bed Pull-Up: Soluci\u00f3n Confiable para Levantarse en la Cama con Facilidad y Comodidad"},"content":{"rendered":"<p>El SafetySure Bed Pull-Up es una herramienta indispensable para personas que necesitan ayuda para levantarse de la cama. Fabricado con correas de algod\u00f3n duraderas, este dispositivo se adhiere f\u00e1cilmente a la parte inferior del marco de la cama, proporcionando una soluci\u00f3n segura y fiable. Con ocho asas igualmente espaciadas y acolchadas para mayor comodidad, permite que el usuario se eleve a su propio ritmo, brindando m\u00faltiples puntos de palanca.<\/p>\n<p>Adem\u00e1s de facilitar el levantamiento en la cama, el Bed Pull-Up se puede utilizar en conjunto con el asa de transferencia (art\u00edculo 2025) para hacer que entrar y salir de la cama sea a\u00fan m\u00e1s sencillo y seguro. Tambi\u00e9n es una excelente herramienta para fortalecer los m\u00fasculos de la parte superior del cuerpo, ofreciendo una soluci\u00f3n pr\u00e1ctica y eficiente para mejorar la independencia del usuario. Lavable a m\u00e1quina para una f\u00e1cil limpieza, el SafetySure Bed Pull-Up est\u00e1 hecho en los EE. UU., garantizando calidad y durabilidad.<\/p>\n<p><strong>Caracter\u00edsticas del Producto:<\/strong><\/p>\n<ul>\n<li>Facilita el levantamiento en la cama<\/li>\n<li>Ocho empu\u00f1aduras acolchadas que proporcionan m\u00faltiples puntos de palanca<\/li>\n<li>Construcci\u00f3n de algod\u00f3n duradera<\/li>\n<li>Lavable a m\u00e1quina<\/li>\n<li>Hecho en los EE. UU.<\/li>\n<li>Puede utilizarse junto con el asa de transferencia (art\u00edculo 2025)\n<ul>\n<li style=\"list-style-type: none\">\n<ul>\n<li>Ideal para fortalecer los m\u00fasculos de la parte superior del cuerpo<\/li>\n<\/ul>\n<\/li>\n<\/ul>\n<\/li>\n<\/ul>","protected":false},"excerpt":{"rendered":"<p>El SafetySure Bed Pull-Up facilita levantarse en la cama con ocho empu\u00f1aduras acolchadas y duraderas correas de algod\u00f3n. Lavable a m\u00e1quina y hecho en los EE. UU., mejora la independencia y seguridad del usuario.<\/p>","protected":false},"featured_media":3456,"comment_status":"open","ping_status":"closed","template":"","meta":[],"product_cat":[181,245,230,179],"product_tag":[],"class_list":["post-3455","product","type-product","status-publish","has-post-thumbnail","hentry","product_cat-accesorios-de-cama","product_cat-accesorios-para-la-cama-y-soporte-para-la-espalda-cuidado-de-la-salud","product_cat-cuidado-de-la-salud","product_cat-equipos-medicos"],"_links":{"self":[{"href":"https:\/\/0barreras.com\/en\/wp-json\/wp\/v2\/product\/3455","targetHints":{"allow":["GET"]}}],"collection":[{"href":"https:\/\/0barreras.com\/en\/wp-json\/wp\/v2\/product"}],"about":[{"href":"https:\/\/0barreras.com\/en\/wp-json\/wp\/v2\/types\/product"}],"replies":[{"embeddable":true,"href":"https:\/\/0barreras.com\/en\/wp-json\/wp\/v2\/comments?post=3455"}],"version-history":[{"count":1,"href":"https:\/\/0barreras.com\/en\/wp-json\/wp\/v2\/product\/3455\/revisions"}],"predecessor-version":[{"id":3483,"href":"https:\/\/0barreras.com\/en\/wp-json\/wp\/v2\/product\/3455\/revisions\/3483"}],"wp:featuredmedia":[{"embeddable":true,"href":"https:\/\/0barreras.com\/en\/wp-json\/wp\/v2\/media\/3456"}],"wp:attachment":[{"href":"https:\/\/0barreras.com\/en\/wp-json\/wp\/v2\/media?parent=3455"}],"wp:term":[{"taxonomy":"product_cat","embeddable":true,"href":"https:\/\/0barreras.com\/en\/wp-json\/wp\/v2\/product_cat?post=3455"},{"taxonomy":"product_tag","embeddable":true,"href":"https:\/\/0barreras.com\/en\/wp-json\/wp\/v2\/product_tag?post=3455"}],"curies":[{"name":"wp","href":"https:\/\/api.w.org\/{rel}","templated":true}]}}