{"id":3453,"date":"2024-05-27T14:02:42","date_gmt":"2024-05-27T19:02:42","guid":{"rendered":"https:\/\/0barreras.com\/?post_type=product&#038;p=3453"},"modified":"2024-06-18T04:10:39","modified_gmt":"2024-06-18T09:10:39","slug":"safetysure-leg-up","status":"publish","type":"product","link":"https:\/\/0barreras.com\/en\/product\/safetysure-leg-up\/","title":{"rendered":"SafetySure Leg Up: Ayuda Ideal para Levantar las Piernas con Comodidad y Seguridad"},"content":{"rendered":"<p>El SafetySure Leg Up es una soluci\u00f3n ideal para las personas con dificultades para levantar sus piernas dentro y fuera de la cama. Este dispositivo tambi\u00e9n es perfecto para colocar la pierna en el reposapi\u00e9s de una silla de ruedas. Con una longitud de 107 cm (42 pulgadas), el Leg Up est\u00e1 fabricado con correas de nailon resistentes y duraderas. Su parte central cuenta con un inserto de aluminio que mantiene el dispositivo estable, facilitando la colocaci\u00f3n del lazo final sobre el pie y proporcionando un apalancamiento adicional para levantar la pierna.<\/p>\n<p>El dise\u00f1o del lazo para el pie del Leg Up es seguro y c\u00f3modo. Permanece abierto sin necesidad de un inserto de metal, lo que evita cualquier posible lesi\u00f3n en el empeine del pie. Adem\u00e1s, la parte inferior del lazo est\u00e1 cubierta con una tela de nailon suave, lo que hace m\u00e1s f\u00e1cil y c\u00f3moda la colocaci\u00f3n del lazo sobre el pie. Este producto es especialmente \u00fatil para personas con movilidad limitada en las piernas, brind\u00e1ndoles una mayor independencia y facilidad en sus actividades diarias.<\/p>\n<p><strong>Caracter\u00edsticas del Producto:<\/strong><\/p>\n<ul>\n<li>Facilita el levantamiento de las piernas dentro y fuera de la cama<\/li>\n<li>Ideal para colocar la pierna en el reposapi\u00e9s de una silla de ruedas<\/li>\n<li>Longitud de 107 cm (42 pulgadas)<\/li>\n<li>Fabricado con correas de nailon resistentes<\/li>\n<li>Inserto de aluminio en la parte central para mayor estabilidad y apalancamiento<\/li>\n<li>Lazo para el pie que permanece abierto sin inserto de metal\n<ul>\n<li style=\"list-style-type: none\">\n<ul>\n<li style=\"list-style-type: none\">\n<ul>\n<li style=\"list-style-type: none\">\n<ul>\n<li>Tela de nailon suave en la parte inferior del lazo para mayor comodidad<\/li>\n<\/ul>\n<\/li>\n<\/ul>\n<\/li>\n<\/ul>\n<\/li>\n<\/ul>\n<\/li>\n<\/ul>","protected":false},"excerpt":{"rendered":"<p>El SafetySure Leg Up facilita levantar las piernas dentro y fuera de la cama y colocar la pierna en el reposapi\u00e9s de una silla de ruedas. Con un inserto de aluminio para estabilidad y un lazo c\u00f3modo para el pie<\/p>","protected":false},"featured_media":3454,"comment_status":"open","ping_status":"closed","template":"","meta":[],"product_cat":[181,245,230,179],"product_tag":[],"class_list":["post-3453","product","type-product","status-publish","has-post-thumbnail","hentry","product_cat-accesorios-de-cama","product_cat-accesorios-para-la-cama-y-soporte-para-la-espalda-cuidado-de-la-salud","product_cat-cuidado-de-la-salud","product_cat-equipos-medicos"],"_links":{"self":[{"href":"https:\/\/0barreras.com\/en\/wp-json\/wp\/v2\/product\/3453","targetHints":{"allow":["GET"]}}],"collection":[{"href":"https:\/\/0barreras.com\/en\/wp-json\/wp\/v2\/product"}],"about":[{"href":"https:\/\/0barreras.com\/en\/wp-json\/wp\/v2\/types\/product"}],"replies":[{"embeddable":true,"href":"https:\/\/0barreras.com\/en\/wp-json\/wp\/v2\/comments?post=3453"}],"version-history":[{"count":1,"href":"https:\/\/0barreras.com\/en\/wp-json\/wp\/v2\/product\/3453\/revisions"}],"predecessor-version":[{"id":3482,"href":"https:\/\/0barreras.com\/en\/wp-json\/wp\/v2\/product\/3453\/revisions\/3482"}],"wp:featuredmedia":[{"embeddable":true,"href":"https:\/\/0barreras.com\/en\/wp-json\/wp\/v2\/media\/3454"}],"wp:attachment":[{"href":"https:\/\/0barreras.com\/en\/wp-json\/wp\/v2\/media?parent=3453"}],"wp:term":[{"taxonomy":"product_cat","embeddable":true,"href":"https:\/\/0barreras.com\/en\/wp-json\/wp\/v2\/product_cat?post=3453"},{"taxonomy":"product_tag","embeddable":true,"href":"https:\/\/0barreras.com\/en\/wp-json\/wp\/v2\/product_tag?post=3453"}],"curies":[{"name":"wp","href":"https:\/\/api.w.org\/{rel}","templated":true}]}}