{"id":3447,"date":"2024-05-27T13:53:41","date_gmt":"2024-05-27T18:53:41","guid":{"rendered":"https:\/\/0barreras.com\/?post_type=product&#038;p=3447"},"modified":"2024-06-18T04:04:22","modified_gmt":"2024-06-18T09:04:22","slug":"asiento-de-inodoro-elevado-2-con-tapa","status":"publish","type":"product","link":"https:\/\/0barreras.com\/en\/product\/asiento-de-inodoro-elevado-2-con-tapa\/","title":{"rendered":"Asiento de Inodoro Elevado a 5 Cm. &#8211; Mayor Comodidad y Accesibilidad"},"content":{"rendered":"<p>Facilite el uso del ba\u00f1o con este asiento de inodoro elevado con tapa, dise\u00f1ado para ayudar a las personas a subir y bajar del inodoro con mayor facilidad. Este asiento eleva la altura del inodoro en 5 cm, proporcionando una soluci\u00f3n pr\u00e1ctica para personas con movilidad reducida. Las abrazaderas ajustables de giro y bloqueo aseguran firmemente el asiento al inodoro existente, eliminando la necesidad de herramientas para la instalaci\u00f3n.<\/p>\n<p>Este asiento de inodoro cuenta con una superficie f\u00e1cil de limpiar y pr\u00e1cticos recortes higi\u00e9nicos delanteros y traseros, mejorando la comodidad y facilitando la higiene. Fabricado para ser ligero y duradero, soporta un peso de hasta 135,9 kg.<\/p>\n<p><strong>Especificaciones del Producto:<\/strong><\/p>\n<ul>\n<li>Altura del asiento: 5 cm<\/li>\n<li>Ancho del asiento: 35,6 cm<\/li>\n<li>Profundidad del asiento: 40,6 cm<\/li>\n<li>Peso del producto: 1,4 kg<\/li>\n<li>Capacidad de peso: 135,9 kg<\/li>\n<\/ul>\n<p><strong>Caracter\u00edsticas del Producto:<\/strong><\/p>\n<ul>\n<li>Eleva la altura del inodoro en 5 cm para facilitar el uso\n<ul>\n<li style=\"list-style-type: none\">\n<ul>\n<li>Abrazaderas ajustables de giro y bloqueo para una instalaci\u00f3n segura sin herramientas<\/li>\n<li>Superficie f\u00e1cil de limpiar con recortes higi\u00e9nicos delanter<\/li>\n<\/ul>\n<\/li>\n<\/ul>\n<\/li>\n<\/ul>","protected":false},"excerpt":{"rendered":"<p>Este asiento de inodoro elevado de 5 cm con tapa mejora la accesibilidad, facilitando que las personas con movilidad reducida suban y bajen del inodoro. Con abrazaderas ajustables y sin necesidad de herramientas para su instalaci\u00f3n, es f\u00e1cil de usar y limpiar. Soporta hasta 135,9 kg y es compatible con asientos de inodoro redondos.<\/p>","protected":false},"featured_media":3446,"comment_status":"open","ping_status":"closed","template":"","meta":[],"product_cat":[180,243,230,179],"product_tag":[],"class_list":["post-3447","product","type-product","status-publish","has-post-thumbnail","hentry","product_cat-accesorios-de-bano","product_cat-ayudas-para-el-bano","product_cat-cuidado-de-la-salud","product_cat-equipos-medicos"],"_links":{"self":[{"href":"https:\/\/0barreras.com\/en\/wp-json\/wp\/v2\/product\/3447","targetHints":{"allow":["GET"]}}],"collection":[{"href":"https:\/\/0barreras.com\/en\/wp-json\/wp\/v2\/product"}],"about":[{"href":"https:\/\/0barreras.com\/en\/wp-json\/wp\/v2\/types\/product"}],"replies":[{"embeddable":true,"href":"https:\/\/0barreras.com\/en\/wp-json\/wp\/v2\/comments?post=3447"}],"version-history":[{"count":1,"href":"https:\/\/0barreras.com\/en\/wp-json\/wp\/v2\/product\/3447\/revisions"}],"predecessor-version":[{"id":3479,"href":"https:\/\/0barreras.com\/en\/wp-json\/wp\/v2\/product\/3447\/revisions\/3479"}],"wp:featuredmedia":[{"embeddable":true,"href":"https:\/\/0barreras.com\/en\/wp-json\/wp\/v2\/media\/3446"}],"wp:attachment":[{"href":"https:\/\/0barreras.com\/en\/wp-json\/wp\/v2\/media?parent=3447"}],"wp:term":[{"taxonomy":"product_cat","embeddable":true,"href":"https:\/\/0barreras.com\/en\/wp-json\/wp\/v2\/product_cat?post=3447"},{"taxonomy":"product_tag","embeddable":true,"href":"https:\/\/0barreras.com\/en\/wp-json\/wp\/v2\/product_tag?post=3447"}],"curies":[{"name":"wp","href":"https:\/\/api.w.org\/{rel}","templated":true}]}}