{"id":3430,"date":"2024-05-27T13:31:49","date_gmt":"2024-05-27T18:31:49","guid":{"rendered":"https:\/\/0barreras.com\/?post_type=product&#038;p=3430"},"modified":"2024-06-18T04:10:39","modified_gmt":"2024-06-18T09:10:39","slug":"cinta-de-transferencia-safetysure-estandar-pequena","status":"publish","type":"product","link":"https:\/\/0barreras.com\/en\/product\/cinta-de-transferencia-safetysure-estandar-pequena\/","title":{"rendered":"Banda de Transferencia SafetySure &#8211; Standar y Peque\u00f1a: Seguridad y Versatilidad para Movimientos Confiables"},"content":{"rendered":"<div class=\"productView thumbnail-unclicked\" data-event-type=\"product\" data-entity-id=\"1810\" data-name=\"Liberty Lift Assist\" data-product-category=\"New Products, Mobility\/Support &amp; Transfer Aids, Durable Medical Equipment\/Walkers and Canes\" data-product-brand=\"\" data-product-price=\"22.95\" data-product-variant=\"single-product-option\">\n<article class=\"productView-description\">\n<div class=\"tabs-contents\">\n<p>La banda de transferencia SafetySure (SSTB) tiene caracter\u00edsticas que ninguna otra banda de transferencia ofrece. Numerosas empu\u00f1aduras proporcionan al cuidador una variedad de puntos de apalancamiento. El interior antideslizante evita que la correa se mueva durante el proceso de transferencia. Adem\u00e1s, la hebilla de &#8220;bloqueo fijo&#8221; f\u00e1cil de abrochar permite al cuidador apretar el SSTB una vez que la persona est\u00e1 de pie, sin tener que abrir el cintur\u00f3n. El SSTB est\u00e1 disponible en tres tama\u00f1os: peque\u00f1o, mediano y grande.<br role=\"presentation\" data-uw-rm-sr=\"\" \/><br role=\"presentation\" data-uw-rm-sr=\"\" \/>El cintur\u00f3n de transferencia SafetySure se utiliza para:<br role=\"presentation\" data-uw-rm-sr=\"\" \/><br role=\"presentation\" data-uw-rm-sr=\"\" \/>Ayudar a una persona a ponerse de pie o sentarse<br role=\"presentation\" data-uw-rm-sr=\"\" \/>Ayudar a una persona a levantarse del suelo<br role=\"presentation\" data-uw-rm-sr=\"\" \/>Realizar transferencias de cama y silla de ruedas o silla de ruedas y ba\u00f1o o autom\u00f3vil<br role=\"presentation\" data-uw-rm-sr=\"\" \/>Brindar apoyo mientras camina<br role=\"presentation\" data-uw-rm-sr=\"\" \/>Proteger a las personas que son inestables cuando est\u00e1n de pie<br role=\"presentation\" data-uw-rm-sr=\"\" \/>Ayudar a las personas a maniobrar cuando usan el ba\u00f1o<\/p>\n<p>Especificaciones de tama\u00f1o peque\u00f1o:<\/p>\n<p>La Banda de Transferencia SafetySure (SSTB) es una herramienta esencial dise\u00f1ada para proporcionar un soporte seguro y eficiente durante las transferencias y movimientos de personas con necesidades especiales. Esta banda ofrece caracter\u00edsticas \u00fanicas que la distinguen de otras bandas de transferencia en el mercado. Numerosas empu\u00f1aduras distribuidas a lo largo de la banda permiten al cuidador tener una variedad de puntos de apalancamiento, lo que facilita el manejo y control durante las transferencias.<\/p>\n<p>El interior antideslizante de la banda asegura que no se mueva durante el uso, proporcionando estabilidad adicional y mayor seguridad para el usuario. La hebilla de &#8220;bloqueo fijo&#8221; es f\u00e1cil de abrochar y permite al cuidador ajustar la banda una vez que la persona est\u00e1 de pie, sin necesidad de abrirla nuevamente, garantizando un ajuste firme y seguro.<\/p>\n<p>El SSTB es extremadamente vers\u00e1til y puede ser utilizado para una amplia gama de funciones, tales como ayudar a una persona a ponerse de pie o sentarse, levantarse del suelo, realizar transferencias entre la cama y la silla de ruedas, proporcionar apoyo mientras camina, proteger a personas inestables al estar de pie y facilitar maniobras en el ba\u00f1o.<\/p>\n<p>Disponible en tres tama\u00f1os, la especificaci\u00f3n de tama\u00f1o peque\u00f1o del SSTB tiene un ancho de 10.16 cm, una longitud de 91.44 cm y un espesor de 0.95 cm. Se adapta a cinturas de 58.42 cm a 91.44 cm, haciendo que sea adecuado para una variedad de usuarios. Con cinco empu\u00f1aduras y una capacidad de peso de hasta 136 kg, esta banda de transferencia es robusta, fiable y dise\u00f1ada para un uso intensivo.<\/p>\n<p>Fabricada con materiales de alta calidad, la SSTB garantiza durabilidad y resistencia, proporcionando al cuidador y al usuario la confianza necesaria para realizar transferencias y movimientos con facilidad y seguridad.<\/p>\n<\/div>\n<\/article>\n<\/div>","protected":false},"excerpt":{"rendered":"<p>La Banda de Transferencia SafetySure (SSTB) facilita transferencias seguras con sus numerosas empu\u00f1aduras y un interior antideslizante. Con una hebilla de &#8220;bloqueo fijo&#8221; y disponible en tama\u00f1o peque\u00f1o (10.16 cm x 91.44 cm), se adapta a cinturas de 58.42 cm a 91.44 cm y soporta hasta 136 kg, proporcionando seguridad y versatilidad.<\/p>","protected":false},"featured_media":3428,"comment_status":"open","ping_status":"closed","template":"","meta":[],"product_cat":[181,245,178,230,179,166],"product_tag":[],"class_list":["post-3430","product","type-product","status-publish","has-post-thumbnail","hentry","product_cat-accesorios-de-cama","product_cat-accesorios-para-la-cama-y-soporte-para-la-espalda-cuidado-de-la-salud","product_cat-ayudas-de-apoyo-y-transferencia","product_cat-cuidado-de-la-salud","product_cat-equipos-medicos","product_cat-movilidad"],"_links":{"self":[{"href":"https:\/\/0barreras.com\/en\/wp-json\/wp\/v2\/product\/3430","targetHints":{"allow":["GET"]}}],"collection":[{"href":"https:\/\/0barreras.com\/en\/wp-json\/wp\/v2\/product"}],"about":[{"href":"https:\/\/0barreras.com\/en\/wp-json\/wp\/v2\/types\/product"}],"replies":[{"embeddable":true,"href":"https:\/\/0barreras.com\/en\/wp-json\/wp\/v2\/comments?post=3430"}],"version-history":[{"count":1,"href":"https:\/\/0barreras.com\/en\/wp-json\/wp\/v2\/product\/3430\/revisions"}],"predecessor-version":[{"id":3470,"href":"https:\/\/0barreras.com\/en\/wp-json\/wp\/v2\/product\/3430\/revisions\/3470"}],"wp:featuredmedia":[{"embeddable":true,"href":"https:\/\/0barreras.com\/en\/wp-json\/wp\/v2\/media\/3428"}],"wp:attachment":[{"href":"https:\/\/0barreras.com\/en\/wp-json\/wp\/v2\/media?parent=3430"}],"wp:term":[{"taxonomy":"product_cat","embeddable":true,"href":"https:\/\/0barreras.com\/en\/wp-json\/wp\/v2\/product_cat?post=3430"},{"taxonomy":"product_tag","embeddable":true,"href":"https:\/\/0barreras.com\/en\/wp-json\/wp\/v2\/product_tag?post=3430"}],"curies":[{"name":"wp","href":"https:\/\/api.w.org\/{rel}","templated":true}]}}