{"id":3424,"date":"2024-05-27T13:26:08","date_gmt":"2024-05-27T18:26:08","guid":{"rendered":"https:\/\/0barreras.com\/?post_type=product&#038;p=3424"},"modified":"2024-06-18T04:10:40","modified_gmt":"2024-06-18T09:10:40","slug":"carril-de-soporte-multifuncion","status":"publish","type":"product","link":"https:\/\/0barreras.com\/en\/product\/carril-de-soporte-multifuncion\/","title":{"rendered":"Barandilla de Soporte Independiente: Seguridad y Comodidad en Cada Movimiento"},"content":{"rendered":"<p>La Barandilla de Soporte Independiente es una soluci\u00f3n ideal para ayudar a las personas a levantarse de la cama o del sof\u00e1 de manera segura y c\u00f3moda. Este dispositivo est\u00e1 dise\u00f1ado con tres niveles de agarres, permitiendo al usuario tener m\u00faltiples puntos de palanca para ambas manos, facilitando el levantamiento desde diferentes ubicaciones y alturas.<\/p>\n<p>Fabricada con una estructura de acero revestida resistente, esta barandilla ofrece durabilidad y estabilidad excepcionales. El montaje es r\u00e1pido y sencillo, utilizando la herramienta suministrada, lo que permite una instalaci\u00f3n sin complicaciones. La base de soporte es ancha, antideslizante y no da\u00f1a las superficies, asegurando una base firme y segura para el usuario.<\/p>\n<p>La barandilla mide 38.1 cm de largo por 50.8 cm de ancho en la base, proporcionando una amplia \u00e1rea de apoyo, y la empu\u00f1adura tiene una altura de 81.28 cm, ofreciendo un alcance c\u00f3modo para el usuario. A pesar de su estructura robusta, la barandilla pesa solo 1.8 kg, lo que facilita su manejo y reubicaci\u00f3n seg\u00fan sea necesario.<\/p>\n<p>Adem\u00e1s, incluye una pr\u00e1ctica bolsa de almacenamiento extra\u00edble, ideal para guardar art\u00edculos esenciales como anteojos, pa\u00f1uelos desechables o un tel\u00e9fono, manteniendo estos objetos al alcance de la mano.<\/p>\n<p>Con una capacidad de peso de hasta 113.4 kg, esta barandilla es adecuada para una amplia gama de usuarios, brindando seguridad y apoyo adicional en su vida diaria. La Barandilla de Soporte Independiente es una herramienta imprescindible para mejorar la independencia y la comodidad en el hogar.<\/p>","protected":false},"excerpt":{"rendered":"<p>La Barandilla de Soporte Independiente ayuda a levantarse de la cama o el sof\u00e1 con tres niveles de agarres, una base antideslizante de 38.1 x 50.8 cm y una empu\u00f1adura de 81.28 cm de alto. Con capacidad para 113.4 kg y una pr\u00e1ctica bolsa de almacenamiento, ofrece estabilidad, seguridad y comodidad.<\/p>","protected":false},"featured_media":3425,"comment_status":"open","ping_status":"closed","template":"","meta":[],"product_cat":[181,245,178,230,179,166],"product_tag":[],"class_list":["post-3424","product","type-product","status-publish","has-post-thumbnail","hentry","product_cat-accesorios-de-cama","product_cat-accesorios-para-la-cama-y-soporte-para-la-espalda-cuidado-de-la-salud","product_cat-ayudas-de-apoyo-y-transferencia","product_cat-cuidado-de-la-salud","product_cat-equipos-medicos","product_cat-movilidad"],"_links":{"self":[{"href":"https:\/\/0barreras.com\/en\/wp-json\/wp\/v2\/product\/3424","targetHints":{"allow":["GET"]}}],"collection":[{"href":"https:\/\/0barreras.com\/en\/wp-json\/wp\/v2\/product"}],"about":[{"href":"https:\/\/0barreras.com\/en\/wp-json\/wp\/v2\/types\/product"}],"replies":[{"embeddable":true,"href":"https:\/\/0barreras.com\/en\/wp-json\/wp\/v2\/comments?post=3424"}],"version-history":[{"count":1,"href":"https:\/\/0barreras.com\/en\/wp-json\/wp\/v2\/product\/3424\/revisions"}],"predecessor-version":[{"id":3466,"href":"https:\/\/0barreras.com\/en\/wp-json\/wp\/v2\/product\/3424\/revisions\/3466"}],"wp:featuredmedia":[{"embeddable":true,"href":"https:\/\/0barreras.com\/en\/wp-json\/wp\/v2\/media\/3425"}],"wp:attachment":[{"href":"https:\/\/0barreras.com\/en\/wp-json\/wp\/v2\/media?parent=3424"}],"wp:term":[{"taxonomy":"product_cat","embeddable":true,"href":"https:\/\/0barreras.com\/en\/wp-json\/wp\/v2\/product_cat?post=3424"},{"taxonomy":"product_tag","embeddable":true,"href":"https:\/\/0barreras.com\/en\/wp-json\/wp\/v2\/product_tag?post=3424"}],"curies":[{"name":"wp","href":"https:\/\/api.w.org\/{rel}","templated":true}]}}