{"id":335,"date":"2024-01-21T15:23:25","date_gmt":"2024-01-21T20:23:25","guid":{"rendered":"https:\/\/0barreras.com\/?post_type=product&#038;p=335"},"modified":"2024-06-10T05:36:24","modified_gmt":"2024-06-10T10:36:24","slug":"calculadora-e-impresora-termica-victor-big-print-imprime-hasta-17-puntos","status":"publish","type":"product","link":"https:\/\/0barreras.com\/en\/product\/calculadora-e-impresora-termica-victor-big-print-imprime-hasta-17-puntos\/","title":{"rendered":"Calculadora e Impresora t\u00e9rmica Victor Big Print"},"content":{"rendered":"<p>La calculadora de escritorio de alta resistencia con letra grande es una herramienta confiable y robusta para usuarios con baja visi\u00f3n.<br \/>\nCon una pantalla de matriz de puntos retroiluminada de 2 colores y teclas grandes y contrastadas, esta calculadora ofrece una experiencia de c\u00e1lculo clara y precisa. La operaci\u00f3n de impresi\u00f3n normal de 12 d\u00edgitos y la impresora t\u00e9rmica r\u00e1pida y silenciosa que imprime 6,0 l\u00edneas por segundo garantizan resultados eficientes y legibles. El teclado trasero con escritura blanca es especialmente \u00fatil para personas con baja visi\u00f3n. Con funciones avanzadas como claves de coste-venta-margen, funci\u00f3n de hora y fecha, dos claves fiscales independientes, porcentaje delta, memoria independiente de 4 teclas, recuento de art\u00edculos, total general, tecla de retroceso, tecla de fecha\/no adici\u00f3n, selectores de redondeo y decimales, porcentaje y clave de cambio de signo, esta calculadora es una herramienta vers\u00e1til para diversas necesidades comerciales y personales. Alimentada por CA, mide 9.5 x 7.5 x 2.2 pulgadas y pesa 1.75 libras, lo<br \/>\nque la hace compacta y f\u00e1cil de transportar.<\/p>","protected":false},"excerpt":{"rendered":"<p>La calculadora de escritorio de alta resistencia con letra grande es una herramienta confiable y robusta para usuarios con baja visi\u00f3n.<br \/>\nCon una pantalla retroiluminada de matriz de puntos de 2 colores y teclas grandes y contrastadas, ofrece una experiencia de c\u00e1lculo clara y precisa. La impresora t\u00e9rmica r\u00e1pida y silenciosa imprime 6,0 l\u00edneas por segundo. Con funciones como claves de coste-venta-margen, funci\u00f3n de hora y fecha, dos claves fiscales independientes, porcentaje delta, memoria independiente de 4 teclas, recuento de art\u00edculos y total general, es ideal para diversas necesidades comerciales y personales. Alimentada por CA, es compacta y f\u00e1cil de transportar, con dimensiones de 9.5 x 7.5 x 2.2 pulgadas y un peso de 1.75 libras.<\/p>","protected":false},"featured_media":336,"comment_status":"open","ping_status":"closed","template":"","meta":[],"product_cat":[18,50,189,182],"product_tag":[],"class_list":["post-335","product","type-product","status-publish","has-post-thumbnail","hentry","product_cat-baja-vision","product_cat-calculadoras","product_cat-calculadoras-parlantes-de-baja-vision","product_cat-tecnologia-de-asistencia"],"_links":{"self":[{"href":"https:\/\/0barreras.com\/en\/wp-json\/wp\/v2\/product\/335","targetHints":{"allow":["GET"]}}],"collection":[{"href":"https:\/\/0barreras.com\/en\/wp-json\/wp\/v2\/product"}],"about":[{"href":"https:\/\/0barreras.com\/en\/wp-json\/wp\/v2\/types\/product"}],"replies":[{"embeddable":true,"href":"https:\/\/0barreras.com\/en\/wp-json\/wp\/v2\/comments?post=335"}],"version-history":[{"count":1,"href":"https:\/\/0barreras.com\/en\/wp-json\/wp\/v2\/product\/335\/revisions"}],"predecessor-version":[{"id":1131,"href":"https:\/\/0barreras.com\/en\/wp-json\/wp\/v2\/product\/335\/revisions\/1131"}],"wp:featuredmedia":[{"embeddable":true,"href":"https:\/\/0barreras.com\/en\/wp-json\/wp\/v2\/media\/336"}],"wp:attachment":[{"href":"https:\/\/0barreras.com\/en\/wp-json\/wp\/v2\/media?parent=335"}],"wp:term":[{"taxonomy":"product_cat","embeddable":true,"href":"https:\/\/0barreras.com\/en\/wp-json\/wp\/v2\/product_cat?post=335"},{"taxonomy":"product_tag","embeddable":true,"href":"https:\/\/0barreras.com\/en\/wp-json\/wp\/v2\/product_tag?post=335"}],"curies":[{"name":"wp","href":"https:\/\/api.w.org\/{rel}","templated":true}]}}