{"id":331,"date":"2024-01-21T15:17:01","date_gmt":"2024-01-21T20:17:01","guid":{"rendered":"https:\/\/0barreras.com\/?post_type=product&#038;p=331"},"modified":"2024-06-17T20:08:28","modified_gmt":"2024-06-18T01:08:28","slug":"sciplus-3300-calculadora-cientifica-parlante","status":"publish","type":"product","link":"https:\/\/0barreras.com\/en\/product\/sciplus-3300-calculadora-cientifica-parlante\/","title":{"rendered":"Calculadora cient\u00edfica parlante SciPlus 3300"},"content":{"rendered":"<p>La calculadora cient\u00edfica parlante SciPlus 3300 es una herramienta indispensable para personas con baja visi\u00f3n, discapacidad visual<br \/>\ny ceguera. Es la \u00fanica calculadora de pantalla grande que habla, lo que la hace accesible y f\u00e1cil de usar para este grupo de usuarios. Con un teclado ampliado y teclas t\u00e1ctiles de alto contraste, la SciPlus 3300 garantiza una entrada precisa de datos. Su pantalla diagonal de 7 pulgadas ofrece una visualizaci\u00f3n clara de los c\u00e1lculos, con una ventana de 6 pulgadas de ancho por 3.5 pulgadas de alto. La salida de voz a trav\u00e9s de auriculares (incluidos) permite una experiencia de c\u00e1lculo privada. Con una bater\u00eda de larga duraci\u00f3n y un manual de usuario en letra grande, la SciPlus 3300 es una calculadora funcional y pr\u00e1ctica para personas con discapacidad visual.<\/p>","protected":false},"excerpt":{"rendered":"<p>La calculadora cient\u00edfica parlante SciPlus 3300 es ideal para usuarios con discapacidad visual. Habla las entradas como los resultados, lo que la hace f\u00e1cil de usar. Con teclado ampliado, pantalla grande y salida de voz a trav\u00e9s de auriculares, ofrece una experiencia de c\u00e1lculo accesible y privada. Liviana y con una bater\u00eda de larga duraci\u00f3n, es una herramienta pr\u00e1ctica para usuarios con discapacidad visual.<\/p>","protected":false},"featured_media":332,"comment_status":"open","ping_status":"closed","template":"","meta":[],"product_cat":[18,50,228,189,227,182],"product_tag":[],"class_list":["post-331","product","type-product","status-publish","has-post-thumbnail","hentry","product_cat-baja-vision","product_cat-calculadoras","product_cat-calculadoras-parlantes","product_cat-calculadoras-parlantes-de-baja-vision","product_cat-productos-parlantes","product_cat-tecnologia-de-asistencia"],"_links":{"self":[{"href":"https:\/\/0barreras.com\/en\/wp-json\/wp\/v2\/product\/331","targetHints":{"allow":["GET"]}}],"collection":[{"href":"https:\/\/0barreras.com\/en\/wp-json\/wp\/v2\/product"}],"about":[{"href":"https:\/\/0barreras.com\/en\/wp-json\/wp\/v2\/types\/product"}],"replies":[{"embeddable":true,"href":"https:\/\/0barreras.com\/en\/wp-json\/wp\/v2\/comments?post=331"}],"version-history":[{"count":1,"href":"https:\/\/0barreras.com\/en\/wp-json\/wp\/v2\/product\/331\/revisions"}],"predecessor-version":[{"id":1129,"href":"https:\/\/0barreras.com\/en\/wp-json\/wp\/v2\/product\/331\/revisions\/1129"}],"wp:featuredmedia":[{"embeddable":true,"href":"https:\/\/0barreras.com\/en\/wp-json\/wp\/v2\/media\/332"}],"wp:attachment":[{"href":"https:\/\/0barreras.com\/en\/wp-json\/wp\/v2\/media?parent=331"}],"wp:term":[{"taxonomy":"product_cat","embeddable":true,"href":"https:\/\/0barreras.com\/en\/wp-json\/wp\/v2\/product_cat?post=331"},{"taxonomy":"product_tag","embeddable":true,"href":"https:\/\/0barreras.com\/en\/wp-json\/wp\/v2\/product_tag?post=331"}],"curies":[{"name":"wp","href":"https:\/\/api.w.org\/{rel}","templated":true}]}}