{"id":329,"date":"2024-01-21T15:15:27","date_gmt":"2024-01-21T20:15:27","guid":{"rendered":"https:\/\/0barreras.com\/?post_type=product&#038;p=329"},"modified":"2024-06-17T20:08:28","modified_gmt":"2024-06-18T01:08:28","slug":"sciplus-3200-calculadora-cientifica-de-baja-vision","status":"publish","type":"product","link":"https:\/\/0barreras.com\/en\/product\/sciplus-3200-calculadora-cientifica-de-baja-vision\/","title":{"rendered":"Calculadora Cient\u00edfica para Visi\u00f3n Baja SciPlus 3200:"},"content":{"rendered":"<p>La calculadora cient\u00edfica SciPlus 3200 es una herramienta indispensable para personas con baja visi\u00f3n y discapacidad visual. Con su pantalla a todo color un 30% m\u00e1s grande que su predecesora, la 2200, ofrece una experiencia de c\u00e1lculo clara y precisa. Sus botones grandes y pantalla amplia la hacen excepcionalmente f\u00e1cil de usar. Adem\u00e1s de su amplia gama de funciones matem\u00e1ticas, cient\u00edficas y trigonom\u00e9tricas, la SciPlus 3200 cuenta con opciones de visualizaci\u00f3n de dos colores y alto contraste, como blanco sobre negro, negro sobre blanco o amarillo sobre negro, para adaptarse a las necesidades individuales de cada usuario. Con un teclado ampliado y un manual de usuario en letra grande, esta calculadora es una herramienta pr\u00e1ctica y funcional para mejorar la experiencia de c\u00e1lculo de quienes tienen baja visi\u00f3n.<\/p>","protected":false},"excerpt":{"rendered":"<p>La calculadora cient\u00edfica SciPlus 3200 es ideal para personas con baja visi\u00f3n. Con pantalla a todo color, botones<br \/>\ngrandes y opciones de visualizaci\u00f3n de alto contraste, ofrece una experiencia de c\u00e1lculo clara y precisa. Su teclado ampliado y manual de usuario en letra grande la hacen f\u00e1cil de usar y pr\u00e1ctica para cualquier usuario.<\/p>","protected":false},"featured_media":330,"comment_status":"open","ping_status":"closed","template":"","meta":[],"product_cat":[18,50,228,227],"product_tag":[],"class_list":["post-329","product","type-product","status-publish","has-post-thumbnail","hentry","product_cat-baja-vision","product_cat-calculadoras","product_cat-calculadoras-parlantes","product_cat-productos-parlantes"],"_links":{"self":[{"href":"https:\/\/0barreras.com\/en\/wp-json\/wp\/v2\/product\/329","targetHints":{"allow":["GET"]}}],"collection":[{"href":"https:\/\/0barreras.com\/en\/wp-json\/wp\/v2\/product"}],"about":[{"href":"https:\/\/0barreras.com\/en\/wp-json\/wp\/v2\/types\/product"}],"replies":[{"embeddable":true,"href":"https:\/\/0barreras.com\/en\/wp-json\/wp\/v2\/comments?post=329"}],"version-history":[{"count":1,"href":"https:\/\/0barreras.com\/en\/wp-json\/wp\/v2\/product\/329\/revisions"}],"predecessor-version":[{"id":1128,"href":"https:\/\/0barreras.com\/en\/wp-json\/wp\/v2\/product\/329\/revisions\/1128"}],"wp:featuredmedia":[{"embeddable":true,"href":"https:\/\/0barreras.com\/en\/wp-json\/wp\/v2\/media\/330"}],"wp:attachment":[{"href":"https:\/\/0barreras.com\/en\/wp-json\/wp\/v2\/media?parent=329"}],"wp:term":[{"taxonomy":"product_cat","embeddable":true,"href":"https:\/\/0barreras.com\/en\/wp-json\/wp\/v2\/product_cat?post=329"},{"taxonomy":"product_tag","embeddable":true,"href":"https:\/\/0barreras.com\/en\/wp-json\/wp\/v2\/product_tag?post=329"}],"curies":[{"name":"wp","href":"https:\/\/api.w.org\/{rel}","templated":true}]}}