{"id":326,"date":"2024-01-21T15:12:17","date_gmt":"2024-01-21T20:12:17","guid":{"rendered":"https:\/\/0barreras.com\/?post_type=product&#038;p=326"},"modified":"2024-06-17T20:08:28","modified_gmt":"2024-06-18T01:08:28","slug":"sciplus-3500-calculadora-grafica-parlante","status":"publish","type":"product","link":"https:\/\/0barreras.com\/en\/product\/sciplus-3500-calculadora-grafica-parlante\/","title":{"rendered":"Calculadora Gr\u00e1fica Parlante de Alta Precisi\u00f3n &#8211; SciPlus 3500"},"content":{"rendered":"<p>La <strong>SciPlus 3500<\/strong> es una calculadora gr\u00e1fica cient\u00edfica avanzada, con voz y pantalla grande de <strong>7 pulgadas<\/strong> a todo color, dise\u00f1ada para usuarios con discapacidades visuales. Sus caracter\u00edsticas incluyen:<\/p>\n<ul>\n<li><strong>Pantalla de alta visibilidad<\/strong>: Con alto contraste y opciones de color, blanco sobre negro o amarillo sobre negro.<\/li>\n<li><strong>Teclado ampliado<\/strong>: Teclas t\u00e1ctiles de <strong>16 mm<\/strong> para facilitar la entrada de datos.<\/li>\n<li><strong>Funcionalidad completa de voz<\/strong>: Para una interacci\u00f3n auditiva clara y accesible.<\/li>\n<li><strong>Funciones cient\u00edficas, estad\u00edsticas y trigonom\u00e9tricas<\/strong>: Con capacidad para trazar ecuaciones y analizar funciones.<\/li>\n<li><strong>Retroiluminaci\u00f3n ajustable y v\u00eddeo inverso<\/strong>: Para una mejor visualizaci\u00f3n en diversas condiciones de iluminaci\u00f3n.<\/li>\n<li><strong>Portabilidad<\/strong>: Ligera, con un peso de <strong>20 onzas<\/strong>, bater\u00eda de larga duraci\u00f3n, y estuche protector para el transporte.<\/li>\n<li><strong>Accesorios incluidos<\/strong>: Conector para auriculares, auriculares \u00a0y cargador USB.<\/li>\n<\/ul>\n<p>Esta versi\u00f3n mejorada ofrece una pantalla un <strong>30% m\u00e1s grande<\/strong> que su predecesora, lo que la hace ideal para una amplia gama de tareas matem\u00e1ticas y cient\u00edficas.<\/p>","protected":false},"excerpt":{"rendered":"<p>La <strong>SciPlus 3500<\/strong> es una calculadora gr\u00e1fica cient\u00edfica parlante con pantalla de <strong>7 pulgadas<\/strong> a color y alta visibilidad, teclado ampliado, y funciones avanzadas para c\u00e1lculos cient\u00edficos y gr\u00e1ficos. Es ligera, port\u00e1til, y dise\u00f1ada para usuarios con discapacidades visuales, incluyendo accesorios como auriculares y cargador USB. Su pantalla es un <strong>30% m\u00e1s grande<\/strong> que modelos anteriores, lo que facilita la visualizaci\u00f3n y el manejo.<\/p>","protected":false},"featured_media":327,"comment_status":"open","ping_status":"closed","template":"","meta":[],"product_cat":[18,50,228,189,227,182],"product_tag":[],"class_list":["post-326","product","type-product","status-publish","has-post-thumbnail","hentry","product_cat-baja-vision","product_cat-calculadoras","product_cat-calculadoras-parlantes","product_cat-calculadoras-parlantes-de-baja-vision","product_cat-productos-parlantes","product_cat-tecnologia-de-asistencia"],"_links":{"self":[{"href":"https:\/\/0barreras.com\/en\/wp-json\/wp\/v2\/product\/326","targetHints":{"allow":["GET"]}}],"collection":[{"href":"https:\/\/0barreras.com\/en\/wp-json\/wp\/v2\/product"}],"about":[{"href":"https:\/\/0barreras.com\/en\/wp-json\/wp\/v2\/types\/product"}],"replies":[{"embeddable":true,"href":"https:\/\/0barreras.com\/en\/wp-json\/wp\/v2\/comments?post=326"}],"version-history":[{"count":1,"href":"https:\/\/0barreras.com\/en\/wp-json\/wp\/v2\/product\/326\/revisions"}],"predecessor-version":[{"id":1127,"href":"https:\/\/0barreras.com\/en\/wp-json\/wp\/v2\/product\/326\/revisions\/1127"}],"wp:featuredmedia":[{"embeddable":true,"href":"https:\/\/0barreras.com\/en\/wp-json\/wp\/v2\/media\/327"}],"wp:attachment":[{"href":"https:\/\/0barreras.com\/en\/wp-json\/wp\/v2\/media?parent=326"}],"wp:term":[{"taxonomy":"product_cat","embeddable":true,"href":"https:\/\/0barreras.com\/en\/wp-json\/wp\/v2\/product_cat?post=326"},{"taxonomy":"product_tag","embeddable":true,"href":"https:\/\/0barreras.com\/en\/wp-json\/wp\/v2\/product_tag?post=326"}],"curies":[{"name":"wp","href":"https:\/\/api.w.org\/{rel}","templated":true}]}}