{"id":324,"date":"2024-01-21T15:07:59","date_gmt":"2024-01-21T20:07:59","guid":{"rendered":"https:\/\/0barreras.com\/?post_type=product&#038;p=324"},"modified":"2024-06-17T20:08:28","modified_gmt":"2024-06-18T01:08:28","slug":"calculadora-parlante-con-botones-grandes-y-funcion-de-repeticion","status":"publish","type":"product","link":"https:\/\/0barreras.com\/en\/product\/calculadora-parlante-con-botones-grandes-y-funcion-de-repeticion\/","title":{"rendered":"Calculadora Parlante de teclas grandes y bot\u00f3n de repetici\u00f3n."},"content":{"rendered":"<div class=\"content\" aria-label=\"Enviado por Copilot: \">\n<div class=\"ac-container ac-adaptiveCard\">\n<div class=\"ac-textBlock\">\n<p>La <strong>Calculadora Parlante Big Button<\/strong> redefine la accesibilidad con su dise\u00f1o intuitivo y caracter\u00edsticas inclusivas. Ofrece:<\/p>\n<ul>\n<li><strong>Funci\u00f3n de repetici\u00f3n<\/strong>: Escuche su \u00faltima entrada con claridad.<\/li>\n<li><strong>Reproducci\u00f3n autom\u00e1tica<\/strong>: Revise las operaciones completas sin esfuerzo.<\/li>\n<li><strong>Botones codificados por colores<\/strong>: Visibilidad y uso simplificado para todos, incluyendo aquellos con visi\u00f3n reducida o dificultades auditivas.<\/li>\n<li><strong>Ajustes de volumen<\/strong>: Elija entre apagado, bajo o alto para una experiencia personalizada.<\/li>\n<li><strong>Conector para auriculares<\/strong>: Privacidad y concentraci\u00f3n mejoradas (auriculares no incluidos).<\/li>\n<li><strong>Configuraci\u00f3n flexible<\/strong>: Elija entre informes de unidades o d\u00edgitos seg\u00fan su conveniencia.<\/li>\n<li><strong>Energ\u00eda eficiente<\/strong>: Funciona con 2 pilas AA (no incluidas) y cuenta con apagado autom\u00e1tico tras 5 minutos de inactividad.<\/li>\n<\/ul>\n<p>Ideal para el uso diario, esta calculadora combina funcionalidad y dise\u00f1o pensando en la inclusi\u00f3n y la comodidad del usuario.<\/p>\n<\/div>\n<\/div>\n<\/div>","protected":false},"excerpt":{"rendered":"<div class=\"content\" aria-label=\"Enviado por Copilot: \">\n<div class=\"ac-container ac-adaptiveCard\">\n<div class=\"ac-textBlock\">\n<p>La <strong>Calculadora Parlante Big Button<\/strong> es un dispositivo inclusivo y f\u00e1cil de usar, con botones grandes, ajustes de volumen personalizables, y funciones de repetici\u00f3n y reproducci\u00f3n autom\u00e1tica. Funciona con pilas AA y se apaga autom\u00e1ticamente, ideal para personas con baja visi\u00f3n o audici\u00f3n.<\/p>\n<\/div>\n<\/div>\n<\/div>","protected":false},"featured_media":325,"comment_status":"open","ping_status":"closed","template":"","meta":[],"product_cat":[18,50,228,189,227,182],"product_tag":[],"class_list":["post-324","product","type-product","status-publish","has-post-thumbnail","hentry","product_cat-baja-vision","product_cat-calculadoras","product_cat-calculadoras-parlantes","product_cat-calculadoras-parlantes-de-baja-vision","product_cat-productos-parlantes","product_cat-tecnologia-de-asistencia"],"_links":{"self":[{"href":"https:\/\/0barreras.com\/en\/wp-json\/wp\/v2\/product\/324","targetHints":{"allow":["GET"]}}],"collection":[{"href":"https:\/\/0barreras.com\/en\/wp-json\/wp\/v2\/product"}],"about":[{"href":"https:\/\/0barreras.com\/en\/wp-json\/wp\/v2\/types\/product"}],"replies":[{"embeddable":true,"href":"https:\/\/0barreras.com\/en\/wp-json\/wp\/v2\/comments?post=324"}],"version-history":[{"count":1,"href":"https:\/\/0barreras.com\/en\/wp-json\/wp\/v2\/product\/324\/revisions"}],"predecessor-version":[{"id":1126,"href":"https:\/\/0barreras.com\/en\/wp-json\/wp\/v2\/product\/324\/revisions\/1126"}],"wp:featuredmedia":[{"embeddable":true,"href":"https:\/\/0barreras.com\/en\/wp-json\/wp\/v2\/media\/325"}],"wp:attachment":[{"href":"https:\/\/0barreras.com\/en\/wp-json\/wp\/v2\/media?parent=324"}],"wp:term":[{"taxonomy":"product_cat","embeddable":true,"href":"https:\/\/0barreras.com\/en\/wp-json\/wp\/v2\/product_cat?post=324"},{"taxonomy":"product_tag","embeddable":true,"href":"https:\/\/0barreras.com\/en\/wp-json\/wp\/v2\/product_tag?post=324"}],"curies":[{"name":"wp","href":"https:\/\/api.w.org\/{rel}","templated":true}]}}