{"id":3212,"date":"2024-05-13T08:11:21","date_gmt":"2024-05-13T13:11:21","guid":{"rendered":"https:\/\/0barreras.com\/?post_type=product&#038;p=3212"},"modified":"2024-05-24T11:36:19","modified_gmt":"2024-05-24T16:36:19","slug":"baston-laser-u-step","status":"publish","type":"product","link":"https:\/\/0barreras.com\/en\/product\/baston-laser-u-step\/","title":{"rendered":"Bast\u00f3n L\u00e1ser U-STEP!: \u00a1Aumente su Movilidad y Seguridad"},"content":{"rendered":"<p>\u00a1Caminar puede volver a ser seguro y fluido con el bast\u00f3n l\u00e1ser U-STEP! Este innovador bast\u00f3n proyecta una l\u00ednea roja brillante en su camino, proporcionando una se\u00f1al visual clara que ayuda a romper los episodios de &#8220;congelaci\u00f3n&#8221; y mejorar la longitud de la zancada, especialmente en pacientes con Parkinson. Fabricado en Estados Unidos, el bast\u00f3n U-STEP es ligero, de alta calidad y ajustable en altura para usuarios de entre 1.52 y 1.85 metros (5&#8217;0&#8243; a 6&#8217;1&#8243;). Funciona con dos pilas AA (incluidas) que duran al menos seis meses. Adem\u00e1s, se puede solicitar una base triangular opcional y alturas personalizadas para mayor estabilidad. Este producto incluye un cargo de env\u00edo adicional de USD$20.00 y se entrega en un plazo de 2 a 3 semanas directamente desde el fabricante.<\/p>","protected":false},"excerpt":{"rendered":"<p>El bast\u00f3n l\u00e1ser U-STEP proyecta una l\u00ednea roja para mejorar la movilidad y romper los episodios de &#8220;congelaci\u00f3n&#8221;, ideal para pacientes con Parkinson. Fabricado en EE.UU., es ligero, ajustable en altura (1.52 a 1.85 metros) y funciona con pilas AA. Opciones de base triangular y alturas personalizadas disponibles.<\/p>","protected":false},"featured_media":3213,"comment_status":"open","ping_status":"closed","template":"","meta":[],"product_cat":[176,167,166],"product_tag":[],"class_list":["post-3212","product","type-product","status-publish","has-post-thumbnail","hentry","product_cat-bastones-de-soporte","product_cat-bastones-y-movilidad","product_cat-movilidad"],"_links":{"self":[{"href":"https:\/\/0barreras.com\/en\/wp-json\/wp\/v2\/product\/3212","targetHints":{"allow":["GET"]}}],"collection":[{"href":"https:\/\/0barreras.com\/en\/wp-json\/wp\/v2\/product"}],"about":[{"href":"https:\/\/0barreras.com\/en\/wp-json\/wp\/v2\/types\/product"}],"replies":[{"embeddable":true,"href":"https:\/\/0barreras.com\/en\/wp-json\/wp\/v2\/comments?post=3212"}],"version-history":[{"count":1,"href":"https:\/\/0barreras.com\/en\/wp-json\/wp\/v2\/product\/3212\/revisions"}],"predecessor-version":[{"id":3409,"href":"https:\/\/0barreras.com\/en\/wp-json\/wp\/v2\/product\/3212\/revisions\/3409"}],"wp:featuredmedia":[{"embeddable":true,"href":"https:\/\/0barreras.com\/en\/wp-json\/wp\/v2\/media\/3213"}],"wp:attachment":[{"href":"https:\/\/0barreras.com\/en\/wp-json\/wp\/v2\/media?parent=3212"}],"wp:term":[{"taxonomy":"product_cat","embeddable":true,"href":"https:\/\/0barreras.com\/en\/wp-json\/wp\/v2\/product_cat?post=3212"},{"taxonomy":"product_tag","embeddable":true,"href":"https:\/\/0barreras.com\/en\/wp-json\/wp\/v2\/product_tag?post=3212"}],"curies":[{"name":"wp","href":"https:\/\/api.w.org\/{rel}","templated":true}]}}