{"id":320,"date":"2024-01-21T14:51:29","date_gmt":"2024-01-21T19:51:29","guid":{"rendered":"https:\/\/0barreras.com\/?post_type=product&#038;p=320"},"modified":"2024-05-13T04:37:41","modified_gmt":"2024-05-13T09:37:41","slug":"abaco-matematico-15-filas","status":"publish","type":"product","link":"https:\/\/0barreras.com\/en\/product\/abaco-matematico-15-filas\/","title":{"rendered":"\u00c1baco Matem\u00e1tico Avanzado con 15 Filas &#8211; Herramienta Educativa y Pr\u00e1ctica"},"content":{"rendered":"<p>\u00c1baco Educativo de 15 Filas con Marco de Pl\u00e1stico Resistente &#8211; Ideal para el Aprendizaje y Pr\u00e1ctica de Aritm\u00e9tica B\u00e1sica y Avanzada\u201d<\/p>","protected":false},"excerpt":{"rendered":"<p>El \u00e1baco es una herramienta educativa con 15 filas y marco de pl\u00e1stico, perfecta para ense\u00f1ar y practicar aritm\u00e9tica a todos los niveles.<\/p>\n<p>&nbsp;<\/p>","protected":false},"featured_media":321,"comment_status":"open","ping_status":"closed","template":"","meta":[],"product_cat":[18,50,129,161],"product_tag":[],"class_list":["post-320","product","type-product","status-publish","has-post-thumbnail","hentry","product_cat-baja-vision","product_cat-calculadoras","product_cat-juegos-y-educacion","product_cat-productos-educativos"],"_links":{"self":[{"href":"https:\/\/0barreras.com\/en\/wp-json\/wp\/v2\/product\/320","targetHints":{"allow":["GET"]}}],"collection":[{"href":"https:\/\/0barreras.com\/en\/wp-json\/wp\/v2\/product"}],"about":[{"href":"https:\/\/0barreras.com\/en\/wp-json\/wp\/v2\/types\/product"}],"replies":[{"embeddable":true,"href":"https:\/\/0barreras.com\/en\/wp-json\/wp\/v2\/comments?post=320"}],"version-history":[{"count":1,"href":"https:\/\/0barreras.com\/en\/wp-json\/wp\/v2\/product\/320\/revisions"}],"predecessor-version":[{"id":1124,"href":"https:\/\/0barreras.com\/en\/wp-json\/wp\/v2\/product\/320\/revisions\/1124"}],"wp:featuredmedia":[{"embeddable":true,"href":"https:\/\/0barreras.com\/en\/wp-json\/wp\/v2\/media\/321"}],"wp:attachment":[{"href":"https:\/\/0barreras.com\/en\/wp-json\/wp\/v2\/media?parent=320"}],"wp:term":[{"taxonomy":"product_cat","embeddable":true,"href":"https:\/\/0barreras.com\/en\/wp-json\/wp\/v2\/product_cat?post=320"},{"taxonomy":"product_tag","embeddable":true,"href":"https:\/\/0barreras.com\/en\/wp-json\/wp\/v2\/product_tag?post=320"}],"curies":[{"name":"wp","href":"https:\/\/api.w.org\/{rel}","templated":true}]}}