{"id":3194,"date":"2024-05-13T07:53:53","date_gmt":"2024-05-13T12:53:53","guid":{"rendered":"https:\/\/0barreras.com\/?post_type=product&#038;p=3194"},"modified":"2024-05-24T09:58:45","modified_gmt":"2024-05-24T14:58:45","slug":"baston-de-soporte-plegable-ajustable-ambutech","status":"publish","type":"product","link":"https:\/\/0barreras.com\/en\/product\/baston-de-soporte-plegable-ajustable-ambutech\/","title":{"rendered":"Bast\u00f3n de Soporte Ambutech Plegable de Aluminio Duradero: Estabilidad y Comodidad al Caminar"},"content":{"rendered":"<p>El bast\u00f3n de soporte plegable de aluminio duradero de cuatro secciones presenta un c\u00f3modo mango en forma de T y una punta de goma Santoprene para proporcionar estabilidad y comodidad al caminar. Su eje es mayoritariamente blanco con una secci\u00f3n inferior en rojo para mayor visibilidad. El ancho del cuerpo de la ca\u00f1a mide 1.91 cent\u00edmetros de di\u00e1metro.<\/p>\n<p>Disponible en dos opciones de longitud: el bast\u00f3n corto se ajusta de 83.82 cm a 93.98 cm de longitud, mientras que el bast\u00f3n largo se ajusta de 88.9 cm a 99.06 cm. Especifica la longitud deseada al realizar el pedido.<\/p>\n<p><em>Anteriormente conocido como CT6020R.<\/em><\/p>","protected":false},"excerpt":{"rendered":"<p>Bast\u00f3n de soporte plegable de aluminio duradero con mango en forma de T y punta de goma Santoprene. Disponible en corto y largo, ofrece estabilidad y comodidad al caminar.<\/p>","protected":false},"featured_media":3195,"comment_status":"open","ping_status":"closed","template":"","meta":[],"product_cat":[169,176,167,166],"product_tag":[],"class_list":["post-3194","product","type-product","status-publish","has-post-thumbnail","hentry","product_cat-ambutech","product_cat-bastones-de-soporte","product_cat-bastones-y-movilidad","product_cat-movilidad"],"_links":{"self":[{"href":"https:\/\/0barreras.com\/en\/wp-json\/wp\/v2\/product\/3194","targetHints":{"allow":["GET"]}}],"collection":[{"href":"https:\/\/0barreras.com\/en\/wp-json\/wp\/v2\/product"}],"about":[{"href":"https:\/\/0barreras.com\/en\/wp-json\/wp\/v2\/types\/product"}],"replies":[{"embeddable":true,"href":"https:\/\/0barreras.com\/en\/wp-json\/wp\/v2\/comments?post=3194"}],"version-history":[{"count":1,"href":"https:\/\/0barreras.com\/en\/wp-json\/wp\/v2\/product\/3194\/revisions"}],"predecessor-version":[{"id":3403,"href":"https:\/\/0barreras.com\/en\/wp-json\/wp\/v2\/product\/3194\/revisions\/3403"}],"wp:featuredmedia":[{"embeddable":true,"href":"https:\/\/0barreras.com\/en\/wp-json\/wp\/v2\/media\/3195"}],"wp:attachment":[{"href":"https:\/\/0barreras.com\/en\/wp-json\/wp\/v2\/media?parent=3194"}],"wp:term":[{"taxonomy":"product_cat","embeddable":true,"href":"https:\/\/0barreras.com\/en\/wp-json\/wp\/v2\/product_cat?post=3194"},{"taxonomy":"product_tag","embeddable":true,"href":"https:\/\/0barreras.com\/en\/wp-json\/wp\/v2\/product_tag?post=3194"}],"curies":[{"name":"wp","href":"https:\/\/api.w.org\/{rel}","templated":true}]}}