{"id":314,"date":"2024-01-21T14:39:51","date_gmt":"2024-01-21T19:39:51","guid":{"rendered":"https:\/\/0barreras.com\/?post_type=product&#038;p=314"},"modified":"2024-06-17T20:08:29","modified_gmt":"2024-06-18T01:08:29","slug":"calculadora-y-reloj-parlante-en-espanol-de-10-digitos","status":"publish","type":"product","link":"https:\/\/0barreras.com\/en\/product\/calculadora-y-reloj-parlante-en-espanol-de-10-digitos\/","title":{"rendered":"Calculadora de 10 d\u00edgitos Parlante, en Espa\u00f1ol con Reloj Integrado"},"content":{"rendered":"<p><strong>Experimenta la comodidad y la accesibilidad con nuestra Calculadora y Reloj Parlante en Espa\u00f1ol. Este dispositivo anuncia en voz alta los n\u00fameros y resultados, facilitando su uso para todos, especialmente para aquellos con limitaciones visuales. Equipado con una alarma funcional, control de volumen ajustable y una tecla de repetici\u00f3n para mayor conveniencia. Sus dimensiones son pr\u00e1cticas, midiendo <\/strong><\/p>\n<p><strong>6&#8243;\u00d74.5&#8243;\u00d71&#8243;<\/strong><\/p>\n<p><strong>, y opera con 2 pilas AA. Ideal para el hogar, la oficina o como un regalo inclusivo, nuestro parlante en espa\u00f1ol es la elecci\u00f3n perfecta para quienes valoran la eficiencia y la accesibilidad.<\/strong><\/p>","protected":false},"excerpt":{"rendered":"<p>Novedosa calculadora y reloj parlante en espa\u00f1ol, dise\u00f1ada para ser accesible, especialmente para personas con limitaciones visuales. Cuenta con anuncio de n\u00fameros en voz alta, alarma, control de volumen ajustable y tecla de repetici\u00f3n. Es compacta con dimensiones de <strong>6&#8243;\u00d74.5&#8243;\u00d71&#8243;<\/strong> y funciona con 2 pilas AA. Es una opci\u00f3n ideal para uso personal o como regalo que promueve la eficiencia y accesibilidad.<\/p>","protected":false},"featured_media":315,"comment_status":"open","ping_status":"closed","template":"","meta":[],"product_cat":[18,50,228,189,227,182],"product_tag":[],"class_list":["post-314","product","type-product","status-publish","has-post-thumbnail","hentry","product_cat-baja-vision","product_cat-calculadoras","product_cat-calculadoras-parlantes","product_cat-calculadoras-parlantes-de-baja-vision","product_cat-productos-parlantes","product_cat-tecnologia-de-asistencia"],"_links":{"self":[{"href":"https:\/\/0barreras.com\/en\/wp-json\/wp\/v2\/product\/314","targetHints":{"allow":["GET"]}}],"collection":[{"href":"https:\/\/0barreras.com\/en\/wp-json\/wp\/v2\/product"}],"about":[{"href":"https:\/\/0barreras.com\/en\/wp-json\/wp\/v2\/types\/product"}],"replies":[{"embeddable":true,"href":"https:\/\/0barreras.com\/en\/wp-json\/wp\/v2\/comments?post=314"}],"version-history":[{"count":1,"href":"https:\/\/0barreras.com\/en\/wp-json\/wp\/v2\/product\/314\/revisions"}],"predecessor-version":[{"id":1121,"href":"https:\/\/0barreras.com\/en\/wp-json\/wp\/v2\/product\/314\/revisions\/1121"}],"wp:featuredmedia":[{"embeddable":true,"href":"https:\/\/0barreras.com\/en\/wp-json\/wp\/v2\/media\/315"}],"wp:attachment":[{"href":"https:\/\/0barreras.com\/en\/wp-json\/wp\/v2\/media?parent=314"}],"wp:term":[{"taxonomy":"product_cat","embeddable":true,"href":"https:\/\/0barreras.com\/en\/wp-json\/wp\/v2\/product_cat?post=314"},{"taxonomy":"product_tag","embeddable":true,"href":"https:\/\/0barreras.com\/en\/wp-json\/wp\/v2\/product_tag?post=314"}],"curies":[{"name":"wp","href":"https:\/\/api.w.org\/{rel}","templated":true}]}}