{"id":3130,"date":"2024-05-13T07:18:54","date_gmt":"2024-05-13T12:18:54","guid":{"rendered":"https:\/\/0barreras.com\/?post_type=product&#038;p=3130"},"modified":"2024-05-23T23:19:50","modified_gmt":"2024-05-24T04:19:50","slug":"soporte-para-baston-ambutech-grippit","status":"publish","type":"product","link":"https:\/\/0barreras.com\/en\/product\/soporte-para-baston-ambutech-grippit\/","title":{"rendered":"Soporte para bast\u00f3n Grippit de Ambutech: Almacene su Bast\u00f3n con Seguridad y Conveniencia"},"content":{"rendered":"<p>El soporte de bast\u00f3n liviano de Ambutech es una soluci\u00f3n pr\u00e1ctica y conveniente para guardar su bast\u00f3n de forma segura cuando no est\u00e1 en uso. Dise\u00f1ado<br \/>\npara montarse en cualquier superficie plana, ya sea una pared, una puerta o un mueble, este soporte se instala f\u00e1cilmente con 2 tornillos o tiras 3M (incluidas).<br \/>\nSimplemente presione el eje del bast\u00f3n en el soporte, y las empu\u00f1aduras de fricci\u00f3n sujetar\u00e1n el bast\u00f3n de manera segura. Un tir\u00f3n suave liberar\u00e1 el bast\u00f3n<br \/>\nde las empu\u00f1aduras cuando lo necesite nuevamente.<br \/>\nEste soporte es especialmente \u00fatil para usuarios de bastones blancos, ya que proporciona un lugar designado para almacenar el bast\u00f3n cuando no est\u00e1 en<br \/>\nuso, lo que ayuda a evitar extrav\u00edos y garantiza que siempre se sepa d\u00f3nde encontrarlo. El Grippit es compatible con todos los bastones de aluminio, grafito<br \/>\ny fibra de vidrio de Ambutech Mobility, ofreciendo una soluci\u00f3n vers\u00e1til para el almacenamiento de bastones.<br \/>\nCaracter\u00edsticas y Beneficios:<br \/>\nlista de 5 elementos<br \/>\n\u2022 Montaje Vers\u00e1til: Se puede montar en cualquier superficie plana con 2 tornillos o tiras 3M incluidas, lo que facilita la instalaci\u00f3n.<br \/>\n\u2022 Sujeci\u00f3n Segura: Las empu\u00f1aduras de fricci\u00f3n sujetan el bast\u00f3n de manera segura, evitando que se caiga o se desplace.<br \/>\n\u2022 F\u00e1cil de Usar: Simplemente presione el bast\u00f3n en el soporte para almacenarlo y tire suavemente para liberarlo cuando lo necesite.<br \/>\n\u2022 Prevenci\u00f3n de P\u00e9rdidas: Proporciona un lugar designado para almacenar el bast\u00f3n cuando no est\u00e1 en uso, ayudando a evitar extrav\u00edos.<br \/>\n\u2022 Compatibilidad Universal: Funciona con todos los ba\u25cf<br \/>\nfin de lista<\/p>","protected":false},"excerpt":{"rendered":"<p>El soporte de bast\u00f3n liviano de Ambutech es la soluci\u00f3n perfecta para guardar su bast\u00f3n de forma segura cuando no est\u00e1 en uso. Con una instalaci\u00f3n sencilla y una sujeci\u00f3n segura, este soporte previene p\u00e9rdidas y proporciona un acceso r\u00e1pido y f\u00e1cil al bast\u00f3n cuando lo necesite.<\/p>","protected":false},"featured_media":3133,"comment_status":"open","ping_status":"closed","template":"","meta":[],"product_cat":[174,169,167,166],"product_tag":[],"class_list":["post-3130","product","type-product","status-publish","has-post-thumbnail","hentry","product_cat-accesorios-para-bastones","product_cat-ambutech","product_cat-bastones-y-movilidad","product_cat-movilidad"],"_links":{"self":[{"href":"https:\/\/0barreras.com\/en\/wp-json\/wp\/v2\/product\/3130","targetHints":{"allow":["GET"]}}],"collection":[{"href":"https:\/\/0barreras.com\/en\/wp-json\/wp\/v2\/product"}],"about":[{"href":"https:\/\/0barreras.com\/en\/wp-json\/wp\/v2\/types\/product"}],"replies":[{"embeddable":true,"href":"https:\/\/0barreras.com\/en\/wp-json\/wp\/v2\/comments?post=3130"}],"version-history":[{"count":1,"href":"https:\/\/0barreras.com\/en\/wp-json\/wp\/v2\/product\/3130\/revisions"}],"predecessor-version":[{"id":3380,"href":"https:\/\/0barreras.com\/en\/wp-json\/wp\/v2\/product\/3130\/revisions\/3380"}],"wp:featuredmedia":[{"embeddable":true,"href":"https:\/\/0barreras.com\/en\/wp-json\/wp\/v2\/media\/3133"}],"wp:attachment":[{"href":"https:\/\/0barreras.com\/en\/wp-json\/wp\/v2\/media?parent=3130"}],"wp:term":[{"taxonomy":"product_cat","embeddable":true,"href":"https:\/\/0barreras.com\/en\/wp-json\/wp\/v2\/product_cat?post=3130"},{"taxonomy":"product_tag","embeddable":true,"href":"https:\/\/0barreras.com\/en\/wp-json\/wp\/v2\/product_tag?post=3130"}],"curies":[{"name":"wp","href":"https:\/\/api.w.org\/{rel}","templated":true}]}}