{"id":2807,"date":"2024-05-13T05:09:33","date_gmt":"2024-05-13T10:09:33","guid":{"rendered":"https:\/\/0barreras.com\/?post_type=product&#038;p=2807"},"modified":"2024-05-20T08:51:43","modified_gmt":"2024-05-20T13:51:43","slug":"can-do-numeros-en-negrita-naipes-2-barajas-rojo-azul","status":"publish","type":"product","link":"https:\/\/0barreras.com\/en\/product\/can-do-numeros-en-negrita-naipes-2-barajas-rojo-azul\/","title":{"rendered":"Cartas de P\u00f3quer CAN-DO  de Alta Visibilidad 2 barajas: Claridad y Durabilidad para Todos los Jugadores"},"content":{"rendered":"<p>Nuestras cartas de p\u00f3quer de alta visibilidad est\u00e1n dise\u00f1adas espec\u00edficamente para personas con discapacidades visuales, ofreciendo una experiencia de juego m\u00e1s inclusiva y accesible. Con n\u00fameros en negrita que miden 0.625 pulgadas de alto y s\u00edmbolos m\u00e1s anchos de lo habitual, estas cartas facilitan la identificaci\u00f3n r\u00e1pida y precisa de los valores y palos. Los n\u00fameros rojos y los s\u00edmbolos de los palos est\u00e1n delineados en negro, proporcionando un contraste excelente con el fondo blanco, lo que mejora significativamente la legibilidad.<\/p>\n<p>El recubrimiento de pl\u00e1stico de las cartas no solo garantiza una mayor durabilidad y resistencia al desgaste, sino que tambi\u00e9n facilita su manejo, lo que es especialmente beneficioso para personas con dificultades motoras. Estas caracter\u00edsticas hacen que nuestras cartas de p\u00f3quer sean ideales tanto para el uso personal como en entornos de juegos comunitarios o terap\u00e9uticos, donde la accesibilidad es una prioridad.<\/p>\n<p>El dise\u00f1o cuidadoso y los materiales de alta calidad de estas cartas las distinguen de las opciones est\u00e1ndar y de baja visi\u00f3n disponibles en el mercado. Ofrecen una combinaci\u00f3n inigualable de legibilidad, durabilidad y facilidad de uso, mejorando la experiencia de juego para todos los usuarios.<\/p>","protected":false},"excerpt":{"rendered":"<p>Las cartas de p\u00f3quer de alta visibilidad tienen n\u00fameros en negrita de 0.625 pulgadas y s\u00edmbolos anchos para una f\u00e1cil identificaci\u00f3n. Con n\u00fameros rojos y s\u00edmbolos delineados en negro para mayor contraste y recubrimiento de pl\u00e1stico para durabilidad, estas cartas son ideales para personas con discapacidades visuales.<\/p>","protected":false},"featured_media":2808,"comment_status":"open","ping_status":"closed","template":"","meta":[],"product_cat":[18,22,129,164],"product_tag":[],"class_list":["post-2807","product","type-product","status-publish","has-post-thumbnail","hentry","product_cat-baja-vision","product_cat-diversidad-visual","product_cat-juegos-y-educacion","product_cat-naipes-y-soportes"],"_links":{"self":[{"href":"https:\/\/0barreras.com\/en\/wp-json\/wp\/v2\/product\/2807","targetHints":{"allow":["GET"]}}],"collection":[{"href":"https:\/\/0barreras.com\/en\/wp-json\/wp\/v2\/product"}],"about":[{"href":"https:\/\/0barreras.com\/en\/wp-json\/wp\/v2\/types\/product"}],"replies":[{"embeddable":true,"href":"https:\/\/0barreras.com\/en\/wp-json\/wp\/v2\/comments?post=2807"}],"version-history":[{"count":1,"href":"https:\/\/0barreras.com\/en\/wp-json\/wp\/v2\/product\/2807\/revisions"}],"predecessor-version":[{"id":3304,"href":"https:\/\/0barreras.com\/en\/wp-json\/wp\/v2\/product\/2807\/revisions\/3304"}],"wp:featuredmedia":[{"embeddable":true,"href":"https:\/\/0barreras.com\/en\/wp-json\/wp\/v2\/media\/2808"}],"wp:attachment":[{"href":"https:\/\/0barreras.com\/en\/wp-json\/wp\/v2\/media?parent=2807"}],"wp:term":[{"taxonomy":"product_cat","embeddable":true,"href":"https:\/\/0barreras.com\/en\/wp-json\/wp\/v2\/product_cat?post=2807"},{"taxonomy":"product_tag","embeddable":true,"href":"https:\/\/0barreras.com\/en\/wp-json\/wp\/v2\/product_tag?post=2807"}],"curies":[{"name":"wp","href":"https:\/\/api.w.org\/{rel}","templated":true}]}}