{"id":2774,"date":"2024-05-13T04:47:21","date_gmt":"2024-05-13T09:47:21","guid":{"rendered":"https:\/\/0barreras.com\/?post_type=product&#038;p=2774"},"modified":"2024-05-19T22:52:48","modified_gmt":"2024-05-20T03:52:48","slug":"cuadrados-de-textura-tactiles-ensenables","status":"publish","type":"product","link":"https:\/\/0barreras.com\/en\/product\/cuadrados-de-textura-tactiles-ensenables\/","title":{"rendered":"Cuadrados Texturizados para Aprendizaje T\u00e1ctil Interactivo"},"content":{"rendered":"<p>Los ni\u00f1os ciegos desarrollan la conciencia t\u00e1ctil interactuando con estos veinte cuadrados texturizados, compuestos por diez pares diferentes. Estas almohadas o parches texturizados, que miden aproximadamente entre 2 y 3 pulgadas, son ideales para una variedad de actividades pr\u00e1cticas. Cada set incluye una bolsa de tela con cord\u00f3n para facilitar el almacenamiento y una hoja de consejos con actividades divertidas que ayudan a ense\u00f1ar habilidades de emparejamiento,<br \/>\nvocabulario, comunicaci\u00f3n y discriminaci\u00f3n t\u00e1ctil. Dise\u00f1ados para ni\u00f1os desde Pre-K en adelante, estos cuadrados texturizados proporcionan una experiencia educativa sensorial enriquecedora, fomentando el desarrollo de importantes habilidades cognitivas y motoras a trav\u00e9s del juego interactivo y el aprendizaje.<\/p>","protected":false},"excerpt":{"rendered":"<p>Estos veinte cuadrados texturizados, ideales para ni\u00f1os ciegos, desarrollan la conciencia t\u00e1ctil a trav\u00e9s de actividades pr\u00e1cticas. Incluyen diez pares diferentes, una bolsa de tela con cord\u00f3n y una hoja de consejos de actividades. Perfectos para ense\u00f1ar habilidades de emparejamiento, vocabulario, comunicaci\u00f3n y discriminaci\u00f3n t\u00e1ctil, desde Pre-K en adelante.<\/p>","protected":false},"featured_media":2775,"comment_status":"open","ping_status":"closed","template":"","meta":[],"product_cat":[18,22,129,161],"product_tag":[],"class_list":["post-2774","product","type-product","status-publish","has-post-thumbnail","hentry","product_cat-baja-vision","product_cat-diversidad-visual","product_cat-juegos-y-educacion","product_cat-productos-educativos"],"_links":{"self":[{"href":"https:\/\/0barreras.com\/en\/wp-json\/wp\/v2\/product\/2774","targetHints":{"allow":["GET"]}}],"collection":[{"href":"https:\/\/0barreras.com\/en\/wp-json\/wp\/v2\/product"}],"about":[{"href":"https:\/\/0barreras.com\/en\/wp-json\/wp\/v2\/types\/product"}],"replies":[{"embeddable":true,"href":"https:\/\/0barreras.com\/en\/wp-json\/wp\/v2\/comments?post=2774"}],"version-history":[{"count":1,"href":"https:\/\/0barreras.com\/en\/wp-json\/wp\/v2\/product\/2774\/revisions"}],"predecessor-version":[{"id":3288,"href":"https:\/\/0barreras.com\/en\/wp-json\/wp\/v2\/product\/2774\/revisions\/3288"}],"wp:featuredmedia":[{"embeddable":true,"href":"https:\/\/0barreras.com\/en\/wp-json\/wp\/v2\/media\/2775"}],"wp:attachment":[{"href":"https:\/\/0barreras.com\/en\/wp-json\/wp\/v2\/media?parent=2774"}],"wp:term":[{"taxonomy":"product_cat","embeddable":true,"href":"https:\/\/0barreras.com\/en\/wp-json\/wp\/v2\/product_cat?post=2774"},{"taxonomy":"product_tag","embeddable":true,"href":"https:\/\/0barreras.com\/en\/wp-json\/wp\/v2\/product_tag?post=2774"}],"curies":[{"name":"wp","href":"https:\/\/api.w.org\/{rel}","templated":true}]}}