{"id":2769,"date":"2024-05-13T04:43:42","date_gmt":"2024-05-13T09:43:42","guid":{"rendered":"https:\/\/0barreras.com\/?post_type=product&#038;p=2769"},"modified":"2024-05-19T22:36:10","modified_gmt":"2024-05-20T03:36:10","slug":"numeros-magneticos-jumbo-braille","status":"publish","type":"product","link":"https:\/\/0barreras.com\/en\/product\/numeros-magneticos-jumbo-braille\/","title":{"rendered":"N\u00fameros Magn\u00e9ticos Gigantes Braille para Aprendizaje Sensorial y Divertido"},"content":{"rendered":"<p>Los n\u00fameros de pl\u00e1stico de colores con im\u00e1n en la parte posterior son una herramienta educativa excepcional dise\u00f1ada para ayudar a los ni\u00f1os peque\u00f1os a aprender los n\u00fameros y desarrollar habilidades de conteo. Estos n\u00fameros se adhieren f\u00e1cilmente a cualquier superficie met\u00e1lica, ofreciendo un m\u00e9todo interactivo y divertido para el aprendizaje. El tama\u00f1o grande de 2.5 pulgadas de alto es ideal para ni\u00f1os ciegos o con baja visi\u00f3n, permiti\u00e9ndoles trazar y aprender<br \/>\nla forma de cada n\u00famero con sus manos. Este juego contiene 42 n\u00fameros en un pr\u00e1ctico recipiente de pl\u00e1stico con cierre, facilitando su almacenamiento y transporte. Los n\u00fameros de colores brillantes no solo capturan la atenci\u00f3n de los ni\u00f1os, sino que tambi\u00e9n hacen del aprendizaje una experiencia sensorial y accesible. Perfectos para el hogar, la escuela o cualquier entorno educativo, estos n\u00fameros magn\u00e9ticos fomentan el aprendizaje a trav\u00e9s del juego y la exploraci\u00f3n.<\/p>","protected":false},"excerpt":{"rendered":"<p>N\u00fameros de pl\u00e1stico de colores con im\u00e1n en la parte posterior, perfectos para que los ni\u00f1os peque\u00f1os aprendan n\u00fameros y habilidades de conteo. Su tama\u00f1o grande de 2.5&#8243; es ideal para ni\u00f1os ciegos o con baja visi\u00f3n. Incluye 42 n\u00fameros en un recipiente de pl\u00e1stico con cierre, haciendo del aprendizaje una experiencia sensorial y accesible.<\/p>","protected":false},"featured_media":2770,"comment_status":"open","ping_status":"closed","template":"","meta":[],"product_cat":[18,112,22,118,160,129,161],"product_tag":[],"class_list":["post-2769","product","type-product","status-publish","has-post-thumbnail","hentry","product_cat-baja-vision","product_cat-braille","product_cat-diversidad-visual","product_cat-juegos-braille","product_cat-juegos-en-braille","product_cat-juegos-y-educacion","product_cat-productos-educativos"],"_links":{"self":[{"href":"https:\/\/0barreras.com\/en\/wp-json\/wp\/v2\/product\/2769","targetHints":{"allow":["GET"]}}],"collection":[{"href":"https:\/\/0barreras.com\/en\/wp-json\/wp\/v2\/product"}],"about":[{"href":"https:\/\/0barreras.com\/en\/wp-json\/wp\/v2\/types\/product"}],"replies":[{"embeddable":true,"href":"https:\/\/0barreras.com\/en\/wp-json\/wp\/v2\/comments?post=2769"}],"version-history":[{"count":1,"href":"https:\/\/0barreras.com\/en\/wp-json\/wp\/v2\/product\/2769\/revisions"}],"predecessor-version":[{"id":3286,"href":"https:\/\/0barreras.com\/en\/wp-json\/wp\/v2\/product\/2769\/revisions\/3286"}],"wp:featuredmedia":[{"embeddable":true,"href":"https:\/\/0barreras.com\/en\/wp-json\/wp\/v2\/media\/2770"}],"wp:attachment":[{"href":"https:\/\/0barreras.com\/en\/wp-json\/wp\/v2\/media?parent=2769"}],"wp:term":[{"taxonomy":"product_cat","embeddable":true,"href":"https:\/\/0barreras.com\/en\/wp-json\/wp\/v2\/product_cat?post=2769"},{"taxonomy":"product_tag","embeddable":true,"href":"https:\/\/0barreras.com\/en\/wp-json\/wp\/v2\/product_tag?post=2769"}],"curies":[{"name":"wp","href":"https:\/\/api.w.org\/{rel}","templated":true}]}}