{"id":2758,"date":"2024-05-13T04:28:00","date_gmt":"2024-05-13T09:28:00","guid":{"rendered":"https:\/\/0barreras.com\/?post_type=product&#038;p=2758"},"modified":"2024-05-19T09:39:49","modified_gmt":"2024-05-19T14:39:49","slug":"libro-del-alfabeto-tactil-y-en-braille-de-sensesational","status":"publish","type":"product","link":"https:\/\/0barreras.com\/en\/product\/libro-del-alfabeto-tactil-y-en-braille-de-sensesational\/","title":{"rendered":"Libro del El Alfabeto SENSEsational: Aprendizaje Interactivo Multisensorial para Ni\u00f1os"},"content":{"rendered":"<p>\u00a1Aprender el alfabeto nunca ha sido tan emocionante y estimulante! El Alfabeto SENSEsational es un libro ilustrado ABC completamente interactivo que emplea m\u00e9todos sensoriales integrados para el aprendizaje, asegurando que todos los ni\u00f1os, independientemente de sus habilidades, puedan desarrollar habilidades fundamentales de comunicaci\u00f3n. Este libro divertido y atractivo permite a su hijo explorar diversas texturas, como las de un caballo y un lagarto, oler<br \/>\naromas distintivos como los de las manzanas y las rosas, mover las manecillas de un reloj, y manipular una cremallera, entre muchas otras actividades.\u00a0 Adem\u00e1s, los ni\u00f1os pueden aprender el alfabeto y muchas palabras iniciales en lenguaje de se\u00f1as y Braille, mientras que un teclado interactivo recita las<br \/>\nletras y palabras en conjunto con el libro.\u00a0 Cada p\u00e1gina de este libro tiene una caracter\u00edstica \u00fanica que incorpora est\u00edmulos visuales, movimiento, tacto, olfato, sonido, Braille y lenguaje de se\u00f1as,<br \/>\ncreando una experiencia de aprendizaje multisensorial incomparable. Es perfecto para padres, maestros y terapeutas, ofreciendo una herramienta educativa y de desarrollo ideal para la primera infancia.<br \/>\nAdem\u00e1s, ofrecemos un maravilloso juego de tarjetas con im\u00e1genes t\u00e1ctiles. Estas tarjetas son excelentes herramientas educativas que se pueden usar en cualquier<br \/>\nlugar, ya sea en casa o en la carretera, complementando el aprendizaje interactivo del libro.<\/p>","protected":false},"excerpt":{"rendered":"<p>El Alfabeto SENSEsational es un libro ilustrado ABC interactivo que utiliza m\u00e9todos sensoriales para ense\u00f1ar el alfabeto y palabras en lenguaje de se\u00f1as y Braille. Con texturas, aromas, movimientos y sonidos, es ideal para todos los ni\u00f1os. Incluye un juego de tarjetas t\u00e1ctiles perfectas para el aprendizaje en cualquier lugar.<\/p>","protected":false},"featured_media":2759,"comment_status":"open","ping_status":"closed","template":"","meta":[],"product_cat":[18,112,22,118,160,129,161],"product_tag":[],"class_list":["post-2758","product","type-product","status-publish","has-post-thumbnail","hentry","product_cat-baja-vision","product_cat-braille","product_cat-diversidad-visual","product_cat-juegos-braille","product_cat-juegos-en-braille","product_cat-juegos-y-educacion","product_cat-productos-educativos"],"_links":{"self":[{"href":"https:\/\/0barreras.com\/en\/wp-json\/wp\/v2\/product\/2758","targetHints":{"allow":["GET"]}}],"collection":[{"href":"https:\/\/0barreras.com\/en\/wp-json\/wp\/v2\/product"}],"about":[{"href":"https:\/\/0barreras.com\/en\/wp-json\/wp\/v2\/types\/product"}],"replies":[{"embeddable":true,"href":"https:\/\/0barreras.com\/en\/wp-json\/wp\/v2\/comments?post=2758"}],"version-history":[{"count":1,"href":"https:\/\/0barreras.com\/en\/wp-json\/wp\/v2\/product\/2758\/revisions"}],"predecessor-version":[{"id":3281,"href":"https:\/\/0barreras.com\/en\/wp-json\/wp\/v2\/product\/2758\/revisions\/3281"}],"wp:featuredmedia":[{"embeddable":true,"href":"https:\/\/0barreras.com\/en\/wp-json\/wp\/v2\/media\/2759"}],"wp:attachment":[{"href":"https:\/\/0barreras.com\/en\/wp-json\/wp\/v2\/media?parent=2758"}],"wp:term":[{"taxonomy":"product_cat","embeddable":true,"href":"https:\/\/0barreras.com\/en\/wp-json\/wp\/v2\/product_cat?post=2758"},{"taxonomy":"product_tag","embeddable":true,"href":"https:\/\/0barreras.com\/en\/wp-json\/wp\/v2\/product_tag?post=2758"}],"curies":[{"name":"wp","href":"https:\/\/api.w.org\/{rel}","templated":true}]}}