{"id":2748,"date":"2024-05-13T04:05:01","date_gmt":"2024-05-13T09:05:01","guid":{"rendered":"https:\/\/0barreras.com\/?post_type=product&#038;p=2748"},"modified":"2024-05-19T09:14:02","modified_gmt":"2024-05-19T14:14:02","slug":"guia-de-escritura-de-letras-de-plastico-9-ranuras","status":"publish","type":"product","link":"https:\/\/0barreras.com\/en\/product\/guia-de-escritura-de-letras-de-plastico-9-ranuras\/","title":{"rendered":"Gu\u00eda de Escritura de Pl\u00e1stico Duradera para Letras y N\u00fameros Grandes"},"content":{"rendered":"<p>Presentamos nuestra plantilla de pl\u00e1stico duradera, dise\u00f1ada espec\u00edficamente para facilitar la escritura de letras y n\u00fameros grandes con marcadores en negrita. Con espacios de 3\/4 de pulgada, esta herramienta permite una escritura clara y legible, ideal para personas con discapacidad visual o quienes prefieren un estilo de escritura m\u00e1s grande y destacado. La plantilla tiene un tama\u00f1o de p\u00e1gina est\u00e1ndar de 8 1\/2 x 11 pulgadas, lo que la hace compatible<br \/>\ncon la mayor\u00eda de los documentos y hojas de papel comunes. Con 9 aberturas o l\u00edneas para escribir, cada una de 0.75 pulgadas de alto, proporciona suficiente espacio para una escritura ordenada y alineada. Adem\u00e1s, esta plantilla es una excelente herramienta educativa para ni\u00f1os peque\u00f1os, ayud\u00e1ndoles a practicar y mejorar su caligraf\u00eda de manera divertida y efectiva. Resistente y f\u00e1cil de usar, esta plantilla es un recurso esencial para cualquiera que busque una<br \/>\nsoluci\u00f3n pr\u00e1ctica y eficiente para escribir en l\u00ednea recta.<\/p>","protected":false},"excerpt":{"rendered":"<p>Plantilla de pl\u00e1stico duradera con espacios de 3\/4 de pulgada para letras y n\u00fameros grandes, compatible con marcadores en negrita. Tama\u00f1o est\u00e1ndar de 8<br \/>\n1\/2 x 11 pulgadas con 9 l\u00edneas de escritura de 0.75 pulgadas de alto. Ideal para personas con discapacidad visual y ni\u00f1os que practican la escritura.<\/p>","protected":false},"featured_media":2749,"comment_status":"open","ping_status":"closed","template":"","meta":[],"product_cat":[18,22,132,158],"product_tag":[],"class_list":["post-2748","product","type-product","status-publish","has-post-thumbnail","hentry","product_cat-baja-vision","product_cat-diversidad-visual","product_cat-escritura-y-mantenimiento-de-registros","product_cat-guias-de-escritura"],"_links":{"self":[{"href":"https:\/\/0barreras.com\/en\/wp-json\/wp\/v2\/product\/2748","targetHints":{"allow":["GET"]}}],"collection":[{"href":"https:\/\/0barreras.com\/en\/wp-json\/wp\/v2\/product"}],"about":[{"href":"https:\/\/0barreras.com\/en\/wp-json\/wp\/v2\/types\/product"}],"replies":[{"embeddable":true,"href":"https:\/\/0barreras.com\/en\/wp-json\/wp\/v2\/comments?post=2748"}],"version-history":[{"count":1,"href":"https:\/\/0barreras.com\/en\/wp-json\/wp\/v2\/product\/2748\/revisions"}],"predecessor-version":[{"id":3278,"href":"https:\/\/0barreras.com\/en\/wp-json\/wp\/v2\/product\/2748\/revisions\/3278"}],"wp:featuredmedia":[{"embeddable":true,"href":"https:\/\/0barreras.com\/en\/wp-json\/wp\/v2\/media\/2749"}],"wp:attachment":[{"href":"https:\/\/0barreras.com\/en\/wp-json\/wp\/v2\/media?parent=2748"}],"wp:term":[{"taxonomy":"product_cat","embeddable":true,"href":"https:\/\/0barreras.com\/en\/wp-json\/wp\/v2\/product_cat?post=2748"},{"taxonomy":"product_tag","embeddable":true,"href":"https:\/\/0barreras.com\/en\/wp-json\/wp\/v2\/product_tag?post=2748"}],"curies":[{"name":"wp","href":"https:\/\/api.w.org\/{rel}","templated":true}]}}