{"id":2725,"date":"2024-05-13T03:53:16","date_gmt":"2024-05-13T08:53:16","guid":{"rendered":"https:\/\/0barreras.com\/?post_type=product&#038;p=2725"},"modified":"2024-05-13T22:41:49","modified_gmt":"2024-05-14T03:41:49","slug":"guia-de-firma-robusta","status":"publish","type":"product","link":"https:\/\/0barreras.com\/en\/product\/guia-de-firma-robusta\/","title":{"rendered":"Gu\u00eda de Firma robusta &#8211; Pl\u00e1stico Negro con Llavero"},"content":{"rendered":"<p>La gu\u00eda de firma indestructible est\u00e1 fabricada en pl\u00e1stico negro resistente y cuenta con un orificio para colocar un llavero o cuerda. Viene con un llavero plateado adjunto para mayor comodidad. La abertura de la firma est\u00e1 centrada y tiene medidas de 3&#8243; de ancho, 9\/16&#8243; de alto y 1\/16&#8243; de grosor.<\/p>","protected":false},"excerpt":{"rendered":"<p>Gu\u00eda de firma resistente hecha de pl\u00e1stico negro con orificio para llavero. Incluye un llavero plateado adjunto.<\/p>","protected":false},"featured_media":2726,"comment_status":"open","ping_status":"closed","template":"","meta":[],"product_cat":[18,22,132,158],"product_tag":[],"class_list":["post-2725","product","type-product","status-publish","has-post-thumbnail","hentry","product_cat-baja-vision","product_cat-diversidad-visual","product_cat-escritura-y-mantenimiento-de-registros","product_cat-guias-de-escritura"],"_links":{"self":[{"href":"https:\/\/0barreras.com\/en\/wp-json\/wp\/v2\/product\/2725","targetHints":{"allow":["GET"]}}],"collection":[{"href":"https:\/\/0barreras.com\/en\/wp-json\/wp\/v2\/product"}],"about":[{"href":"https:\/\/0barreras.com\/en\/wp-json\/wp\/v2\/types\/product"}],"replies":[{"embeddable":true,"href":"https:\/\/0barreras.com\/en\/wp-json\/wp\/v2\/comments?post=2725"}],"version-history":[{"count":1,"href":"https:\/\/0barreras.com\/en\/wp-json\/wp\/v2\/product\/2725\/revisions"}],"predecessor-version":[{"id":3264,"href":"https:\/\/0barreras.com\/en\/wp-json\/wp\/v2\/product\/2725\/revisions\/3264"}],"wp:featuredmedia":[{"embeddable":true,"href":"https:\/\/0barreras.com\/en\/wp-json\/wp\/v2\/media\/2726"}],"wp:attachment":[{"href":"https:\/\/0barreras.com\/en\/wp-json\/wp\/v2\/media?parent=2725"}],"wp:term":[{"taxonomy":"product_cat","embeddable":true,"href":"https:\/\/0barreras.com\/en\/wp-json\/wp\/v2\/product_cat?post=2725"},{"taxonomy":"product_tag","embeddable":true,"href":"https:\/\/0barreras.com\/en\/wp-json\/wp\/v2\/product_tag?post=2725"}],"curies":[{"name":"wp","href":"https:\/\/api.w.org\/{rel}","templated":true}]}}