{"id":272,"date":"2024-01-18T13:39:58","date_gmt":"2024-01-18T18:39:58","guid":{"rendered":"https:\/\/0barreras.com\/?post_type=product&#038;p=272"},"modified":"2024-03-31T22:40:18","modified_gmt":"2024-04-01T03:40:18","slug":"gafas-para-leer-con-diseno-corte-laser-mujer","status":"publish","type":"product","link":"https:\/\/0barreras.com\/en\/product\/gafas-para-leer-con-diseno-corte-laser-mujer\/","title":{"rendered":"Gafas de Lectura para Mujer con Elegante Dise\u00f1o de Corte L\u00e1ser"},"content":{"rendered":"<p><strong>Gafas de lectura de alta precisi\u00f3n<\/strong>, con marcos finamente tallados mediante\u00a0<strong>t\u00e9cnicas de grabado l\u00e1ser<\/strong>. Disponibles en una gama de dioptr\u00edas que van desde\u00a0<strong>+1.00 hasta +2.00<\/strong>, combinando funcionalidad y est\u00e9tica para una experiencia visual superior.<\/p>","protected":false},"excerpt":{"rendered":"<p>Gafas de lectura con marcos grabados a l\u00e1ser. Dioptr\u00edas de\u00a0<strong>+1.00 a +2.00<\/strong>\u00a0para una visi\u00f3n y gran estilo.<\/p>","protected":false},"featured_media":251,"comment_status":"open","ping_status":"closed","template":"","meta":[],"product_cat":[18,25],"product_tag":[],"class_list":["post-272","product","type-product","status-publish","has-post-thumbnail","hentry","product_cat-baja-vision","product_cat-gafas-de-lectura"],"_links":{"self":[{"href":"https:\/\/0barreras.com\/en\/wp-json\/wp\/v2\/product\/272","targetHints":{"allow":["GET"]}}],"collection":[{"href":"https:\/\/0barreras.com\/en\/wp-json\/wp\/v2\/product"}],"about":[{"href":"https:\/\/0barreras.com\/en\/wp-json\/wp\/v2\/types\/product"}],"replies":[{"embeddable":true,"href":"https:\/\/0barreras.com\/en\/wp-json\/wp\/v2\/comments?post=272"}],"version-history":[{"count":1,"href":"https:\/\/0barreras.com\/en\/wp-json\/wp\/v2\/product\/272\/revisions"}],"predecessor-version":[{"id":1117,"href":"https:\/\/0barreras.com\/en\/wp-json\/wp\/v2\/product\/272\/revisions\/1117"}],"wp:featuredmedia":[{"embeddable":true,"href":"https:\/\/0barreras.com\/en\/wp-json\/wp\/v2\/media\/251"}],"wp:attachment":[{"href":"https:\/\/0barreras.com\/en\/wp-json\/wp\/v2\/media?parent=272"}],"wp:term":[{"taxonomy":"product_cat","embeddable":true,"href":"https:\/\/0barreras.com\/en\/wp-json\/wp\/v2\/product_cat?post=272"},{"taxonomy":"product_tag","embeddable":true,"href":"https:\/\/0barreras.com\/en\/wp-json\/wp\/v2\/product_tag?post=272"}],"curies":[{"name":"wp","href":"https:\/\/api.w.org\/{rel}","templated":true}]}}