{"id":2713,"date":"2024-05-13T03:45:40","date_gmt":"2024-05-13T08:45:40","guid":{"rendered":"https:\/\/0barreras.com\/?post_type=product&#038;p=2713"},"modified":"2024-05-13T21:48:30","modified_gmt":"2024-05-14T02:48:30","slug":"boligrafo-de-escritura-pilot-bravo-bold-line-rotulador","status":"publish","type":"product","link":"https:\/\/0barreras.com\/en\/product\/boligrafo-de-escritura-pilot-bravo-bold-line-rotulador\/","title":{"rendered":"Rotulador de L\u00ednea Negra Pilot Bravo Bold Line  en Negrita &#8211; Ideal para Escribir en Papel &#8211; M\u00e1s Delgado que 20\/20"},"content":{"rendered":"<p>Este rotulador crea l\u00edneas negras en negrita, ideales para escribir en papel. La l\u00ednea es ligeramente m\u00e1s delgada que la producida por los bol\u00edgrafos 20\/20, lo que lo hace adecuado para quienes prefieren l\u00edneas un poco m\u00e1s finas pero a\u00fan audaces. Este rotulador es perfecto para tareas donde se necesita un texto destacado pero legible.<\/p>","protected":false},"excerpt":{"rendered":"<p>Rotulador que crea l\u00edneas negras en negrita, ideal para escribir en papel. Ligeramente m\u00e1s delgado que los bol\u00edgrafos 20\/20.<\/p>","protected":false},"featured_media":2714,"comment_status":"open","ping_status":"closed","template":"","meta":[],"product_cat":[18,157,22,132],"product_tag":[],"class_list":["post-2713","product","type-product","status-publish","has-post-thumbnail","hentry","product_cat-baja-vision","product_cat-boligrafos-y-rotuladores","product_cat-diversidad-visual","product_cat-escritura-y-mantenimiento-de-registros"],"_links":{"self":[{"href":"https:\/\/0barreras.com\/en\/wp-json\/wp\/v2\/product\/2713","targetHints":{"allow":["GET"]}}],"collection":[{"href":"https:\/\/0barreras.com\/en\/wp-json\/wp\/v2\/product"}],"about":[{"href":"https:\/\/0barreras.com\/en\/wp-json\/wp\/v2\/types\/product"}],"replies":[{"embeddable":true,"href":"https:\/\/0barreras.com\/en\/wp-json\/wp\/v2\/comments?post=2713"}],"version-history":[{"count":1,"href":"https:\/\/0barreras.com\/en\/wp-json\/wp\/v2\/product\/2713\/revisions"}],"predecessor-version":[{"id":3258,"href":"https:\/\/0barreras.com\/en\/wp-json\/wp\/v2\/product\/2713\/revisions\/3258"}],"wp:featuredmedia":[{"embeddable":true,"href":"https:\/\/0barreras.com\/en\/wp-json\/wp\/v2\/media\/2714"}],"wp:attachment":[{"href":"https:\/\/0barreras.com\/en\/wp-json\/wp\/v2\/media?parent=2713"}],"wp:term":[{"taxonomy":"product_cat","embeddable":true,"href":"https:\/\/0barreras.com\/en\/wp-json\/wp\/v2\/product_cat?post=2713"},{"taxonomy":"product_tag","embeddable":true,"href":"https:\/\/0barreras.com\/en\/wp-json\/wp\/v2\/product_tag?post=2713"}],"curies":[{"name":"wp","href":"https:\/\/api.w.org\/{rel}","templated":true}]}}