{"id":2692,"date":"2024-05-13T03:35:09","date_gmt":"2024-05-13T08:35:09","guid":{"rendered":"https:\/\/0barreras.com\/?post_type=product&#038;p=2692"},"modified":"2024-05-13T21:02:35","modified_gmt":"2024-05-14T02:02:35","slug":"guia-de-redaccion-de-cheques-comerciales-8x3","status":"publish","type":"product","link":"https:\/\/0barreras.com\/en\/product\/guia-de-redaccion-de-cheques-comerciales-8x3\/","title":{"rendered":"Plantilla de Emisi\u00f3n de Cheques para Cheque Comercial de 3 x 8 Pulgadas"},"content":{"rendered":"<p>Esta plantilla de emisi\u00f3n de cheques est\u00e1 dise\u00f1ada para ajustarse a un cheque comercial de 3 x 8 pulgadas. Con recortes para todas las entradas necesarias,<br \/>\nesta plantilla te ayuda a completar tus cheques de forma precisa y ordenada. Simplemente coloca la plantilla sobre el cheque y rellena los espacios correspondientes.<br \/>\nEsta plantilla es una herramienta \u00fatil para garantizar la exactitud en tus transacciones financieras.<\/p>","protected":false},"excerpt":{"rendered":"<p>Plantilla de emisi\u00f3n de cheques para cheque comercial de 3 x 8 pulgadas. Con recortes para todas las entradas necesarias.<\/p>","protected":false},"featured_media":2693,"comment_status":"open","ping_status":"closed","template":"","meta":[],"product_cat":[156,18,22,132],"product_tag":[],"class_list":["post-2692","product","type-product","status-publish","has-post-thumbnail","hentry","product_cat-administracion-del-dinero","product_cat-baja-vision","product_cat-diversidad-visual","product_cat-escritura-y-mantenimiento-de-registros"],"_links":{"self":[{"href":"https:\/\/0barreras.com\/en\/wp-json\/wp\/v2\/product\/2692","targetHints":{"allow":["GET"]}}],"collection":[{"href":"https:\/\/0barreras.com\/en\/wp-json\/wp\/v2\/product"}],"about":[{"href":"https:\/\/0barreras.com\/en\/wp-json\/wp\/v2\/types\/product"}],"replies":[{"embeddable":true,"href":"https:\/\/0barreras.com\/en\/wp-json\/wp\/v2\/comments?post=2692"}],"version-history":[{"count":1,"href":"https:\/\/0barreras.com\/en\/wp-json\/wp\/v2\/product\/2692\/revisions"}],"predecessor-version":[{"id":3249,"href":"https:\/\/0barreras.com\/en\/wp-json\/wp\/v2\/product\/2692\/revisions\/3249"}],"wp:featuredmedia":[{"embeddable":true,"href":"https:\/\/0barreras.com\/en\/wp-json\/wp\/v2\/media\/2693"}],"wp:attachment":[{"href":"https:\/\/0barreras.com\/en\/wp-json\/wp\/v2\/media?parent=2692"}],"wp:term":[{"taxonomy":"product_cat","embeddable":true,"href":"https:\/\/0barreras.com\/en\/wp-json\/wp\/v2\/product_cat?post=2692"},{"taxonomy":"product_tag","embeddable":true,"href":"https:\/\/0barreras.com\/en\/wp-json\/wp\/v2\/product_tag?post=2692"}],"curies":[{"name":"wp","href":"https:\/\/api.w.org\/{rel}","templated":true}]}}