{"id":2687,"date":"2024-05-13T03:33:17","date_gmt":"2024-05-13T08:33:17","guid":{"rendered":"https:\/\/0barreras.com\/?post_type=product&#038;p=2687"},"modified":"2024-05-13T20:54:07","modified_gmt":"2024-05-14T01:54:07","slug":"registro-de-cheques-y-depositos","status":"publish","type":"product","link":"https:\/\/0barreras.com\/en\/product\/registro-de-cheques-y-depositos\/","title":{"rendered":"Registro de Cheques y Dep\u00f3sitos Grande y F\u00e1cil de Ver,"},"content":{"rendered":"<p>Este registro de cheques y dep\u00f3sitos es grande y f\u00e1cil de ver, lo que lo hace ideal para mantener un registro en casa de todas tus transacciones con cheques.\u00a0 Cada p\u00e1gina tiene un tama\u00f1o de 8,5 x 11 pulgadas y est\u00e1 dise\u00f1ada para 12 entradas, lo que significa que el registro completo de 50 p\u00e1ginas ofrece un total de 600 entradas. Con este registro, puedes llevar un seguimiento preciso y detallado de tus finanzas.<\/p>","protected":false},"excerpt":{"rendered":"<p>Registro de cheques y dep\u00f3sitos grande y f\u00e1cil de ver. Cada p\u00e1gina de 8,5 x 11 pulgadas tiene espacio para 12 entradas, con un total de 600 entradas en el registro de 50 p\u00e1ginas.<\/p>","protected":false},"featured_media":2688,"comment_status":"open","ping_status":"closed","template":"","meta":[],"product_cat":[156,18,22,132],"product_tag":[],"class_list":["post-2687","product","type-product","status-publish","has-post-thumbnail","hentry","product_cat-administracion-del-dinero","product_cat-baja-vision","product_cat-diversidad-visual","product_cat-escritura-y-mantenimiento-de-registros"],"_links":{"self":[{"href":"https:\/\/0barreras.com\/en\/wp-json\/wp\/v2\/product\/2687","targetHints":{"allow":["GET"]}}],"collection":[{"href":"https:\/\/0barreras.com\/en\/wp-json\/wp\/v2\/product"}],"about":[{"href":"https:\/\/0barreras.com\/en\/wp-json\/wp\/v2\/types\/product"}],"replies":[{"embeddable":true,"href":"https:\/\/0barreras.com\/en\/wp-json\/wp\/v2\/comments?post=2687"}],"version-history":[{"count":1,"href":"https:\/\/0barreras.com\/en\/wp-json\/wp\/v2\/product\/2687\/revisions"}],"predecessor-version":[{"id":3247,"href":"https:\/\/0barreras.com\/en\/wp-json\/wp\/v2\/product\/2687\/revisions\/3247"}],"wp:featuredmedia":[{"embeddable":true,"href":"https:\/\/0barreras.com\/en\/wp-json\/wp\/v2\/media\/2688"}],"wp:attachment":[{"href":"https:\/\/0barreras.com\/en\/wp-json\/wp\/v2\/media?parent=2687"}],"wp:term":[{"taxonomy":"product_cat","embeddable":true,"href":"https:\/\/0barreras.com\/en\/wp-json\/wp\/v2\/product_cat?post=2687"},{"taxonomy":"product_tag","embeddable":true,"href":"https:\/\/0barreras.com\/en\/wp-json\/wp\/v2\/product_tag?post=2687"}],"curies":[{"name":"wp","href":"https:\/\/api.w.org\/{rel}","templated":true}]}}