{"id":2685,"date":"2024-05-13T03:32:33","date_gmt":"2024-05-13T08:32:33","guid":{"rendered":"https:\/\/0barreras.com\/?post_type=product&#038;p=2685"},"modified":"2024-05-13T19:56:02","modified_gmt":"2024-05-14T00:56:02","slug":"registro-de-cheques-con-letra-grande","status":"publish","type":"product","link":"https:\/\/0barreras.com\/en\/product\/registro-de-cheques-con-letra-grande\/","title":{"rendered":"Registro de Cheques con Letra Grande y Espacio Amplio, Encuadernado en Espiral,"},"content":{"rendered":"<p>Este registro de cheques est\u00e1 encuadernado en espiral y cuenta con una resistente tapa dura. Utiliza letra grande para los encabezados, lo que facilita la lectura y organizaci\u00f3n de la informaci\u00f3n. Adem\u00e1s, ofrece un amplio espacio para escribir con un bol\u00edgrafo en negrita, garantizando que tus registros<br \/>\nsean claros y legibles. Con espacio para 336 entradas, este registro es ideal para llevar un seguimiento detallado de tus transacciones financieras. Sus medidas son 9&#8243; x 5&#8243;, lo que lo hace f\u00e1cil de transportar y almacenar.<\/p>","protected":false},"excerpt":{"rendered":"<p>Registro de cheques encuadernado en espiral con tapa dura. Utiliza letra grande para los encabezados y ofrece un amplio espacio para escribir con un bol\u00edgrafo en negrita. Espacio para 336 entradas, medidas de 9&#8243; x 5&#8243;.<\/p>","protected":false},"featured_media":2686,"comment_status":"open","ping_status":"closed","template":"","meta":[],"product_cat":[156,18,22,132],"product_tag":[],"class_list":["post-2685","product","type-product","status-publish","has-post-thumbnail","hentry","product_cat-administracion-del-dinero","product_cat-baja-vision","product_cat-diversidad-visual","product_cat-escritura-y-mantenimiento-de-registros"],"_links":{"self":[{"href":"https:\/\/0barreras.com\/en\/wp-json\/wp\/v2\/product\/2685","targetHints":{"allow":["GET"]}}],"collection":[{"href":"https:\/\/0barreras.com\/en\/wp-json\/wp\/v2\/product"}],"about":[{"href":"https:\/\/0barreras.com\/en\/wp-json\/wp\/v2\/types\/product"}],"replies":[{"embeddable":true,"href":"https:\/\/0barreras.com\/en\/wp-json\/wp\/v2\/comments?post=2685"}],"version-history":[{"count":1,"href":"https:\/\/0barreras.com\/en\/wp-json\/wp\/v2\/product\/2685\/revisions"}],"predecessor-version":[{"id":3246,"href":"https:\/\/0barreras.com\/en\/wp-json\/wp\/v2\/product\/2685\/revisions\/3246"}],"wp:featuredmedia":[{"embeddable":true,"href":"https:\/\/0barreras.com\/en\/wp-json\/wp\/v2\/media\/2686"}],"wp:attachment":[{"href":"https:\/\/0barreras.com\/en\/wp-json\/wp\/v2\/media?parent=2685"}],"wp:term":[{"taxonomy":"product_cat","embeddable":true,"href":"https:\/\/0barreras.com\/en\/wp-json\/wp\/v2\/product_cat?post=2685"},{"taxonomy":"product_tag","embeddable":true,"href":"https:\/\/0barreras.com\/en\/wp-json\/wp\/v2\/product_tag?post=2685"}],"curies":[{"name":"wp","href":"https:\/\/api.w.org\/{rel}","templated":true}]}}