{"id":2683,"date":"2024-05-13T03:31:45","date_gmt":"2024-05-13T08:31:45","guid":{"rendered":"https:\/\/0barreras.com\/?post_type=product&#038;p=2683"},"modified":"2024-05-13T19:49:10","modified_gmt":"2024-05-14T00:49:10","slug":"registro-de-depositos-y-cheques-con-letra-grande","status":"publish","type":"product","link":"https:\/\/0barreras.com\/en\/product\/registro-de-depositos-y-cheques-con-letra-grande\/","title":{"rendered":"Registro de Cheques con Letra Grande y Formato Ampliado, 40 Espacios en Blanco"},"content":{"rendered":"<p>Este registro de cheques est\u00e1 dise\u00f1ado para brindar independencia en la gesti\u00f3n de cheques a personas con discapacidad visual. Con letra grande y un formato ampliado, facilita la escritura y lectura de la informaci\u00f3n. La impresi\u00f3n tiene un tipo de letra de entre 24 y 30 puntos, lo que la hace f\u00e1cilmente legible.<br \/>\nCon unas medidas de 8,5 x 3,5 pulgadas, este registro cuenta con 40 espacios en blanco para que puedas llevar un seguimiento preciso de tus transacciones.<\/p>","protected":false},"excerpt":{"rendered":"<p>Registro de cheques con letra grande y formato ampliado para personas con discapacidad visual. Impresi\u00f3n de entre 24 y 30 puntos, medidas de 8,5 x 3,5<br \/>\npulgadas y 40 espacios en blanco.<\/p>","protected":false},"featured_media":2684,"comment_status":"open","ping_status":"closed","template":"","meta":[],"product_cat":[156,18,22,132],"product_tag":[],"class_list":["post-2683","product","type-product","status-publish","has-post-thumbnail","hentry","product_cat-administracion-del-dinero","product_cat-baja-vision","product_cat-diversidad-visual","product_cat-escritura-y-mantenimiento-de-registros"],"_links":{"self":[{"href":"https:\/\/0barreras.com\/en\/wp-json\/wp\/v2\/product\/2683","targetHints":{"allow":["GET"]}}],"collection":[{"href":"https:\/\/0barreras.com\/en\/wp-json\/wp\/v2\/product"}],"about":[{"href":"https:\/\/0barreras.com\/en\/wp-json\/wp\/v2\/types\/product"}],"replies":[{"embeddable":true,"href":"https:\/\/0barreras.com\/en\/wp-json\/wp\/v2\/comments?post=2683"}],"version-history":[{"count":1,"href":"https:\/\/0barreras.com\/en\/wp-json\/wp\/v2\/product\/2683\/revisions"}],"predecessor-version":[{"id":3245,"href":"https:\/\/0barreras.com\/en\/wp-json\/wp\/v2\/product\/2683\/revisions\/3245"}],"wp:featuredmedia":[{"embeddable":true,"href":"https:\/\/0barreras.com\/en\/wp-json\/wp\/v2\/media\/2684"}],"wp:attachment":[{"href":"https:\/\/0barreras.com\/en\/wp-json\/wp\/v2\/media?parent=2683"}],"wp:term":[{"taxonomy":"product_cat","embeddable":true,"href":"https:\/\/0barreras.com\/en\/wp-json\/wp\/v2\/product_cat?post=2683"},{"taxonomy":"product_tag","embeddable":true,"href":"https:\/\/0barreras.com\/en\/wp-json\/wp\/v2\/product_tag?post=2683"}],"curies":[{"name":"wp","href":"https:\/\/api.w.org\/{rel}","templated":true}]}}