{"id":2677,"date":"2024-05-13T03:29:31","date_gmt":"2024-05-13T08:29:31","guid":{"rendered":"https:\/\/0barreras.com\/?post_type=product&#038;p=2677"},"modified":"2024-05-13T19:35:32","modified_gmt":"2024-05-14T00:35:32","slug":"cartera-organizadora-de-cuero-rojo","status":"publish","type":"product","link":"https:\/\/0barreras.com\/en\/product\/cartera-organizadora-de-cuero-rojo\/","title":{"rendered":"Billetera de Cuero y Organizador, Rojo Brillante"},"content":{"rendered":"<p>Esta billetera de cuero incre\u00edblemente \u00fatil y suave est\u00e1 dise\u00f1ada para ayudarte a organizar tus pertenencias de manera efectiva. Con numerosos bolsillos, encontrar\u00e1s f\u00e1cilmente lo que necesitas. Los compartimentos de f\u00e1cil acceso incluyen: 3 bolsillos separados para monedas, 1 bolsillo con cremallera y tres bolsillos normales para billetes, 10 espacios para tarjetas de cr\u00e9dito, licencia de conducir, chequeras, etc. Sus cierres de velcro son seguros y f\u00e1ciles de abrir. Con unas medidas de 8&#8243; x 3 3\/4&#8243;, esta billetera en color rojo brillante es tanto funcional como llamativa.<\/p>","protected":false},"excerpt":{"rendered":"<p>Billetera de cuero suave y \u00fatil con varios bolsillos para una organizaci\u00f3n efectiva. Incluye 3 bolsillos para monedas, 1 bolsillo con cremallera, 3 bolsillos para billetes, 10 espacios para tarjetas de cr\u00e9dito, etc. Cierres de velcro seguros y f\u00e1ciles de abrir. Medidas de 8&#8243; x 3 3\/4&#8243;. Color rojo brillante para<br \/>\nuna f\u00e1cil localizaci\u00f3n.<\/p>","protected":false},"featured_media":2678,"comment_status":"open","ping_status":"closed","template":"","meta":[],"product_cat":[156,18,22,132],"product_tag":[],"class_list":["post-2677","product","type-product","status-publish","has-post-thumbnail","hentry","product_cat-administracion-del-dinero","product_cat-baja-vision","product_cat-diversidad-visual","product_cat-escritura-y-mantenimiento-de-registros"],"_links":{"self":[{"href":"https:\/\/0barreras.com\/en\/wp-json\/wp\/v2\/product\/2677","targetHints":{"allow":["GET"]}}],"collection":[{"href":"https:\/\/0barreras.com\/en\/wp-json\/wp\/v2\/product"}],"about":[{"href":"https:\/\/0barreras.com\/en\/wp-json\/wp\/v2\/types\/product"}],"replies":[{"embeddable":true,"href":"https:\/\/0barreras.com\/en\/wp-json\/wp\/v2\/comments?post=2677"}],"version-history":[{"count":1,"href":"https:\/\/0barreras.com\/en\/wp-json\/wp\/v2\/product\/2677\/revisions"}],"predecessor-version":[{"id":3242,"href":"https:\/\/0barreras.com\/en\/wp-json\/wp\/v2\/product\/2677\/revisions\/3242"}],"wp:featuredmedia":[{"embeddable":true,"href":"https:\/\/0barreras.com\/en\/wp-json\/wp\/v2\/media\/2678"}],"wp:attachment":[{"href":"https:\/\/0barreras.com\/en\/wp-json\/wp\/v2\/media?parent=2677"}],"wp:term":[{"taxonomy":"product_cat","embeddable":true,"href":"https:\/\/0barreras.com\/en\/wp-json\/wp\/v2\/product_cat?post=2677"},{"taxonomy":"product_tag","embeddable":true,"href":"https:\/\/0barreras.com\/en\/wp-json\/wp\/v2\/product_tag?post=2677"}],"curies":[{"name":"wp","href":"https:\/\/api.w.org\/{rel}","templated":true}]}}