{"id":2669,"date":"2024-05-13T03:26:05","date_gmt":"2024-05-13T08:26:05","guid":{"rendered":"https:\/\/0barreras.com\/?post_type=product&#038;p=2669"},"modified":"2024-05-13T19:15:40","modified_gmt":"2024-05-14T00:15:40","slug":"monedero","status":"publish","type":"product","link":"https:\/\/0barreras.com\/en\/product\/monedero\/","title":{"rendered":"Monedero de cuero de alta calidad con 4 compartimentos para separar el cambio, que se ventila como un acorde\u00f3n y se cierra a presi\u00f3n"},"content":{"rendered":"<p>Este elegante monedero de cuero est\u00e1 fabricado con la misma calidad que nuestras otras carteras. Tiene 4 compartimentos para separar el cambio, que se ventila como un acorde\u00f3n para facilitar el acceso y la organizaci\u00f3n. La bolsa se cierra a presi\u00f3n, manteniendo tus monedas seguras y ordenadas. Es una opci\u00f3n elegante y funcional para el d\u00eda a d\u00eda.<\/p>","protected":false},"excerpt":{"rendered":"<p>Monedero de cuero de alta calidad con 4 compartimentos para separar el cambio, que se ventila como un acorde\u00f3n y se cierra a presi\u00f3n.<\/p>","protected":false},"featured_media":2670,"comment_status":"open","ping_status":"closed","template":"","meta":[],"product_cat":[156,18,22,132],"product_tag":[],"class_list":["post-2669","product","type-product","status-publish","has-post-thumbnail","hentry","product_cat-administracion-del-dinero","product_cat-baja-vision","product_cat-diversidad-visual","product_cat-escritura-y-mantenimiento-de-registros"],"_links":{"self":[{"href":"https:\/\/0barreras.com\/en\/wp-json\/wp\/v2\/product\/2669","targetHints":{"allow":["GET"]}}],"collection":[{"href":"https:\/\/0barreras.com\/en\/wp-json\/wp\/v2\/product"}],"about":[{"href":"https:\/\/0barreras.com\/en\/wp-json\/wp\/v2\/types\/product"}],"replies":[{"embeddable":true,"href":"https:\/\/0barreras.com\/en\/wp-json\/wp\/v2\/comments?post=2669"}],"version-history":[{"count":1,"href":"https:\/\/0barreras.com\/en\/wp-json\/wp\/v2\/product\/2669\/revisions"}],"predecessor-version":[{"id":3238,"href":"https:\/\/0barreras.com\/en\/wp-json\/wp\/v2\/product\/2669\/revisions\/3238"}],"wp:featuredmedia":[{"embeddable":true,"href":"https:\/\/0barreras.com\/en\/wp-json\/wp\/v2\/media\/2670"}],"wp:attachment":[{"href":"https:\/\/0barreras.com\/en\/wp-json\/wp\/v2\/media?parent=2669"}],"wp:term":[{"taxonomy":"product_cat","embeddable":true,"href":"https:\/\/0barreras.com\/en\/wp-json\/wp\/v2\/product_cat?post=2669"},{"taxonomy":"product_tag","embeddable":true,"href":"https:\/\/0barreras.com\/en\/wp-json\/wp\/v2\/product_tag?post=2669"}],"curies":[{"name":"wp","href":"https:\/\/api.w.org\/{rel}","templated":true}]}}