{"id":2661,"date":"2024-05-13T03:21:41","date_gmt":"2024-05-13T08:21:41","guid":{"rendered":"https:\/\/0barreras.com\/?post_type=product&#038;p=2661"},"modified":"2024-05-13T18:44:06","modified_gmt":"2024-05-13T23:44:06","slug":"calendario-de-pared-jumbo-2024","status":"publish","type":"product","link":"https:\/\/0barreras.com\/en\/product\/calendario-de-pared-jumbo-2024\/","title":{"rendered":"Calendario Extra Grande 2024 de 12 Meses, 17&#8243; x 22&#8243;, Cada D\u00eda con Caja de 2 1\/2&#8243; x 3 1\/2&#8243;, Resistente al Sangrado, Pared o Escritorio"},"content":{"rendered":"<p>Este calendario extra grande de 12 meses est\u00e1 dise\u00f1ado para ofrecerte una vista completa del mes en dos p\u00e1ginas (17&#8243; de ancho x 22&#8243; de alto). Cada d\u00eda tiene su propia caja extra grande de 2 1\/2&#8243; de ancho x 3 1\/2&#8243; de alto, con n\u00fameros extremadamente llamativos y mucho espacio para escribir citas. El papel extra grueso resiste el sangrado de la mayor\u00eda de los bol\u00edgrafos. Puede ser colgado en la pared o utilizado como calendario de escritorio o de mesa.<\/p>","protected":false},"excerpt":{"rendered":"<p>Calendario extra grande de 12 meses (17&#8243; x 22&#8243;) con vista completa del mes en dos p\u00e1ginas. Cada d\u00eda tiene una caja extra grande de 2 1\/2&#8243; x 3 1\/2&#8243;. N\u00fameros llamativos y espacio amplio para escribir citas. Resistente al sangrado de bol\u00edgrafos. Se puede colgar en la pared o usar como calendario de escritorio.<\/p>","protected":false},"featured_media":2662,"comment_status":"open","ping_status":"closed","template":"","meta":[],"product_cat":[18,155,22,132],"product_tag":[],"class_list":["post-2661","product","type-product","status-publish","has-post-thumbnail","hentry","product_cat-baja-vision","product_cat-calendarios-con-letra-grande","product_cat-diversidad-visual","product_cat-escritura-y-mantenimiento-de-registros"],"_links":{"self":[{"href":"https:\/\/0barreras.com\/en\/wp-json\/wp\/v2\/product\/2661","targetHints":{"allow":["GET"]}}],"collection":[{"href":"https:\/\/0barreras.com\/en\/wp-json\/wp\/v2\/product"}],"about":[{"href":"https:\/\/0barreras.com\/en\/wp-json\/wp\/v2\/types\/product"}],"replies":[{"embeddable":true,"href":"https:\/\/0barreras.com\/en\/wp-json\/wp\/v2\/comments?post=2661"}],"version-history":[{"count":1,"href":"https:\/\/0barreras.com\/en\/wp-json\/wp\/v2\/product\/2661\/revisions"}],"predecessor-version":[{"id":3235,"href":"https:\/\/0barreras.com\/en\/wp-json\/wp\/v2\/product\/2661\/revisions\/3235"}],"wp:featuredmedia":[{"embeddable":true,"href":"https:\/\/0barreras.com\/en\/wp-json\/wp\/v2\/media\/2662"}],"wp:attachment":[{"href":"https:\/\/0barreras.com\/en\/wp-json\/wp\/v2\/media?parent=2661"}],"wp:term":[{"taxonomy":"product_cat","embeddable":true,"href":"https:\/\/0barreras.com\/en\/wp-json\/wp\/v2\/product_cat?post=2661"},{"taxonomy":"product_tag","embeddable":true,"href":"https:\/\/0barreras.com\/en\/wp-json\/wp\/v2\/product_tag?post=2661"}],"curies":[{"name":"wp","href":"https:\/\/api.w.org\/{rel}","templated":true}]}}