{"id":2655,"date":"2024-05-13T03:17:59","date_gmt":"2024-05-13T08:17:59","guid":{"rendered":"https:\/\/0barreras.com\/?post_type=product&#038;p=2655"},"modified":"2024-05-13T17:47:42","modified_gmt":"2024-05-13T22:47:42","slug":"papel-de-escritura-de-lineas-en-negrita-espaciado-de-1-2-a-una-cara","status":"publish","type":"product","link":"https:\/\/0barreras.com\/en\/product\/papel-de-escritura-de-lineas-en-negrita-espaciado-de-1-2-a-una-cara\/","title":{"rendered":"Papel de Escritura de L\u00edneas en Negrita de Una Sola Cara, 100 Hojas, 20 L\u00edneas por P\u00e1gina"},"content":{"rendered":"<p>Este papel de escritura est\u00e1 dise\u00f1ado para personas con discapacidades visuales y auditivas, ofreciendo l\u00edneas negras en negrita en una sola cara de cada p\u00e1gina para una mayor legibilidad. Cada hoja de 8,5 x 11 pulgadas cuenta con 20 l\u00edneas separadas por .56 pulgadas, lo que facilita la escritura y lectura.\u00a0 Con 100 hojas en un bloc engomado, este papel es ideal para cartas, listas, toma de notas y m\u00e1s.<\/p>","protected":false},"excerpt":{"rendered":"<p>Papel de escritura de l\u00edneas en negrita de una sola cara. Hojas de 8,5 x 11 pulgadas con l\u00edneas separadas por .56 pulgadas. 100 hojas por bloc, ideal para cartas, listas, toma de notas, etc.<\/p>","protected":false},"featured_media":2656,"comment_status":"open","ping_status":"closed","template":"","meta":[],"product_cat":[18,154,22,132],"product_tag":[],"class_list":["post-2655","product","type-product","status-publish","has-post-thumbnail","hentry","product_cat-baja-vision","product_cat-cuaderno-tipo-bloc-con-linea-en-negrita-y-papel-tactil","product_cat-diversidad-visual","product_cat-escritura-y-mantenimiento-de-registros"],"_links":{"self":[{"href":"https:\/\/0barreras.com\/en\/wp-json\/wp\/v2\/product\/2655","targetHints":{"allow":["GET"]}}],"collection":[{"href":"https:\/\/0barreras.com\/en\/wp-json\/wp\/v2\/product"}],"about":[{"href":"https:\/\/0barreras.com\/en\/wp-json\/wp\/v2\/types\/product"}],"replies":[{"embeddable":true,"href":"https:\/\/0barreras.com\/en\/wp-json\/wp\/v2\/comments?post=2655"}],"version-history":[{"count":1,"href":"https:\/\/0barreras.com\/en\/wp-json\/wp\/v2\/product\/2655\/revisions"}],"predecessor-version":[{"id":3232,"href":"https:\/\/0barreras.com\/en\/wp-json\/wp\/v2\/product\/2655\/revisions\/3232"}],"wp:featuredmedia":[{"embeddable":true,"href":"https:\/\/0barreras.com\/en\/wp-json\/wp\/v2\/media\/2656"}],"wp:attachment":[{"href":"https:\/\/0barreras.com\/en\/wp-json\/wp\/v2\/media?parent=2655"}],"wp:term":[{"taxonomy":"product_cat","embeddable":true,"href":"https:\/\/0barreras.com\/en\/wp-json\/wp\/v2\/product_cat?post=2655"},{"taxonomy":"product_tag","embeddable":true,"href":"https:\/\/0barreras.com\/en\/wp-json\/wp\/v2\/product_tag?post=2655"}],"curies":[{"name":"wp","href":"https:\/\/api.w.org\/{rel}","templated":true}]}}