{"id":2642,"date":"2024-05-13T03:12:42","date_gmt":"2024-05-13T08:12:42","guid":{"rendered":"https:\/\/0barreras.com\/?post_type=product&#038;p=2642"},"modified":"2024-05-13T12:14:18","modified_gmt":"2024-05-13T17:14:18","slug":"papel-de-escritura-de-linea-elevada-pesada","status":"publish","type":"product","link":"https:\/\/0barreras.com\/en\/product\/papel-de-escritura-de-linea-elevada-pesada\/","title":{"rendered":"Bloc de Notas con L\u00edneas Gruesas en Relieve &#8211; Aproximadamente 165 Hojas."},"content":{"rendered":"<p>Este bloque de notas cuenta con hojas de papel de 8,75 x 10,5 pulgadas con l\u00edneas gruesas en relieve, disec\u00e1ndoos para ayudar a los usuarios a sentir las l\u00edneas al escribir. Cada bloque contiene 165 hojas, ofreciendo una superficie c\u00f3moda y accesible para escribir notas de manera clara y ordenada.<\/p>","protected":false},"excerpt":{"rendered":"<p>Bloc de notas con hojas de papel de 8,75 x 10,5 pulgadas y l\u00edneas gruesas en relieve. Aproximadamente 165 hojas por bloc.<\/p>","protected":false},"featured_media":2643,"comment_status":"open","ping_status":"closed","template":"","meta":[],"product_cat":[18,154,22,132],"product_tag":[],"class_list":["post-2642","product","type-product","status-publish","has-post-thumbnail","hentry","product_cat-baja-vision","product_cat-cuaderno-tipo-bloc-con-linea-en-negrita-y-papel-tactil","product_cat-diversidad-visual","product_cat-escritura-y-mantenimiento-de-registros"],"_links":{"self":[{"href":"https:\/\/0barreras.com\/en\/wp-json\/wp\/v2\/product\/2642","targetHints":{"allow":["GET"]}}],"collection":[{"href":"https:\/\/0barreras.com\/en\/wp-json\/wp\/v2\/product"}],"about":[{"href":"https:\/\/0barreras.com\/en\/wp-json\/wp\/v2\/types\/product"}],"replies":[{"embeddable":true,"href":"https:\/\/0barreras.com\/en\/wp-json\/wp\/v2\/comments?post=2642"}],"version-history":[{"count":1,"href":"https:\/\/0barreras.com\/en\/wp-json\/wp\/v2\/product\/2642\/revisions"}],"predecessor-version":[{"id":3226,"href":"https:\/\/0barreras.com\/en\/wp-json\/wp\/v2\/product\/2642\/revisions\/3226"}],"wp:featuredmedia":[{"embeddable":true,"href":"https:\/\/0barreras.com\/en\/wp-json\/wp\/v2\/media\/2643"}],"wp:attachment":[{"href":"https:\/\/0barreras.com\/en\/wp-json\/wp\/v2\/media?parent=2642"}],"wp:term":[{"taxonomy":"product_cat","embeddable":true,"href":"https:\/\/0barreras.com\/en\/wp-json\/wp\/v2\/product_cat?post=2642"},{"taxonomy":"product_tag","embeddable":true,"href":"https:\/\/0barreras.com\/en\/wp-json\/wp\/v2\/product_tag?post=2642"}],"curies":[{"name":"wp","href":"https:\/\/api.w.org\/{rel}","templated":true}]}}