{"id":2631,"date":"2024-05-13T03:06:25","date_gmt":"2024-05-13T08:06:25","guid":{"rendered":"https:\/\/0barreras.com\/?post_type=product&#038;p=2631"},"modified":"2024-05-13T11:48:01","modified_gmt":"2024-05-13T16:48:01","slug":"calendario-con-letra-grande-2024","status":"publish","type":"product","link":"https:\/\/0barreras.com\/en\/product\/calendario-con-letra-grande-2024\/","title":{"rendered":"Calendario 2024 Mensual Organizativo &#8211; Pesta\u00f1as para Cada Mes, Amplio Espacio para Notas y Citas."},"content":{"rendered":"<p>Este calendario mensual ofrece una organizaci\u00f3n eficiente con pesta\u00f1as para cada mes, cada una con un \u00e1rea que muestra los meses anteriores, actuales y futuros, junto con espacio para notas y citas. Las siguientes dos p\u00e1ginas contienen el calendario del mes en la cuesti\u00f3n, con grandes n\u00fameros<br \/>\ny cajas amplias de 2&#8243; para escribir notas, recordatorios, citas o listas de compras. Con dimensiones de 11&#8243; x 9&#8243; x 1\/4&#8243;, este calendario es ideal para la planificaci\u00f3n mensual detallada.<\/p>","protected":false},"excerpt":{"rendered":"<p>Calendario mensual con pesta\u00f1as para cada mes y \u00e1reas introductorias para notas y citas. Cada mes cuenta con un calendario de n\u00fameros grandes y cajas de 2&#8243; para escribir. Dimensiones: 11&#8243; x 9&#8243; x 1\/4&#8243;.<\/p>","protected":false},"featured_media":2634,"comment_status":"open","ping_status":"closed","template":"","meta":[],"product_cat":[18,155,22,132,133],"product_tag":[],"class_list":["post-2631","product","type-product","status-publish","has-post-thumbnail","hentry","product_cat-baja-vision","product_cat-calendarios-con-letra-grande","product_cat-diversidad-visual","product_cat-escritura-y-mantenimiento-de-registros","product_cat-libros-de-direcciones-y-citas"],"_links":{"self":[{"href":"https:\/\/0barreras.com\/en\/wp-json\/wp\/v2\/product\/2631","targetHints":{"allow":["GET"]}}],"collection":[{"href":"https:\/\/0barreras.com\/en\/wp-json\/wp\/v2\/product"}],"about":[{"href":"https:\/\/0barreras.com\/en\/wp-json\/wp\/v2\/types\/product"}],"replies":[{"embeddable":true,"href":"https:\/\/0barreras.com\/en\/wp-json\/wp\/v2\/comments?post=2631"}],"version-history":[{"count":1,"href":"https:\/\/0barreras.com\/en\/wp-json\/wp\/v2\/product\/2631\/revisions"}],"predecessor-version":[{"id":3222,"href":"https:\/\/0barreras.com\/en\/wp-json\/wp\/v2\/product\/2631\/revisions\/3222"}],"wp:featuredmedia":[{"embeddable":true,"href":"https:\/\/0barreras.com\/en\/wp-json\/wp\/v2\/media\/2634"}],"wp:attachment":[{"href":"https:\/\/0barreras.com\/en\/wp-json\/wp\/v2\/media?parent=2631"}],"wp:term":[{"taxonomy":"product_cat","embeddable":true,"href":"https:\/\/0barreras.com\/en\/wp-json\/wp\/v2\/product_cat?post=2631"},{"taxonomy":"product_tag","embeddable":true,"href":"https:\/\/0barreras.com\/en\/wp-json\/wp\/v2\/product_tag?post=2631"}],"curies":[{"name":"wp","href":"https:\/\/api.w.org\/{rel}","templated":true}]}}