{"id":2622,"date":"2024-05-13T02:55:39","date_gmt":"2024-05-13T07:55:39","guid":{"rendered":"https:\/\/0barreras.com\/?post_type=product&#038;p=2622"},"modified":"2024-06-16T05:55:31","modified_gmt":"2024-06-16T10:55:31","slug":"contestador-automatico-amplificado-con-voz-lenta","status":"publish","type":"product","link":"https:\/\/0barreras.com\/en\/product\/contestador-automatico-amplificado-con-voz-lenta\/","title":{"rendered":"Contestador Digital Amplificado de 30 Minutos &#8211; Ideal para Personas con Problemas de Audici\u00f3n."},"content":{"rendered":"<p>El contestador digital amplificado de 30 minutos es ideal para personas con problemas de audici\u00f3n, ya que amplifica los mensajes entrantes. Adem\u00e1s, ofrece la opci\u00f3n de ajustar la velocidad de reproducci\u00f3n de los mensajes, con 3 velocidades de reproducci\u00f3n de voz lenta para un mayor control sobre la<br \/>\naudici\u00f3n. Los botones de alto contraste de contraste facilitan su uso, y otras caracter\u00edsticas incluyen acceso remoto y la opci\u00f3n de elegir entre 2 mensajes salientes.<\/p>","protected":false},"excerpt":{"rendered":"<p>Contestador digital amplificado de 30 minutos para personas con problemas de audici\u00f3n. Amplifica mensajes entrantes y permite ajustar la velocidad de reproducci\u00f3n. Botones de alto contraste para facilitar el uso. Incluye acceso remoto y elecci\u00f3n de 2 mensajes salientes.<\/p>","protected":false},"featured_media":2623,"comment_status":"open","ping_status":"closed","template":"","meta":[],"product_cat":[153,214,18,21,22,144,210],"product_tag":[],"class_list":["post-2622","product","type-product","status-publish","has-post-thumbnail","hentry","product_cat-accesorios-para-telefonos","product_cat-accesorios-para-telefonos-telefonos-y-accesorios-amplificados","product_cat-baja-vision","product_cat-diversidad-auditiva","product_cat-diversidad-visual","product_cat-telefonos","product_cat-telefonos-y-accesorios-amplificados"],"_links":{"self":[{"href":"https:\/\/0barreras.com\/en\/wp-json\/wp\/v2\/product\/2622","targetHints":{"allow":["GET"]}}],"collection":[{"href":"https:\/\/0barreras.com\/en\/wp-json\/wp\/v2\/product"}],"about":[{"href":"https:\/\/0barreras.com\/en\/wp-json\/wp\/v2\/types\/product"}],"replies":[{"embeddable":true,"href":"https:\/\/0barreras.com\/en\/wp-json\/wp\/v2\/comments?post=2622"}],"version-history":[{"count":1,"href":"https:\/\/0barreras.com\/en\/wp-json\/wp\/v2\/product\/2622\/revisions"}],"predecessor-version":[{"id":3219,"href":"https:\/\/0barreras.com\/en\/wp-json\/wp\/v2\/product\/2622\/revisions\/3219"}],"wp:featuredmedia":[{"embeddable":true,"href":"https:\/\/0barreras.com\/en\/wp-json\/wp\/v2\/media\/2623"}],"wp:attachment":[{"href":"https:\/\/0barreras.com\/en\/wp-json\/wp\/v2\/media?parent=2622"}],"wp:term":[{"taxonomy":"product_cat","embeddable":true,"href":"https:\/\/0barreras.com\/en\/wp-json\/wp\/v2\/product_cat?post=2622"},{"taxonomy":"product_tag","embeddable":true,"href":"https:\/\/0barreras.com\/en\/wp-json\/wp\/v2\/product_tag?post=2622"}],"curies":[{"name":"wp","href":"https:\/\/api.w.org\/{rel}","templated":true}]}}