{"id":2620,"date":"2024-05-13T02:54:06","date_gmt":"2024-05-13T07:54:06","guid":{"rendered":"https:\/\/0barreras.com\/?post_type=product&#038;p=2620"},"modified":"2024-05-13T08:48:19","modified_gmt":"2024-05-13T13:48:19","slug":"telefono-de-emergencia-guardian-911","status":"publish","type":"product","link":"https:\/\/0barreras.com\/en\/product\/telefono-de-emergencia-guardian-911\/","title":{"rendered":"Sistema de Alerta de Emergencia Guardian 911 con DECT 6.0 &#8211; Acceso R\u00e1pido y Seguro al 911 Sin Tarifas Mensuales."},"content":{"rendered":"<p>El sistema de comunicaci\u00f3n de alerta de emergencia Guardian 911 con DECT 6.0 proporciona acceso r\u00e1pido a ayuda en caso de emergencia. El marcador colgante le permite conectarse con un operador de emergencia del 911 con solo presionar un bot\u00f3n, sin cargos mensuales. El altavoz en el colgante permite una conversaci\u00f3n bidireccional clara con el operador, eliminando la necesidad de gritar hacia un altavoz lejano. El colgante funciona<br \/>\ncon una pila AAA, es resistente al agua para salpicaduras, pero no sumergible. Ideal para llevarlo en la ducha, pero se debe secar con una toalla cuando est\u00e9 mojado.<\/p>","protected":false},"excerpt":{"rendered":"<p>Sistema Guardian 911 DECT 6.0 con marcador colgante para acceso r\u00e1pido al 911 sin tarifas mensuales. Altavoz para conversaci\u00f3n bidireccional clara, resistente al agua para salpicaduras, funciona con pila AAA.<\/p>","protected":false},"featured_media":2621,"comment_status":"open","ping_status":"closed","template":"","meta":[],"product_cat":[18,22,152,144],"product_tag":[],"class_list":["post-2620","product","type-product","status-publish","has-post-thumbnail","hentry","product_cat-baja-vision","product_cat-diversidad-visual","product_cat-telefono-de-emergencia","product_cat-telefonos"],"_links":{"self":[{"href":"https:\/\/0barreras.com\/en\/wp-json\/wp\/v2\/product\/2620","targetHints":{"allow":["GET"]}}],"collection":[{"href":"https:\/\/0barreras.com\/en\/wp-json\/wp\/v2\/product"}],"about":[{"href":"https:\/\/0barreras.com\/en\/wp-json\/wp\/v2\/types\/product"}],"replies":[{"embeddable":true,"href":"https:\/\/0barreras.com\/en\/wp-json\/wp\/v2\/comments?post=2620"}],"version-history":[{"count":1,"href":"https:\/\/0barreras.com\/en\/wp-json\/wp\/v2\/product\/2620\/revisions"}],"predecessor-version":[{"id":3218,"href":"https:\/\/0barreras.com\/en\/wp-json\/wp\/v2\/product\/2620\/revisions\/3218"}],"wp:featuredmedia":[{"embeddable":true,"href":"https:\/\/0barreras.com\/en\/wp-json\/wp\/v2\/media\/2621"}],"wp:attachment":[{"href":"https:\/\/0barreras.com\/en\/wp-json\/wp\/v2\/media?parent=2620"}],"wp:term":[{"taxonomy":"product_cat","embeddable":true,"href":"https:\/\/0barreras.com\/en\/wp-json\/wp\/v2\/product_cat?post=2620"},{"taxonomy":"product_tag","embeddable":true,"href":"https:\/\/0barreras.com\/en\/wp-json\/wp\/v2\/product_tag?post=2620"}],"curies":[{"name":"wp","href":"https:\/\/api.w.org\/{rel}","templated":true}]}}