{"id":2614,"date":"2024-05-13T02:47:32","date_gmt":"2024-05-13T07:47:32","guid":{"rendered":"https:\/\/0barreras.com\/?post_type=product&#038;p=2614"},"modified":"2024-05-13T07:48:13","modified_gmt":"2024-05-13T12:48:13","slug":"telefono-inalambrico-simple","status":"publish","type":"product","link":"https:\/\/0barreras.com\/en\/product\/telefono-inalambrico-simple\/","title":{"rendered":"Tel\u00e9fono Inal\u00e1mbrico B\u00e1sico con Teclado Retroiluminado y Identificador Visual de Llamadas"},"content":{"rendered":"<p>Este tel\u00e9fono inal\u00e1mbrico b\u00e1sico ofrece funcionalidad a un precio muy razonable. Con un teclado retroiluminado, es f\u00e1cil de usar incluso en condiciones de poca luz. Adem\u00e1s, cuenta con un identificador visual de llamadas que le permite ver qui\u00e9n est\u00e1 llamando antes de contestar. Con una agenda telef\u00f3nica de 30 nombres y n\u00fameros, puede almacenar f\u00e1cilmente los contactos m\u00e1s importantes. Tambi\u00e9n incluye una tecla de respuesta r\u00e1pida para contestar llamadas con un solo toque y la capacidad de rellamar los \u00faltimos 5 n\u00fameros marcados. Este tel\u00e9fono es una opci\u00f3n simple y pr\u00e1ctica para quienes buscan un tel\u00e9fono inal\u00e1mbrico f\u00e1cil de usar a un precio asequible.<\/p>","protected":false},"excerpt":{"rendered":"<p>Tel\u00e9fono inal\u00e1mbrico b\u00e1sico con teclado retroiluminado, identificador visual de llamadas y agenda telef\u00f3nica de 30 nombres y n\u00fameros. Incluye funci\u00f3n de respuesta r\u00e1pida y rellamada de los \u00faltimos 5 n\u00fameros marcados.<\/p>","protected":false},"featured_media":2615,"comment_status":"open","ping_status":"closed","template":"","meta":[],"product_cat":[18,146,22,144,151],"product_tag":[],"class_list":["post-2614","product","type-product","status-publish","has-post-thumbnail","hentry","product_cat-baja-vision","product_cat-clarity","product_cat-diversidad-visual","product_cat-telefonos","product_cat-telefonos-inalambricos"],"_links":{"self":[{"href":"https:\/\/0barreras.com\/en\/wp-json\/wp\/v2\/product\/2614","targetHints":{"allow":["GET"]}}],"collection":[{"href":"https:\/\/0barreras.com\/en\/wp-json\/wp\/v2\/product"}],"about":[{"href":"https:\/\/0barreras.com\/en\/wp-json\/wp\/v2\/types\/product"}],"replies":[{"embeddable":true,"href":"https:\/\/0barreras.com\/en\/wp-json\/wp\/v2\/comments?post=2614"}],"version-history":[{"count":1,"href":"https:\/\/0barreras.com\/en\/wp-json\/wp\/v2\/product\/2614\/revisions"}],"predecessor-version":[{"id":3183,"href":"https:\/\/0barreras.com\/en\/wp-json\/wp\/v2\/product\/2614\/revisions\/3183"}],"wp:featuredmedia":[{"embeddable":true,"href":"https:\/\/0barreras.com\/en\/wp-json\/wp\/v2\/media\/2615"}],"wp:attachment":[{"href":"https:\/\/0barreras.com\/en\/wp-json\/wp\/v2\/media?parent=2614"}],"wp:term":[{"taxonomy":"product_cat","embeddable":true,"href":"https:\/\/0barreras.com\/en\/wp-json\/wp\/v2\/product_cat?post=2614"},{"taxonomy":"product_tag","embeddable":true,"href":"https:\/\/0barreras.com\/en\/wp-json\/wp\/v2\/product_tag?post=2614"}],"curies":[{"name":"wp","href":"https:\/\/api.w.org\/{rel}","templated":true}]}}