{"id":2610,"date":"2024-05-13T02:44:08","date_gmt":"2024-05-13T07:44:08","guid":{"rendered":"https:\/\/0barreras.com\/?post_type=product&#038;p=2610"},"modified":"2024-05-13T07:41:32","modified_gmt":"2024-05-13T12:41:32","slug":"telefono-inalambrico-para-panasonic-kx-tgm420","status":"publish","type":"product","link":"https:\/\/0barreras.com\/en\/product\/telefono-inalambrico-para-panasonic-kx-tgm420\/","title":{"rendered":"Tel\u00e9fono inal\u00e1mbrico Panasonic X-TGM420 &#8211; Amplificaci\u00f3n de 40 dB, Compatible con Unidad Base 721148"},"content":{"rendered":"<p>Ampl\u00ede el alcance de su Panasonic KX-TGM420 (ILA Model 721148) con este tel\u00e9fono adicional. Al usar varias unidades de este tel\u00e9fono, el sistema telef\u00f3nico puede admitir hasta 6 tel\u00e9fonos inal\u00e1mbricos en total, lo que le permite tener un tel\u00e9fono en cada habitaci\u00f3n. Emparejado con la unidad base principal, el tel\u00e9fono expandible seguir\u00e1 teniendo los mismos grandes beneficios de la unidad principal, incluidos 40 dB de amplificaci\u00f3n, un teclado parlante y un<br \/>\nidentificador de llamadas parlante. Esta combinaci\u00f3n de caracter\u00edsticas hace que el tel\u00e9fono sea realmente \u00fatil para una persona con baja visi\u00f3n o una persona con p\u00e9rdida auditiva moderada.<br \/>\nEste tel\u00e9fono no puede funcionar por s\u00ed solo. Debe estar emparejado con una unidad base existente, 721148, para que funcione.<\/p>","protected":false},"excerpt":{"rendered":"<p>Ampl\u00ede su Panasonic KX-TGM420 (ILA Model 721148) con este tel\u00e9fono adicional para obtener un sistema telef\u00f3nico m\u00e1s completo. Con 40 dB de amplificaci\u00f3n, teclado y identificador de llamadas parlantes, es ideal para personas con baja visi\u00f3n o p\u00e9rdida auditiva moderada. Requiere emparejamiento con una unidad base existente, 721148.<\/p>","protected":false},"featured_media":2611,"comment_status":"open","ping_status":"closed","template":"","meta":[],"product_cat":[18,22,144,151],"product_tag":[],"class_list":["post-2610","product","type-product","status-publish","has-post-thumbnail","hentry","product_cat-baja-vision","product_cat-diversidad-visual","product_cat-telefonos","product_cat-telefonos-inalambricos"],"_links":{"self":[{"href":"https:\/\/0barreras.com\/en\/wp-json\/wp\/v2\/product\/2610","targetHints":{"allow":["GET"]}}],"collection":[{"href":"https:\/\/0barreras.com\/en\/wp-json\/wp\/v2\/product"}],"about":[{"href":"https:\/\/0barreras.com\/en\/wp-json\/wp\/v2\/types\/product"}],"replies":[{"embeddable":true,"href":"https:\/\/0barreras.com\/en\/wp-json\/wp\/v2\/comments?post=2610"}],"version-history":[{"count":1,"href":"https:\/\/0barreras.com\/en\/wp-json\/wp\/v2\/product\/2610\/revisions"}],"predecessor-version":[{"id":3109,"href":"https:\/\/0barreras.com\/en\/wp-json\/wp\/v2\/product\/2610\/revisions\/3109"}],"wp:featuredmedia":[{"embeddable":true,"href":"https:\/\/0barreras.com\/en\/wp-json\/wp\/v2\/media\/2611"}],"wp:attachment":[{"href":"https:\/\/0barreras.com\/en\/wp-json\/wp\/v2\/media?parent=2610"}],"wp:term":[{"taxonomy":"product_cat","embeddable":true,"href":"https:\/\/0barreras.com\/en\/wp-json\/wp\/v2\/product_cat?post=2610"},{"taxonomy":"product_tag","embeddable":true,"href":"https:\/\/0barreras.com\/en\/wp-json\/wp\/v2\/product_tag?post=2610"}],"curies":[{"name":"wp","href":"https:\/\/api.w.org\/{rel}","templated":true}]}}