{"id":2489,"date":"2024-04-30T13:05:23","date_gmt":"2024-04-30T18:05:23","guid":{"rendered":"https:\/\/0barreras.com\/?post_type=product&#038;p=2489"},"modified":"2024-06-13T07:06:18","modified_gmt":"2024-06-13T12:06:18","slug":"telefono-con-identificador-de-llamada-por-imagenes-clarity","status":"publish","type":"product","link":"https:\/\/0barreras.com\/en\/product\/telefono-con-identificador-de-llamada-por-imagenes-clarity\/","title":{"rendered":"Tel\u00e9fono de Marcado Fotogr\u00e1fico Clarity y Teclado Alfanum\u00e9rico para Toda la Familia, Amplificaci\u00f3n de 10 Veces"},"content":{"rendered":"<p>Facilite las llamadas telef\u00f3nicas con este tel\u00e9fono marcado de fotogr\u00e1fico y teclado alfanum\u00e9rico. Simplemente toque la imagen de la persona a la que se desea, y el tel\u00e9fono con cable marcar\u00e1 el n\u00famero por usted. Con 9 botones de marcaci\u00f3n fotogr\u00e1fica f\u00e1ciles de programar y botones alfanum\u00e9ricos normales, es \u00fatil para toda la familia. Viene con tres marcos de fotos de dise\u00f1o para personalizar m\u00e1s su experiencia. Los espacios para fotos miden 1 x .75 pulgadas,<br \/>\ny los botones miden 1.25 x .75 pulgadas. La base mide 6\/12 pulgadas x 8 pulgadas. Compatible con aud\u00edfonos con bobinas en T, se puede amplificar hasta 10 veces (20 dB) con una autom\u00e1tica mejora del tono. Tambi\u00e9n cuenta con pulso e interruptor de tono y es f\u00e1cil de montar en la pared.<\/p>","protected":false},"excerpt":{"rendered":"<p>Simplifique las llamadas con este tel\u00e9fono de marcado fotogr\u00e1fico y teclado alfanum\u00e9rico. Con 9 botones de marcaci\u00f3n fotogr\u00e1fica f\u00e1ciles de programar y botones alfanum\u00e9ricos normales, es \u00fatil para toda la familia. Viene con tres marcos de fotos de dise\u00f1o. Compatible con aud\u00edfonos con bobinas en T, se puede amplificar hasta 10 veces (20 dB) con mejora autom\u00e1tica del tono. Montaje en pared.<\/p>","protected":false},"featured_media":2607,"comment_status":"open","ping_status":"closed","template":"","meta":[],"product_cat":[18,146,21,22,150,144,211,149,210],"product_tag":[],"class_list":["post-2489","product","type-product","status-publish","has-post-thumbnail","hentry","product_cat-baja-vision","product_cat-clarity","product_cat-diversidad-auditiva","product_cat-diversidad-visual","product_cat-serene","product_cat-telefonos","product_cat-telefonos-con-cable-telefonos-y-accesorios-amplificados","product_cat-telefonos-con-cable","product_cat-telefonos-y-accesorios-amplificados"],"_links":{"self":[{"href":"https:\/\/0barreras.com\/en\/wp-json\/wp\/v2\/product\/2489","targetHints":{"allow":["GET"]}}],"collection":[{"href":"https:\/\/0barreras.com\/en\/wp-json\/wp\/v2\/product"}],"about":[{"href":"https:\/\/0barreras.com\/en\/wp-json\/wp\/v2\/types\/product"}],"replies":[{"embeddable":true,"href":"https:\/\/0barreras.com\/en\/wp-json\/wp\/v2\/comments?post=2489"}],"version-history":[{"count":1,"href":"https:\/\/0barreras.com\/en\/wp-json\/wp\/v2\/product\/2489\/revisions"}],"predecessor-version":[{"id":3035,"href":"https:\/\/0barreras.com\/en\/wp-json\/wp\/v2\/product\/2489\/revisions\/3035"}],"wp:featuredmedia":[{"embeddable":true,"href":"https:\/\/0barreras.com\/en\/wp-json\/wp\/v2\/media\/2607"}],"wp:attachment":[{"href":"https:\/\/0barreras.com\/en\/wp-json\/wp\/v2\/media?parent=2489"}],"wp:term":[{"taxonomy":"product_cat","embeddable":true,"href":"https:\/\/0barreras.com\/en\/wp-json\/wp\/v2\/product_cat?post=2489"},{"taxonomy":"product_tag","embeddable":true,"href":"https:\/\/0barreras.com\/en\/wp-json\/wp\/v2\/product_tag?post=2489"}],"curies":[{"name":"wp","href":"https:\/\/api.w.org\/{rel}","templated":true}]}}