{"id":2487,"date":"2024-04-30T13:00:00","date_gmt":"2024-04-30T18:00:00","guid":{"rendered":"https:\/\/0barreras.com\/?post_type=product&#038;p=2487"},"modified":"2024-05-05T12:08:21","modified_gmt":"2024-05-05T17:08:21","slug":"telefono-amplificado-serene-innovations-hd-60","status":"publish","type":"product","link":"https:\/\/0barreras.com\/en\/product\/telefono-amplificado-serene-innovations-hd-60\/","title":{"rendered":"Tel\u00e9fono Amplificado Serene  HD: Claridad sin Distorsi\u00f3n"},"content":{"rendered":"<p>Este dispositivo cuenta con caracter\u00edsticas dise\u00f1adas para la m\u00e1xima comodidad y accesibilidad. Su gran teclado retroiluminado facilita la visualizaci\u00f3n incluso en condiciones de poca luz, mientras que los ajustes de tono digital ajustables permiten personalizar la frecuencia del sonido para adaptarse a<br \/>\nsus necesidades auditivas espec\u00edficas. Dos timbres visuales grandes y brillantes, ubicados frontal y lateralmente, aseguran que nunca se pierda una llamada.<br \/>\nAdem\u00e1s, la funci\u00f3n de advertencia sonora y visual &#8220;AUTO OFF HOOK&#8221; alerta sobre un cuelgue incorrecto para una comunicaci\u00f3n sin interrupciones.<br \/>\nCon 12 botones de memoria programables con un solo toque, volumen y tono de timbre ajustables a 95 dB, conector de 3,5 mm para accesorios de asistencia<br \/>\ncomo collar\u00edn y bobina telesc\u00f3pica, compatibilidad con aud\u00edfonos y bater\u00eda de respaldo para cortes de energ\u00eda (bater\u00edas no incluidas), este tel\u00e9fono ofrece una soluci\u00f3n completa para sus necesidades de comunicaci\u00f3n.<br \/>\nPara una mayor conveniencia se puede colgar en la pared, este tel\u00e9fono es la opci\u00f3n ideal para aquellos que buscan una comunicaci\u00f3n clara y sin esfuerzo en todo momento.<\/p>","protected":false},"excerpt":{"rendered":"<p>Tel\u00e9fono amplificado con tecnolog\u00eda HD para una claridad de voz excepcional. 55 dB de amplificaci\u00f3n, ajustes de tono digital personalizables. Reducci\u00f3n de ruido avanzada, ideal para p\u00e9rdida auditiva moderada a severa. Timbres visuales, teclado retroiluminado y funciones de advertencia para accesibilidad.\u00a0 Compatible con aud\u00edfonos, montaje en pared. Soluci\u00f3n completa para comunicaci\u00f3n clara y sin esfuerzo.<\/p>","protected":false},"featured_media":2488,"comment_status":"open","ping_status":"closed","template":"","meta":[],"product_cat":[18,22,150,144,149],"product_tag":[],"class_list":["post-2487","product","type-product","status-publish","has-post-thumbnail","hentry","product_cat-baja-vision","product_cat-diversidad-visual","product_cat-serene","product_cat-telefonos","product_cat-telefonos-con-cable"],"_links":{"self":[{"href":"https:\/\/0barreras.com\/en\/wp-json\/wp\/v2\/product\/2487","targetHints":{"allow":["GET"]}}],"collection":[{"href":"https:\/\/0barreras.com\/en\/wp-json\/wp\/v2\/product"}],"about":[{"href":"https:\/\/0barreras.com\/en\/wp-json\/wp\/v2\/types\/product"}],"replies":[{"embeddable":true,"href":"https:\/\/0barreras.com\/en\/wp-json\/wp\/v2\/comments?post=2487"}],"version-history":[{"count":1,"href":"https:\/\/0barreras.com\/en\/wp-json\/wp\/v2\/product\/2487\/revisions"}],"predecessor-version":[{"id":2606,"href":"https:\/\/0barreras.com\/en\/wp-json\/wp\/v2\/product\/2487\/revisions\/2606"}],"wp:featuredmedia":[{"embeddable":true,"href":"https:\/\/0barreras.com\/en\/wp-json\/wp\/v2\/media\/2488"}],"wp:attachment":[{"href":"https:\/\/0barreras.com\/en\/wp-json\/wp\/v2\/media?parent=2487"}],"wp:term":[{"taxonomy":"product_cat","embeddable":true,"href":"https:\/\/0barreras.com\/en\/wp-json\/wp\/v2\/product_cat?post=2487"},{"taxonomy":"product_tag","embeddable":true,"href":"https:\/\/0barreras.com\/en\/wp-json\/wp\/v2\/product_tag?post=2487"}],"curies":[{"name":"wp","href":"https:\/\/api.w.org\/{rel}","templated":true}]}}