{"id":2482,"date":"2024-04-30T09:33:00","date_gmt":"2024-04-30T14:33:00","guid":{"rendered":"https:\/\/0barreras.com\/?post_type=product&#038;p=2482"},"modified":"2024-06-13T07:06:18","modified_gmt":"2024-06-13T12:06:18","slug":"telefono-trimline-con-clarity-amplificado-26-db","status":"publish","type":"product","link":"https:\/\/0barreras.com\/en\/product\/telefono-trimline-con-clarity-amplificado-26-db\/","title":{"rendered":"Tel\u00e9fono Trimline Clarity amplificado hasta 26 Db: Comunicaci\u00f3n Clara y Accesible para Todos"},"content":{"rendered":"<p>El tel\u00e9fono tradicional trimline de Clarity es la elecci\u00f3n perfecta para aquellos que valoran la simplicidad y la eficacia en la comunicaci\u00f3n. Con su dise\u00f1o cl\u00e1sico de marcaci\u00f3n en el auricular y una amplificaci\u00f3n de sonido de hasta 26 dB, este tel\u00e9fono ofrece una experiencia auditiva excepcional para personas con p\u00e9rdida auditiva de baja a moderada. Sus botones de marcaci\u00f3n retroiluminados y de tama\u00f1o generoso facilitan su uso, incluso en condiciones de poca luz o para aquellos con problemas de visi\u00f3n. Adem\u00e1s, cuenta con un indicador de timbre visual brillante y un timbre fuerte que aseguran que nunca se pierda una llamada importante. Equipado con la tecnolog\u00eda Clarity Power\u2122, este tel\u00e9fono amplifica los sonidos entrantes, mejorando la calidad del audio para una comunicaci\u00f3n m\u00e1s clara. Con caracter\u00edsticas adicionales como flashear, silenciar y volver a marcar el \u00faltimo n\u00famero, junto con una marca t\u00e1ctil en la tecla 5 para facilitar la orientaci\u00f3n, este tel\u00e9fono se adapta perfectamente a las necesidades de quienes buscan un dispositivo sencillo y sin complicaciones.<br \/>\nCompatible con aud\u00edfonos y alimentado por l\u00ednea, este tel\u00e9fono ofrece la conveniencia de no requerir alimentaci\u00f3n el\u00e9ctrica adicional. Adem\u00e1s, su auricular conectado con cable garantiza que nunca se pierda ni extrav\u00ede. Ya sea montado en escritorio o en la pared, este tel\u00e9fono proporciona una soluci\u00f3n de comunicaci\u00f3n confiable y accesible para todos.<\/p>","protected":false},"excerpt":{"rendered":"<p>El tel\u00e9fono trimline de Clarity combina un dise\u00f1o cl\u00e1sico con caracter\u00edsticas modernas para ofrecer una experiencia de comunicaci\u00f3n excepcional. Con una amplificaci\u00f3n de sonido de hasta 26 dB, indicador de timbre visual brillante, botones retroiluminados y un timbre fuerte, este tel\u00e9fono es perfecto para personas con p\u00e9rdida auditiva o visual. Adem\u00e1s, cuenta con caracter\u00edsticas pr\u00e1cticas como flashear, silenciar y volver a marcar el \u00faltimo n\u00famero, junto con una marca t\u00e1ctil en la tecla 5 para facilitar su uso. Compatible con aud\u00edfonos y alimentado por l\u00ednea, este tel\u00e9fono ofrece conveniencia y fiabilidad, ya sea montado en escritorio o en la pared.<\/p>","protected":false},"featured_media":2483,"comment_status":"open","ping_status":"closed","template":"","meta":[],"product_cat":[18,146,21,22,144,149,211,210],"product_tag":[],"class_list":["post-2482","product","type-product","status-publish","has-post-thumbnail","hentry","product_cat-baja-vision","product_cat-clarity","product_cat-diversidad-auditiva","product_cat-diversidad-visual","product_cat-telefonos","product_cat-telefonos-con-cable","product_cat-telefonos-con-cable-telefonos-y-accesorios-amplificados","product_cat-telefonos-y-accesorios-amplificados"],"_links":{"self":[{"href":"https:\/\/0barreras.com\/en\/wp-json\/wp\/v2\/product\/2482","targetHints":{"allow":["GET"]}}],"collection":[{"href":"https:\/\/0barreras.com\/en\/wp-json\/wp\/v2\/product"}],"about":[{"href":"https:\/\/0barreras.com\/en\/wp-json\/wp\/v2\/types\/product"}],"replies":[{"embeddable":true,"href":"https:\/\/0barreras.com\/en\/wp-json\/wp\/v2\/comments?post=2482"}],"version-history":[{"count":1,"href":"https:\/\/0barreras.com\/en\/wp-json\/wp\/v2\/product\/2482\/revisions"}],"predecessor-version":[{"id":2604,"href":"https:\/\/0barreras.com\/en\/wp-json\/wp\/v2\/product\/2482\/revisions\/2604"}],"wp:featuredmedia":[{"embeddable":true,"href":"https:\/\/0barreras.com\/en\/wp-json\/wp\/v2\/media\/2483"}],"wp:attachment":[{"href":"https:\/\/0barreras.com\/en\/wp-json\/wp\/v2\/media?parent=2482"}],"wp:term":[{"taxonomy":"product_cat","embeddable":true,"href":"https:\/\/0barreras.com\/en\/wp-json\/wp\/v2\/product_cat?post=2482"},{"taxonomy":"product_tag","embeddable":true,"href":"https:\/\/0barreras.com\/en\/wp-json\/wp\/v2\/product_tag?post=2482"}],"curies":[{"name":"wp","href":"https:\/\/api.w.org\/{rel}","templated":true}]}}