{"id":2474,"date":"2024-04-30T09:24:17","date_gmt":"2024-04-30T14:24:17","guid":{"rendered":"https:\/\/0barreras.com\/?post_type=product&#038;p=2474"},"modified":"2024-06-16T05:54:38","modified_gmt":"2024-06-16T10:54:38","slug":"amplificador-telefonico-inalambrico-para-bobinas-en-t","status":"publish","type":"product","link":"https:\/\/0barreras.com\/en\/product\/amplificador-telefonico-inalambrico-para-bobinas-en-t\/","title":{"rendered":"NoiZfree: Amplificadores para Diferentes Niveles de Audici\u00f3n con Tecnolog\u00eda de Telebobina"},"content":{"rendered":"<p>Los auriculares NoiZfree son una excelente opci\u00f3n para aquellos que tienen un o\u00eddo con audici\u00f3n normal y el otro con un aud\u00edfono. Su dise\u00f1o con ganchos livianos y el uso de la telebobina proporcionan una experiencia auditiva clara y una mejor comprensi\u00f3n del habla. El modelo de gancho y receptor (HR) combina un gancho para el aud\u00edfono con bobina en T y un auricular est\u00e1ndar para el otro o\u00eddo, lo que permite disfrutar de conversaciones con sonido n\u00edtido y claridad<br \/>\nen el tel\u00e9fono celular u otros dispositivos de audio.<br \/>\nEs \u00fatil conocer que el conector de 2,5 mm es compatible con la mayor\u00eda de los tel\u00e9fonos celulares, aunque podr\u00eda requerir un adaptador en algunos casos.<br \/>\nAdem\u00e1s, el adaptador de audio de 3,5 mm ampl\u00eda la compatibilidad con dispositivos de audio que tienen un conector est\u00e1ndar para auriculares de 3,5 mm.<br \/>\nEs importante que el aud\u00edfono est\u00e9 equipado con una bobina en T para garantizar la funcionalidad completa de los auriculares NoiZfree. \u00a1Disfrute de una<br \/>\nexperiencia auditiva mejorada en una variedad de dispositivos con estos auriculares innovadores!<\/p>","protected":false},"excerpt":{"rendered":"<p>Los auriculares NoiZfree son perfectos para aquellos con diferentes niveles de audici\u00f3n. Con ganchos livianos y tecnolog\u00eda de telebobina, ofrecen una experiencia<br \/>\nauditiva clara y mejorada. El modelo HR combina un gancho con bobina en T y un auricular est\u00e1ndar para una conexi\u00f3n \u00f3ptima. Conectividad f\u00e1cil con la mayor\u00eda de los tel\u00e9fonos celulares (adaptador podr\u00eda ser necesario) y dispositivos de audio est\u00e1ndar de 3,5 mm.<\/p>","protected":false},"featured_media":2475,"comment_status":"open","ping_status":"closed","template":"","meta":[],"product_cat":[214,147,204,205,18,21,22,144,210],"product_tag":[],"class_list":["post-2474","product","type-product","status-publish","has-post-thumbnail","hentry","product_cat-accesorios-para-telefonos-telefonos-y-accesorios-amplificados","product_cat-accesorios-para-telefonos-celulares","product_cat-amplificadores","product_cat-aplificadores-para-celulares","product_cat-baja-vision","product_cat-diversidad-auditiva","product_cat-diversidad-visual","product_cat-telefonos","product_cat-telefonos-y-accesorios-amplificados"],"_links":{"self":[{"href":"https:\/\/0barreras.com\/en\/wp-json\/wp\/v2\/product\/2474","targetHints":{"allow":["GET"]}}],"collection":[{"href":"https:\/\/0barreras.com\/en\/wp-json\/wp\/v2\/product"}],"about":[{"href":"https:\/\/0barreras.com\/en\/wp-json\/wp\/v2\/types\/product"}],"replies":[{"embeddable":true,"href":"https:\/\/0barreras.com\/en\/wp-json\/wp\/v2\/comments?post=2474"}],"version-history":[{"count":1,"href":"https:\/\/0barreras.com\/en\/wp-json\/wp\/v2\/product\/2474\/revisions"}],"predecessor-version":[{"id":2602,"href":"https:\/\/0barreras.com\/en\/wp-json\/wp\/v2\/product\/2474\/revisions\/2602"}],"wp:featuredmedia":[{"embeddable":true,"href":"https:\/\/0barreras.com\/en\/wp-json\/wp\/v2\/media\/2475"}],"wp:attachment":[{"href":"https:\/\/0barreras.com\/en\/wp-json\/wp\/v2\/media?parent=2474"}],"wp:term":[{"taxonomy":"product_cat","embeddable":true,"href":"https:\/\/0barreras.com\/en\/wp-json\/wp\/v2\/product_cat?post=2474"},{"taxonomy":"product_tag","embeddable":true,"href":"https:\/\/0barreras.com\/en\/wp-json\/wp\/v2\/product_tag?post=2474"}],"curies":[{"name":"wp","href":"https:\/\/api.w.org\/{rel}","templated":true}]}}