{"id":2470,"date":"2024-04-30T09:21:49","date_gmt":"2024-04-30T14:21:49","guid":{"rendered":"https:\/\/0barreras.com\/?post_type=product&#038;p=2470"},"modified":"2024-06-16T05:54:38","modified_gmt":"2024-06-16T10:54:38","slug":"amplificador-de-audio-bluetooth-para-audifonos-retroauriculares","status":"publish","type":"product","link":"https:\/\/0barreras.com\/en\/product\/amplificador-de-audio-bluetooth-para-audifonos-retroauriculares\/","title":{"rendered":"Blue Freedom: Amplificador de Audio Inal\u00e1mbrico para una Experiencia Auditiva Sin Ataduras"},"content":{"rendered":"<p>Experimenta la libertad auditiva con los amplificadores de audio Blue Freedom. Este dispositivo revolucionario te permite disfrutar de m\u00fasica y llamadas de forma inal\u00e1mbrica, enviando el sonido directamente desde tu dispositivo de audio a tu aud\u00edfono retroauricular (BTE). Con un dise\u00f1o compacto del tama\u00f1o de un pulgar, el Blue Freedom se empareja f\u00e1cilmente con dispositivos Bluetooth y se engancha de manera discreta a la solapa de tu camisa o abrigo. Una<br \/>\nvez conectado a tu BTE, disfrutar\u00e1s de un sonido est\u00e9reo de calidad de CD con la comodidad de un volumen ajustable. Su bater\u00eda recargable de pol\u00edmero de litio ofrece hasta 6 horas de tiempo de conversaci\u00f3n o reproducci\u00f3n de m\u00fasica, con un tiempo de espera de hasta 250 horas. Este dispositivo tambi\u00e9n facilita el funcionamiento manos libres de tel\u00e9fonos m\u00f3viles y te permite cambiar de m\u00fasica a llamadas con solo tocar un bot\u00f3n, siempre que tu tel\u00e9fono m\u00f3vil sea compatible. Adem\u00e1s, su dise\u00f1o ligero y elegante garantiza una experiencia auditiva sin igual, respaldada por un procesador de se\u00f1al incorporado y un software \u00fanico. Con especificaciones Bluetooth\u00ae v1.2, clase 2, y soporte para perfiles A2DP y AVRCP, el Blue Freedom ofrece una conectividad confiable y una calidad<br \/>\nde sonido excepcional en un paquete compacto y vers\u00e1til. Ten en cuenta que los colores pueden variar entre blanco y negro, enviados al azar.<\/p>","protected":false},"excerpt":{"rendered":"<p>Experimenta la libertad auditiva con los amplificadores de audio Blue Freedom. Este dispositivo compacto env\u00eda sonido de calidad de CD directamente desde<br \/>\ntu dispositivo de audio a tu aud\u00edfono retroauricular (BTE), ofreciendo claridad y comodidad sin igual. Con bater\u00eda recargable, dise\u00f1o elegante y control remoto, el Blue Freedom te permite escuchar m\u00fasica y recibir llamadas de forma inal\u00e1mbrica con facilidad.<\/p>","protected":false},"featured_media":2471,"comment_status":"open","ping_status":"closed","template":"","meta":[],"product_cat":[214,147,204,205,18,21,22,144,210],"product_tag":[],"class_list":["post-2470","product","type-product","status-publish","has-post-thumbnail","hentry","product_cat-accesorios-para-telefonos-telefonos-y-accesorios-amplificados","product_cat-accesorios-para-telefonos-celulares","product_cat-amplificadores","product_cat-aplificadores-para-celulares","product_cat-baja-vision","product_cat-diversidad-auditiva","product_cat-diversidad-visual","product_cat-telefonos","product_cat-telefonos-y-accesorios-amplificados"],"_links":{"self":[{"href":"https:\/\/0barreras.com\/en\/wp-json\/wp\/v2\/product\/2470","targetHints":{"allow":["GET"]}}],"collection":[{"href":"https:\/\/0barreras.com\/en\/wp-json\/wp\/v2\/product"}],"about":[{"href":"https:\/\/0barreras.com\/en\/wp-json\/wp\/v2\/types\/product"}],"replies":[{"embeddable":true,"href":"https:\/\/0barreras.com\/en\/wp-json\/wp\/v2\/comments?post=2470"}],"version-history":[{"count":1,"href":"https:\/\/0barreras.com\/en\/wp-json\/wp\/v2\/product\/2470\/revisions"}],"predecessor-version":[{"id":2601,"href":"https:\/\/0barreras.com\/en\/wp-json\/wp\/v2\/product\/2470\/revisions\/2601"}],"wp:featuredmedia":[{"embeddable":true,"href":"https:\/\/0barreras.com\/en\/wp-json\/wp\/v2\/media\/2471"}],"wp:attachment":[{"href":"https:\/\/0barreras.com\/en\/wp-json\/wp\/v2\/media?parent=2470"}],"wp:term":[{"taxonomy":"product_cat","embeddable":true,"href":"https:\/\/0barreras.com\/en\/wp-json\/wp\/v2\/product_cat?post=2470"},{"taxonomy":"product_tag","embeddable":true,"href":"https:\/\/0barreras.com\/en\/wp-json\/wp\/v2\/product_tag?post=2470"}],"curies":[{"name":"wp","href":"https:\/\/api.w.org\/{rel}","templated":true}]}}