{"id":2444,"date":"2024-04-30T09:04:13","date_gmt":"2024-04-30T14:04:13","guid":{"rendered":"https:\/\/0barreras.com\/?post_type=product&#038;p=2444"},"modified":"2024-05-05T09:14:30","modified_gmt":"2024-05-05T14:14:30","slug":"telefono-inalambrico-panasonic-con-identificador-de-llamadas-parlante-y-contestadora","status":"publish","type":"product","link":"https:\/\/0barreras.com\/en\/product\/telefono-inalambrico-panasonic-con-identificador-de-llamadas-parlante-y-contestadora\/","title":{"rendered":"Tel\u00e9fono Inal\u00e1mbrico Panasonic DECT 6.0: con identificador de llamadas parlante y contestadora"},"content":{"rendered":"<p>El tel\u00e9fono inal\u00e1mbrico Panasonic DECT 6.0 ofrece una experiencia superior para usuarios con baja visi\u00f3n. Los botones bien espaciados y retroiluminados en blanco contrastan con el auricular negro, lo que facilita su uso. La pantalla LCD retroiluminada blanca de 1.6&#8243; con letra en negrita muestra claramente la informaci\u00f3n del identificador de llamadas, la cual tambi\u00e9n es anunciada por el identificador de llamadas parlante.<\/p>\n<p>Este tel\u00e9fono es biling\u00fce y puede configurarse para anunciar nombres y n\u00fameros entrantes en ingl\u00e9s o espa\u00f1ol. Adem\u00e1s, cuenta con un \u00fatil bot\u00f3n de &#8220;Bloqueo de llamadas&#8221; que permite bloquear hasta 150 llamadas no deseadas, como las de telemarketing. El contestador digital de 17 minutos en la base de carga permite verificar o revisar mensajes f\u00e1cilmente.<\/p>\n<p>El auricular tiene un altavoz para mayor comodidad en el hogar, y la funci\u00f3n de contestador de teclas permite responder llamadas presionando cualquier tecla en el auricular, eliminando la necesidad de buscar los botones de hablar y apagar.<\/p>","protected":false},"excerpt":{"rendered":"<p>El tel\u00e9fono inal\u00e1mbrico Panasonic DECT 6.0 es ideal para usuarios con baja visi\u00f3n. Con botones retroiluminados, identificador de llamadas parlante y funci\u00f3n de bloqueo de llamadas. El contestador digital y la comodidad de contestar con cualquier tecla hacen que sea una excelente opci\u00f3n.<\/p>","protected":false},"featured_media":2445,"comment_status":"open","ping_status":"closed","template":"","meta":[],"product_cat":[18,145,22,144],"product_tag":[],"class_list":["post-2444","product","type-product","status-publish","has-post-thumbnail","hentry","product_cat-baja-vision","product_cat-contestadoras","product_cat-diversidad-visual","product_cat-telefonos"],"_links":{"self":[{"href":"https:\/\/0barreras.com\/en\/wp-json\/wp\/v2\/product\/2444","targetHints":{"allow":["GET"]}}],"collection":[{"href":"https:\/\/0barreras.com\/en\/wp-json\/wp\/v2\/product"}],"about":[{"href":"https:\/\/0barreras.com\/en\/wp-json\/wp\/v2\/types\/product"}],"replies":[{"embeddable":true,"href":"https:\/\/0barreras.com\/en\/wp-json\/wp\/v2\/comments?post=2444"}],"version-history":[{"count":1,"href":"https:\/\/0barreras.com\/en\/wp-json\/wp\/v2\/product\/2444\/revisions"}],"predecessor-version":[{"id":2592,"href":"https:\/\/0barreras.com\/en\/wp-json\/wp\/v2\/product\/2444\/revisions\/2592"}],"wp:featuredmedia":[{"embeddable":true,"href":"https:\/\/0barreras.com\/en\/wp-json\/wp\/v2\/media\/2445"}],"wp:attachment":[{"href":"https:\/\/0barreras.com\/en\/wp-json\/wp\/v2\/media?parent=2444"}],"wp:term":[{"taxonomy":"product_cat","embeddable":true,"href":"https:\/\/0barreras.com\/en\/wp-json\/wp\/v2\/product_cat?post=2444"},{"taxonomy":"product_tag","embeddable":true,"href":"https:\/\/0barreras.com\/en\/wp-json\/wp\/v2\/product_tag?post=2444"}],"curies":[{"name":"wp","href":"https:\/\/api.w.org\/{rel}","templated":true}]}}