{"id":2442,"date":"2024-04-30T09:03:08","date_gmt":"2024-04-30T14:03:08","guid":{"rendered":"https:\/\/0barreras.com\/?post_type=product&#038;p=2442"},"modified":"2024-06-15T06:47:57","modified_gmt":"2024-06-15T11:47:57","slug":"d714-dect-6-0-40-db-telefono-inalambrico-de-baja-vision-con-contestador-automatico","status":"publish","type":"product","link":"https:\/\/0barreras.com\/en\/product\/d714-dect-6-0-40-db-telefono-inalambrico-de-baja-vision-con-contestador-automatico\/","title":{"rendered":"Tel\u00e9fono Inal\u00e1mbrico Clarity\u00ae D714\u2122: Soluciones Auditivas y Visuales en un Gran Valor"},"content":{"rendered":"<p>El tel\u00e9fono inal\u00e1mbrico Clarity\u00ae D714\u2122 representa la pr\u00f3xima generaci\u00f3n de tel\u00e9fonos amplificados de bot\u00f3n grande, ofreciendo soluciones auditivas, visuales y de movilidad en un excelente valor. Con la tecnolog\u00eda auditiva patentada Clarity Power\u2122 y la comunicaci\u00f3n sin interferencias DECT 6.0, escuchar se vuelve f\u00e1cil nuevamente.\u00a0 Este modelo incluye un contestador autom\u00e1tico y una serie de caracter\u00edsticas dise\u00f1adas para mejorar la experiencia auditiva. Minimiza los ruidos de fondo,<br \/>\nelimina la retroalimentaci\u00f3n y la distorsi\u00f3n, y gestiona los sonidos suaves y fuertes para producir claridad. Con una amplificaci\u00f3n del sonido entrante de hasta 40 dB y 4 configuraciones de tono, puede personalizar su experiencia auditiva seg\u00fan sus necesidades.<\/p>\n<p>El teclado retroiluminado con n\u00fameros de alto contraste es f\u00e1cil de ver, y las teclas contorneadas con material suave al tacto brindan comodidad adicional.<br \/>\nLa pantalla de identificaci\u00f3n de llamadas de alto contraste y el altavoz para conversaciones con manos libres mejoran la accesibilidad. Adem\u00e1s, cuenta con 10 botones de marcaci\u00f3n r\u00e1pida, un directorio telef\u00f3nico de 100 nombres\/n\u00fameros y 20 memorias de rellamada del \u00faltimo n\u00famero.<\/p>\n<p>El tel\u00e9fono es ampliable hasta 5 dispositivos y ofrece un timbre visual brillante en el teclado y la pantalla CID. Tambi\u00e9n tiene conexi\u00f3n directa a dispositivos de asistencia auditiva o auriculares (2,5 mm), lo que lo hace vers\u00e1til y accesible.<\/p>","protected":false},"excerpt":{"rendered":"<p>El tel\u00e9fono inal\u00e1mbrico Clarity\u00ae D714\u2122 ofrece soluciones auditivas, visuales y de movilidad en un gran valor. Con tecnolog\u00eda auditiva patentada, amplificaci\u00f3n de hasta 40 dB y caracter\u00edsticas de comodidad como teclado retroiluminado y altavoz manos libres.<\/p>","protected":false},"featured_media":2443,"comment_status":"open","ping_status":"closed","template":"","meta":[],"product_cat":[18,146,145,21,22,144,213,210],"product_tag":[],"class_list":["post-2442","product","type-product","status-publish","has-post-thumbnail","hentry","product_cat-baja-vision","product_cat-clarity","product_cat-contestadoras","product_cat-diversidad-auditiva","product_cat-diversidad-visual","product_cat-telefonos","product_cat-telefonos-inalambricos-telefonos-y-accesorios-amplificados","product_cat-telefonos-y-accesorios-amplificados"],"_links":{"self":[{"href":"https:\/\/0barreras.com\/en\/wp-json\/wp\/v2\/product\/2442","targetHints":{"allow":["GET"]}}],"collection":[{"href":"https:\/\/0barreras.com\/en\/wp-json\/wp\/v2\/product"}],"about":[{"href":"https:\/\/0barreras.com\/en\/wp-json\/wp\/v2\/types\/product"}],"replies":[{"embeddable":true,"href":"https:\/\/0barreras.com\/en\/wp-json\/wp\/v2\/comments?post=2442"}],"version-history":[{"count":1,"href":"https:\/\/0barreras.com\/en\/wp-json\/wp\/v2\/product\/2442\/revisions"}],"predecessor-version":[{"id":2591,"href":"https:\/\/0barreras.com\/en\/wp-json\/wp\/v2\/product\/2442\/revisions\/2591"}],"wp:featuredmedia":[{"embeddable":true,"href":"https:\/\/0barreras.com\/en\/wp-json\/wp\/v2\/media\/2443"}],"wp:attachment":[{"href":"https:\/\/0barreras.com\/en\/wp-json\/wp\/v2\/media?parent=2442"}],"wp:term":[{"taxonomy":"product_cat","embeddable":true,"href":"https:\/\/0barreras.com\/en\/wp-json\/wp\/v2\/product_cat?post=2442"},{"taxonomy":"product_tag","embeddable":true,"href":"https:\/\/0barreras.com\/en\/wp-json\/wp\/v2\/product_tag?post=2442"}],"curies":[{"name":"wp","href":"https:\/\/api.w.org\/{rel}","templated":true}]}}