{"id":2430,"date":"2024-04-30T08:55:35","date_gmt":"2024-04-30T13:55:35","guid":{"rendered":"https:\/\/0barreras.com\/?post_type=product&#038;p=2430"},"modified":"2024-05-05T08:39:25","modified_gmt":"2024-05-05T13:39:25","slug":"luz-led-recargable-plegable-y-portatil","status":"publish","type":"product","link":"https:\/\/0barreras.com\/en\/product\/luz-led-recargable-plegable-y-portatil\/","title":{"rendered":"L\u00e1mpara Recargable Port\u00e1til: Lleva la Luz Natural a Donde Vayas"},"content":{"rendered":"<p>Lleva la luz natural contigo dondequiera que vayas con esta l\u00e1mpara recargable port\u00e1til de estilo delgado. Con una autonom\u00eda de hasta 6 horas, esta l\u00e1mpara te ofrece luz port\u00e1til inal\u00e1mbrica para iluminar tus momentos en cualquier lugar. Su dise\u00f1o liviano y plegable se puede plegar f\u00e1cilmente y guardar en una bolsa, lo que la hace perfecta para llevar a un restaurante local, biblioteca o noche de juegos. Viene con un cable USB para facilitar la carga, lo que te permite cargar la l\u00e1mpara a trav\u00e9s del puerto USB o un adaptador USB (no incluido). Con una bombilla de luz diurna de 6,000K, esta l\u00e1mpara proporciona una salida de 120 l\u00famenes y cuenta con un atenuador de 3 pasos para ajustar la intensidad de la luz seg\u00fan tus necesidades. Con una altura de 11&#8243; y un peso<br \/>\nde 1 libra, es compacta y f\u00e1cil de transportar.<\/p>","protected":false},"excerpt":{"rendered":"<p>Esta l\u00e1mpara recargable port\u00e1til ofrece luz natural dondequiera que vayas. Con autonom\u00eda de hasta 6 horas y un dise\u00f1o liviano y plegable, es perfecta para llevar contigo. Equipada con una bombilla de luz diurna de 6,000K, salida de 120 l\u00famenes y atenuador de 3 pasos.<\/p>","protected":false},"featured_media":2435,"comment_status":"open","ping_status":"closed","template":"","meta":[],"product_cat":[18,138,22,143,134],"product_tag":[],"class_list":["post-2430","product","type-product","status-publish","has-post-thumbnail","hentry","product_cat-baja-vision","product_cat-daylight","product_cat-diversidad-visual","product_cat-lamparas-de-trabajo","product_cat-lamparas-e-iluminacion"],"_links":{"self":[{"href":"https:\/\/0barreras.com\/en\/wp-json\/wp\/v2\/product\/2430","targetHints":{"allow":["GET"]}}],"collection":[{"href":"https:\/\/0barreras.com\/en\/wp-json\/wp\/v2\/product"}],"about":[{"href":"https:\/\/0barreras.com\/en\/wp-json\/wp\/v2\/types\/product"}],"replies":[{"embeddable":true,"href":"https:\/\/0barreras.com\/en\/wp-json\/wp\/v2\/comments?post=2430"}],"version-history":[{"count":1,"href":"https:\/\/0barreras.com\/en\/wp-json\/wp\/v2\/product\/2430\/revisions"}],"predecessor-version":[{"id":2587,"href":"https:\/\/0barreras.com\/en\/wp-json\/wp\/v2\/product\/2430\/revisions\/2587"}],"wp:featuredmedia":[{"embeddable":true,"href":"https:\/\/0barreras.com\/en\/wp-json\/wp\/v2\/media\/2435"}],"wp:attachment":[{"href":"https:\/\/0barreras.com\/en\/wp-json\/wp\/v2\/media?parent=2430"}],"wp:term":[{"taxonomy":"product_cat","embeddable":true,"href":"https:\/\/0barreras.com\/en\/wp-json\/wp\/v2\/product_cat?post=2430"},{"taxonomy":"product_tag","embeddable":true,"href":"https:\/\/0barreras.com\/en\/wp-json\/wp\/v2\/product_tag?post=2430"}],"curies":[{"name":"wp","href":"https:\/\/api.w.org\/{rel}","templated":true}]}}