{"id":2385,"date":"2024-04-30T08:33:39","date_gmt":"2024-04-30T13:33:39","guid":{"rendered":"https:\/\/0barreras.com\/?post_type=product&#038;p=2385"},"modified":"2024-05-05T07:19:37","modified_gmt":"2024-05-05T12:19:37","slug":"lampara-led-tricolor-de-daylight","status":"publish","type":"product","link":"https:\/\/0barreras.com\/en\/product\/lampara-led-tricolor-de-daylight\/","title":{"rendered":"L\u00e1mpara de Escritorio LED Daylight Tricolor: Versatilidad y Precisi\u00f3n en la Iluminaci\u00f3n"},"content":{"rendered":"<p>La l\u00e1mpara de escritorio LED Daylight Tricolor ofrece una versatilidad incomparable con su selecci\u00f3n de 3 temperaturas de color Kelvin diferentes. Puedes elegir entre una luz amarilla c\u00e1lida (2,700K), una luz fr\u00eda (4,000K) o un color de luz diurna (6,000K), permiti\u00e9ndote utilizar el tono de luz que sea m\u00e1s c\u00f3modo para tu vista en cualquier momento del d\u00eda. Su pantalla de 6,5&#8243; de di\u00e1metro difunde uniformemente la luz, garantizando una distribuci\u00f3n excepcional sin sombras molestas. Adem\u00e1s, est\u00e1 dise\u00f1ada con interruptores audaces y visibles, lo que la hace f\u00e1cil de usar y operar, incluso para personas con discapacidad<br \/>\nvisual.\u00a0 Con una potente fuente de luz LED que ofrece una salida de lux de 3.500 a 12&#8243; y un brillo de 1.000 l\u00famenes, esta l\u00e1mpara proporciona una iluminaci\u00f3n potente y de alta calidad para tus necesidades de escritorio. Con un CRI de m\u00e1s de 95, esta l\u00e1mpara garantiza que veas los colores con precisi\u00f3n en cualquier momento del d\u00eda o de la noche. Con caracter\u00edsticas t\u00e9cnicas impresionantes, como un consumo de energ\u00eda de 15W, un alcance m\u00e1ximo de 22&#8243;, un peso de producto<br \/>\nde 4,4 lb y una longitud de cable de 59&#8243;, esta l\u00e1mpara es una opci\u00f3n excepcional para mejorar tu experiencia de iluminaci\u00f3n. Adem\u00e1s, viene con una garant\u00eda del fabricante de 2 a\u00f1os para tu tranquilidad.<\/p>","protected":false},"excerpt":{"rendered":"<p>La l\u00e1mpara de escritorio LED Daylight Tricolor ofrece 3 temperaturas de color Kelvin para adaptarse a tus necesidades. Pantalla de 6,5&#8243; para una distribuci\u00f3n uniforme de la luz. Interruptores audaces y visibles para una f\u00e1cil operaci\u00f3n, incluso para personas con discapacidad visual. Potente fuente de luz LED con alta precisi\u00f3n de color.<\/p>","protected":false},"featured_media":2389,"comment_status":"open","ping_status":"closed","template":"","meta":[],"product_cat":[18,138,22,143,134],"product_tag":[],"class_list":["post-2385","product","type-product","status-publish","has-post-thumbnail","hentry","product_cat-baja-vision","product_cat-daylight","product_cat-diversidad-visual","product_cat-lamparas-de-trabajo","product_cat-lamparas-e-iluminacion"],"_links":{"self":[{"href":"https:\/\/0barreras.com\/en\/wp-json\/wp\/v2\/product\/2385","targetHints":{"allow":["GET"]}}],"collection":[{"href":"https:\/\/0barreras.com\/en\/wp-json\/wp\/v2\/product"}],"about":[{"href":"https:\/\/0barreras.com\/en\/wp-json\/wp\/v2\/types\/product"}],"replies":[{"embeddable":true,"href":"https:\/\/0barreras.com\/en\/wp-json\/wp\/v2\/comments?post=2385"}],"version-history":[{"count":1,"href":"https:\/\/0barreras.com\/en\/wp-json\/wp\/v2\/product\/2385\/revisions"}],"predecessor-version":[{"id":2575,"href":"https:\/\/0barreras.com\/en\/wp-json\/wp\/v2\/product\/2385\/revisions\/2575"}],"wp:featuredmedia":[{"embeddable":true,"href":"https:\/\/0barreras.com\/en\/wp-json\/wp\/v2\/media\/2389"}],"wp:attachment":[{"href":"https:\/\/0barreras.com\/en\/wp-json\/wp\/v2\/media?parent=2385"}],"wp:term":[{"taxonomy":"product_cat","embeddable":true,"href":"https:\/\/0barreras.com\/en\/wp-json\/wp\/v2\/product_cat?post=2385"},{"taxonomy":"product_tag","embeddable":true,"href":"https:\/\/0barreras.com\/en\/wp-json\/wp\/v2\/product_tag?post=2385"}],"curies":[{"name":"wp","href":"https:\/\/api.w.org\/{rel}","templated":true}]}}