{"id":2365,"date":"2024-04-30T08:20:17","date_gmt":"2024-04-30T13:20:17","guid":{"rendered":"https:\/\/0barreras.com\/?post_type=product&#038;p=2365"},"modified":"2024-05-04T18:45:35","modified_gmt":"2024-05-04T23:45:35","slug":"bombilla-de-tubo-de-color-verdadero-de-13-vatios-para-ottlites","status":"publish","type":"product","link":"https:\/\/0barreras.com\/en\/product\/bombilla-de-tubo-de-color-verdadero-de-13-vatios-para-ottlites\/","title":{"rendered":"Bombillas Ott de 13 vatios: La Luz M\u00e1s Cercana a la Naturalidad Solar"},"content":{"rendered":"<p>Las bombillas inventadas por el Dr. John Ott son una bombilla especial que emite un espectro de luz muy similar al de la luz solar natural, lo que permite ver los objetos y los colores con la menor distorsi\u00f3n posible.<\/p>\n<ul>\n<li style=\"list-style-type: none\">\n<ul>\n<li>Protege contra la radiaci\u00f3n cat\u00f3dica: Tiene\u00a0\u00a0\u00a0 un filtro que bloquea las ondas electromagn\u00e9ticas nocivas que emiten los aparatos electr\u00f3nicos como los televisores, los ordenadores o los tel\u00e9fonos m\u00f3viles. Estas ondas pueden afectar al sistema nervioso, al sistema inmunol\u00f3gico y al sistema endocrino, provocando estr\u00e9s, fatiga, insomnio, alergias, depresi\u00f3n y otras dolencias.<\/li>\n<\/ul>\n<\/li>\n<li>Ahorra energ\u00eda: Consume menos electricidad que las bombillas convencionales, lo que supone un ahorro econ\u00f3mico y una reducci\u00f3n de la huella ecol\u00f3gica. Adem\u00e1s, al producir poco calor, no contribuye al calentamiento global ni al sobrecalentamiento de los espacios.\n<ul>\n<li style=\"list-style-type: none\">\n<ul>\n<li style=\"list-style-type: none\">\n<ul>\n<li style=\"list-style-type: none\">\n<ul>\n<li style=\"list-style-type: none\">\n<ul>\n<li>Mejora la visi\u00f3n: Permite ver los colores con mayor fidelidad y nitidez, lo que mejora la calidad de la imagen y la sensaci\u00f3n de bienestar. Tambi\u00e9n evita el deslumbramiento y la fatiga visual, que pueden causar dolores de cabeza, irritaci\u00f3n, sequedad y p\u00e9rdida de agudeza visual.<\/li>\n<\/ul>\n<\/li>\n<\/ul>\n<\/li>\n<\/ul>\n<\/li>\n<\/ul>\n<\/li>\n<\/ul>\n<\/li>\n<\/ul>","protected":false},"excerpt":{"rendered":"<p>Las bombillas dise\u00f1adas por el Dr. John Ott son aclamadas como la luz m\u00e1s cercana a la naturalidad del sol. Proporcionan una iluminaci\u00f3n excepcional con m\u00ednima distorsi\u00f3n y ofrecen protecci\u00f3n contra la radiaci\u00f3n cat\u00f3dica. Adem\u00e1s, son eficientes en energ\u00eda, producen poco calor y ofrecen una iluminaci\u00f3n brillante sin deslumbramiento.<\/p>","protected":false},"featured_media":2366,"comment_status":"open","ping_status":"closed","template":"","meta":[],"product_cat":[18,142,22,134,139],"product_tag":[],"class_list":["post-2365","product","type-product","status-publish","has-post-thumbnail","hentry","product_cat-baja-vision","product_cat-bombillas","product_cat-diversidad-visual","product_cat-lamparas-e-iluminacion","product_cat-ottlite"],"_links":{"self":[{"href":"https:\/\/0barreras.com\/en\/wp-json\/wp\/v2\/product\/2365","targetHints":{"allow":["GET"]}}],"collection":[{"href":"https:\/\/0barreras.com\/en\/wp-json\/wp\/v2\/product"}],"about":[{"href":"https:\/\/0barreras.com\/en\/wp-json\/wp\/v2\/types\/product"}],"replies":[{"embeddable":true,"href":"https:\/\/0barreras.com\/en\/wp-json\/wp\/v2\/comments?post=2365"}],"version-history":[{"count":1,"href":"https:\/\/0barreras.com\/en\/wp-json\/wp\/v2\/product\/2365\/revisions"}],"predecessor-version":[{"id":2565,"href":"https:\/\/0barreras.com\/en\/wp-json\/wp\/v2\/product\/2365\/revisions\/2565"}],"wp:featuredmedia":[{"embeddable":true,"href":"https:\/\/0barreras.com\/en\/wp-json\/wp\/v2\/media\/2366"}],"wp:attachment":[{"href":"https:\/\/0barreras.com\/en\/wp-json\/wp\/v2\/media?parent=2365"}],"wp:term":[{"taxonomy":"product_cat","embeddable":true,"href":"https:\/\/0barreras.com\/en\/wp-json\/wp\/v2\/product_cat?post=2365"},{"taxonomy":"product_tag","embeddable":true,"href":"https:\/\/0barreras.com\/en\/wp-json\/wp\/v2\/product_tag?post=2365"}],"curies":[{"name":"wp","href":"https:\/\/api.w.org\/{rel}","templated":true}]}}