{"id":2359,"date":"2024-04-30T08:17:32","date_gmt":"2024-04-30T13:17:32","guid":{"rendered":"https:\/\/0barreras.com\/?post_type=product&#038;p=2359"},"modified":"2024-05-04T12:54:51","modified_gmt":"2024-05-04T17:54:51","slug":"50-100-150-vatios-bombilla-chromalux-esmerilada-de-3-vias","status":"publish","type":"product","link":"https:\/\/0barreras.com\/en\/product\/50-100-150-vatios-bombilla-chromalux-esmerilada-de-3-vias\/","title":{"rendered":"Bombillas Chromalux 50-100-150 vatios: Iluminaci\u00f3n Especializada para Personas con Baja Visi\u00f3n"},"content":{"rendered":"<p>La luz Chromalux realza los colores y detalles, proporcionando una experiencia visual mejorada y m\u00e1s c\u00f3moda. Adem\u00e1s, estas bombillas son altamente eficientes y tienen una vida \u00fatil excepcionalmente larga, aproximadamente el doble de la esperanza de vida de las bombillas equivalentes ordinarias. Esto significa menos cambios de bombillas y m\u00e1s tiempo disfrutando de una iluminaci\u00f3n de calidad.<br \/>\nYa sea que necesites iluminaci\u00f3n para leer, trabajar o realizar actividades cotidianas, las bombillas Chromalux son una opci\u00f3n confiable y efectiva para mejorar tu entorno visual y tu calidad de vida.<\/p>","protected":false},"excerpt":{"rendered":"<p>Las bombillas Chromalux, recomendadas por especialistas en baja visi\u00f3n y la Asociaci\u00f3n Nacional para Discapacitados Visuales, ofrecen una iluminaci\u00f3n excepcionalmente dise\u00f1ada para mejorar la percepci\u00f3n visual. Filtran los rayos amarillos, realzan los colores y texturas originales, y son altamente eficientes con una larga vida \u00fatil, proporcionando una iluminaci\u00f3n de calidad superior.<\/p>","protected":false},"featured_media":2360,"comment_status":"open","ping_status":"closed","template":"","meta":[],"product_cat":[18,142,22,134],"product_tag":[],"class_list":["post-2359","product","type-product","status-publish","has-post-thumbnail","hentry","product_cat-baja-vision","product_cat-bombillas","product_cat-diversidad-visual","product_cat-lamparas-e-iluminacion"],"_links":{"self":[{"href":"https:\/\/0barreras.com\/en\/wp-json\/wp\/v2\/product\/2359","targetHints":{"allow":["GET"]}}],"collection":[{"href":"https:\/\/0barreras.com\/en\/wp-json\/wp\/v2\/product"}],"about":[{"href":"https:\/\/0barreras.com\/en\/wp-json\/wp\/v2\/types\/product"}],"replies":[{"embeddable":true,"href":"https:\/\/0barreras.com\/en\/wp-json\/wp\/v2\/comments?post=2359"}],"version-history":[{"count":1,"href":"https:\/\/0barreras.com\/en\/wp-json\/wp\/v2\/product\/2359\/revisions"}],"predecessor-version":[{"id":2562,"href":"https:\/\/0barreras.com\/en\/wp-json\/wp\/v2\/product\/2359\/revisions\/2562"}],"wp:featuredmedia":[{"embeddable":true,"href":"https:\/\/0barreras.com\/en\/wp-json\/wp\/v2\/media\/2360"}],"wp:attachment":[{"href":"https:\/\/0barreras.com\/en\/wp-json\/wp\/v2\/media?parent=2359"}],"wp:term":[{"taxonomy":"product_cat","embeddable":true,"href":"https:\/\/0barreras.com\/en\/wp-json\/wp\/v2\/product_cat?post=2359"},{"taxonomy":"product_tag","embeddable":true,"href":"https:\/\/0barreras.com\/en\/wp-json\/wp\/v2\/product_tag?post=2359"}],"curies":[{"name":"wp","href":"https:\/\/api.w.org\/{rel}","templated":true}]}}